{"id":1459,"date":"2026-01-14T14:27:30","date_gmt":"2026-01-14T14:27:30","guid":{"rendered":"https:\/\/themanekispin.com\/login-and-registration\/"},"modified":"2026-01-15T08:54:59","modified_gmt":"2026-01-15T08:54:59","slug":"logowanie-i-rejestracja","status":"publish","type":"page","link":"https:\/\/themanekispin.com\/pl\/logowanie-i-rejestracja\/","title":{"rendered":"Logowanie i rejestracja"},"content":{"rendered":"<h1>Logowanie i rejestracja konta ManekiSpin<\/h1>\n<p>ManekiSpin login zapewnia wygodny dost\u0119p do kompleksowego systemu gier online dla polskich graczy, kt\u00f3rzy chc\u0105 czu\u0107 si\u0119 bezpiecznie, dobrze si\u0119 bawi\u0107 i mie\u0107 dost\u0119p do r\u00f3\u017cnorodnych gier. Po rejestracji u\u017cytkownik uzyskuje dost\u0119p do szerokiej gamy gier kasynowych. Ka\u017cdy mo\u017ce wygodnie zarz\u0105dza\u0107 swoim kontem i korzysta\u0107 z ekskluzywnych bonus\u00f3w. Nasza strona ma nowoczesny wygl\u0105d, dzi\u0119ki czemu ka\u017cda sesja gry jest komfortowa i wygodna.<\/p>\n<p><div class=\"banner-wrap\" aria-label=\"Banner\"><img src=\"https:\/\/themanekispin.com\/wp-content\/uploads\/2026\/01\/Manekispin-banner-carousel-800\u0445400-6.webp\" class=\"w-100 d-none d-lg-block img-pc main-banner-img\" alt=\"Manekispin banner desktop\" fetchpriority=\"high\" decoding=\"async\"><img src=\"https:\/\/themanekispin.com\/wp-content\/uploads\/2026\/01\/Manekispin-mobile-banner.webp\" class=\"w-100 d-none d-md-block d-lg-none main-banner-img\" alt=\"Manekispin mobile banner\" fetchpriority=\"high\" decoding=\"async\"><img src=\"https:\/\/themanekispin.com\/wp-content\/uploads\/2026\/01\/Manekispin-mobile-banner.webp\" class=\"w-100 d-md-none\" alt=\"Manekispin mobile banner\" fetchpriority=\"high\" decoding=\"async\"><div class=\"banner-description\">\n<div class=\"banner-title\">Bonusy powitalne<\/div>\n<p class=\"banner-header-title\">1500 \u20ac<\/p>\n<div class=\"banner-header-AdditionalText\">+ 250 Darmowe spiny<\/div>\n<button data-item=\"homepage_banner_link\" class=\"goto m-button m-gradient-border m-button--primary m-button--large banner-button btn-orange\">\n            <div class=\"m-button-content\">\n                <span>Zarejestruj si\u0119 teraz<\/span>\n                <span><\/span>\n            <\/div>\n        <\/button>\n<\/div>\n<div class=\"WelcomePack\">\n<p><img loading=\"lazy\" decoding=\"async\" class=\"alignnone size-full wp-image-1329\" src=\"https:\/\/themanekispin.com\/wp-content\/uploads\/2026\/01\/welcome-crown.svg\" alt=\"crown\" width=\"25\" height=\"26\" \/><\/p>\n<div class=\"WelcomePack-Info\">Cotygodniowy zwrot got\u00f3wki do 25%<\/div>\n<p><img loading=\"lazy\" decoding=\"async\" class=\"alignnone size-full wp-image-1329\" src=\"https:\/\/themanekispin.com\/wp-content\/uploads\/2026\/01\/welcome-crown.svg\" alt=\"crown\" width=\"25\" height=\"26\" \/><\/p>\n<\/div>\n<\/div><div class=\"scrollable-content-wrap my-5\"><div class=\"scrollable-content-inner\"><h2>Rejestracja nowego u\u017cytkownika w Maneki Spin Casino<\/h2>\n<p>Ju\u017c pierwsze zalogowanie si\u0119 do ManekiSpin otworzy przed Tob\u0105 \u015bwiat niesko\u0144czonych mo\u017cliwo\u015bci! Rejestruj\u0105c si\u0119 w ManekiSpin Casino, u\u017cytkownicy nie przegapi\u0105 \u017cadnej okazji, aby odkry\u0107 pe\u0142en potencja\u0142 naszej platformy i uzyska\u0107 dost\u0119p do bogatej biblioteki gier, bezpiecznych opcji bankowych i ekskluzywnych bonus\u00f3w. Pierwsz\u0105 rzecz\u0105, kt\u00f3r\u0105 nale\u017cy zrobi\u0107, aby cieszy\u0107 si\u0119 wszystkim, co mamy do zaoferowania, jest utworzenie konta, wraz ze wszystkimi korzy\u015bciami, kt\u00f3re si\u0119 z tym wi\u0105\u017c\u0105, takimi jak osobiste zarz\u0105dzanie kontem, udzia\u0142 w turniejach i zdobywanie nagr\u00f3d lojalno\u015bciowych.<\/p>\n<h2>Za\u0142\u00f3\u017c konto<\/h2>\n<p>Rejestracja w ManekiSpin Casino jest bardzo prosta \u2013 wystarczy tylko po raz pierwszy zalogowa\u0107 si\u0119 do ManekiSpin. Jak to zrobi\u0107? To proste! Oto instrukcja:<\/p>\n<ol>\n<li>Znajd\u017a przycisk \u201eZarejestruj si\u0119\u201d w kasynie ManekiSpin, kt\u00f3ry jest widoczny na stronie g\u0142\u00f3wnej.<\/li>\n<li>Wype\u0142nij formularz rejestracyjny, podaj\u0105c prawid\u0142owe dane osobowe, adres e-mail i imi\u0119 i nazwisko. (W p\u00f3\u017aniejszym czasie mo\u017cesz doda\u0107 wi\u0119cej danych osobowych).<\/li>\n<li>U\u017cyj silnego has\u0142a do swojego konta.<\/li>\n<li>Wyra\u017cam zgod\u0119 na Warunki i Polityk\u0119 prywatno\u015bci (zaznacz).<\/li>\n<li>\u015aled\u017a aktualno\u015bci lub wybierz partner\u00f3w (zaznacz pole).<\/li>\n<li>Zako\u0144cz rejestracj\u0119, korzystaj\u0105c z wiadomo\u015bci e-mail z linkiem weryfikacyjnym, kt\u00f3ra zostanie wys\u0142ana na podany adres.<\/li>\n<li>Po weryfikacji Twoje konto zostanie aktywowane i b\u0119dziesz m\u00f3g\u0142 zalogowa\u0107 si\u0119 do serwisu ManekiSpin, aby rozpocz\u0105\u0107 odkrywanie wszystkich dost\u0119pnych funkcji.<\/li>\n<\/ol>\n<p>Ta szybka rejestracja zapewni Ci mo\u017cliwo\u015b\u0107 natychmiastowego rozpocz\u0119cia gry, a jednocze\u015bnie zgodno\u015b\u0107 z normami prawnymi i bezpiecze\u0144stwa.<\/p>\n<h2>Korzystanie z konta ManekiSpin Casino<\/h2>\n<p>Konto Maneki Spin jest \u0142atwe do zalogowania i zapewnia bezpiecze\u0144stwo gry. Post\u0119puj zgodnie z poni\u017cszymi instrukcjami:<\/p>\n<ol>\n<li>Znajd\u017a obszar Logowanie do Manekispin, kt\u00f3ry znajduje si\u0119 w prawym g\u00f3rnym rogu strony g\u0142\u00f3wnej.<\/li>\n<li>Wpisz zarejestrowany adres e-mail i has\u0142o.<\/li>\n<li>Aby zalogowa\u0107 si\u0119 na swoje konto Manekispin, nale\u017cy klikn\u0105\u0107 przycisk Manekispin login.<\/li>\n<\/ol>\n<p>Po zalogowaniu si\u0119 do Maneki Spin mo\u017cesz:<\/p>\n<ul>\n<li>Mo\u017cesz bezpiecznie wp\u0142aca\u0107 pieni\u0105dze na swoje konto.<\/li>\n<li>Otrzymuj bonusy i anga\u017cuj si\u0119 w ci\u0105g\u0142\u0105 promocj\u0119.<\/li>\n<li>Kontroluj swoje dane osobowe i informacje bankowe.<\/li>\n<li>Wy\u015bwietl histori\u0119 gry i transakcje.<\/li>\n<li>Mo\u017cesz zastosowa\u0107 dodatkowe \u015brodki bezpiecze\u0144stwa, takie jak uwierzytelnianie dwusk\u0142adnikowe i tym podobne.<\/li>\n<\/ul>\n<p>Platforma b\u0119dzie \u0142atwa w nawigacji, z przyjaznym dla u\u017cytkownika pulpitem nawigacyjnym, kt\u00f3ry umo\u017cliwia p\u0142ynne zarz\u0105dzanie kontem, dzi\u0119ki czemu gra b\u0119dzie przyjemno\u015bci\u0105.<\/p>\n<h3>Zapomnia\u0142e\u015b has\u0142a do Maneki Spin?<\/h3>\n<p>Nie ma problemu \u2014 zdarza si\u0119 nam wszystkim! Je\u015bli zgubi\u0142e\u015b dane logowania do Manekispin i\/lub has\u0142o, najpierw musisz si\u0119 uspokoi\u0107 \u2014 mamy dla Ciebie rozwi\u0105zanie. Wystarczy, \u017ce podasz sw\u00f3j zarejestrowany adres e-mail, a w ci\u0105gu kilku minut wy\u015blemy Ci link do resetowania has\u0142a, kt\u00f3ry musisz otworzy\u0107 (nie martw si\u0119, wszystkie linki od nas s\u0105 bezpieczne). Aby zapewni\u0107 sobie bezpieczne ponowne zalogowanie si\u0119 na swoje konto, post\u0119puj zgodnie z instrukcjami zawartymi w wiadomo\u015bci e-mail i u\u017cyj nowego has\u0142a.<\/p>\n<h3>ManekiSpin Casino weryfikacja konta i bezpiecze\u0144stwo<\/h3>\n<p>Kasyno Manekispin posiada przemy\u015blane zabezpieczenia. Wiemy o tym wszystko i wdra\u017camy najlepsze zabezpieczenia, aby Twoje dane i informacje by\u0142y bezpieczne. Identyfikacja wymaga przedstawienia oficjalnych dokument\u00f3w w celu potwierdzenia Twojej to\u017csamo\u015bci, wieku i adresu. Najcz\u0119\u015bciej s\u0105 to dokumenty to\u017csamo\u015bci wydane przez rz\u0105d, rachunki za media lub wyci\u0105gi bankowe. Proces ten jest konieczny, poniewa\u017c pozwala zapewni\u0107 bezpiecze\u0144stwo \u015brodowiska gry i spe\u0142nia\u0107 wymogi prawne.<\/p>\n<h3>Proces weryfikacji<\/h3>\n<p>Proces weryfikacji Maneki Spin jest r\u00f3wnie\u017c szybki i zazwyczaj trwa do 48 godzin od z\u0142o\u017cenia dokument\u00f3w. Dysponujemy dedykowanym zespo\u0142em wsparcia technicznego, z kt\u00f3rym mo\u017cna skontaktowa\u0107 si\u0119 za po\u015brednictwem czatu na \u017cywo lub poczty elektronicznej. Zesp\u00f3\u0142 ten zapewnia wsparcie podczas procesu weryfikacji, odpowiada na wszelkie pytania i rozwi\u0105zuje ewentualne problemy. Weryfikacj\u0119 najlepiej przeprowadzi\u0107 z wyprzedzeniem, aby unikn\u0105\u0107 op\u00f3\u017anie\u0144 w wyp\u0142atach i zabezpieczy\u0107 swoje konto. Prosimy o jej szybkie przeprowadzenie.<\/p>\n<table>\n<tbody>\n<tr>\n<td>Funkcja bezpiecze\u0144stwa<\/td>\n<td>Opis<\/td>\n<\/tr>\n<tr>\n<td>Proces weryfikacji<\/td>\n<td>Potwierdza to\u017csamo\u015b\u0107 i zapobiega oszustwom<\/td>\n<\/tr>\n<tr>\n<td>Uwierzytelnianie dwusk\u0142adnikowe<\/td>\n<td>Dodaje dodatkow\u0105 warstw\u0119 zabezpiecze\u0144 podczas logowania.<\/td>\n<\/tr>\n<tr>\n<td>Bezpieczne metody p\u0142atno\u015bci<\/td>\n<td>Szyfrowane opcje bankowe dla wp\u0142at i wyp\u0142at<\/td>\n<\/tr>\n<tr>\n<td>Monitorowanie aktywno\u015bci<\/td>\n<td>\u015aledzi aktywno\u015b\u0107 konta pod k\u0105tem podejrzanych zachowa\u0144<\/td>\n<\/tr>\n<\/tbody>\n<\/table>\n<h3>Funkcje bezpiecze\u0144stwa<\/h3>\n<p>Nasze inteligentne zabezpieczenia i pomoc techniczna Manekispin Casino zapewniaj\u0105 wszystkim u\u017cytkownikom jak najszybsze rozwi\u0105zanie ich problem\u00f3w. Zapewniamy wsparcie graczom na ca\u0142ym \u015bwiecie. Rozwi\u0105zujemy nie tylko problemy administracyjne, ale tak\u017ce techniczne, kt\u00f3re mog\u0105 pojawi\u0107 si\u0119 podczas gry. Zawsze przeprowadzamy wielokrotne kontrole i monitorujemy aktywno\u015b\u0107 transakcyjn\u0105, aby zapobiec nieautoryzowanemu dost\u0119powi.<\/p>\n<h2>Cz\u0119sto zadawane pytania<\/h2>\n<h3>Jak zako\u0144czy\u0107 proces weryfikacji konta?<\/h3>\n<p>Aby w pe\u0142ni zweryfikowa\u0107 swoj\u0105 to\u017csamo\u015b\u0107 w Maneki Spin Casino, musisz dostarczy\u0107 prawdziwe dokumenty. Wszystko to mo\u017cesz zrobi\u0107 za po\u015brednictwem swojego panelu u\u017cytkownika. W przypadku konieczno\u015bci uzyskania dodatkowych informacji skontaktujemy si\u0119 z Tob\u0105. Zweryfikuj si\u0119 jak najszybciej, aby m\u00f3c bez problem\u00f3w realizowa\u0107 wyp\u0142aty. Mo\u017cesz r\u00f3wnie\u017c uzyska\u0107 wy\u017cszy poziom bezpiecze\u0144stwa.<\/p>\n<h3>Jak zaktualizowa\u0107 has\u0142o lub adres e-mail?<\/h3>\n<p>Zarz\u0105dzaj swoim kontem za pomoc\u0105 panelu sterowania. W razie potrzeby kliknij przycisk, aby zmieni\u0107 has\u0142o lub adres e-mail. Wprowad\u017a nowe (zaktualizowane) informacje i kliknij, aby potwierdzi\u0107. Aby zapewni\u0107 wi\u0119ksze bezpiecze\u0144stwo, po wprowadzeniu zmian mo\u017cesz potwierdzi\u0107 swoj\u0105 to\u017csamo\u015b\u0107. Unikaj powtarzania tej czynno\u015bci.<\/p>\n<h3>Co mam zrobi\u0107, je\u015bli moje konto Maneki Spin zosta\u0142o zablokowane?<\/h3>\n<p>Powtarzaj\u0105ce si\u0119 nieudane pr\u00f3by zalogowania si\u0119 do Manekispin login lub wielokrotne logowanie si\u0119 i wylogowywanie w ci\u0105gu dnia mog\u0105 spowodowa\u0107, \u017ce b\u0119dziemy mieli wobec Ciebie podejrzenia i tymczasowo zablokujemy Twoje konto oraz \u015brodki. Nie martw si\u0119 jednak \u2013 wystarczy, \u017ce napiszesz do nas e-mail lub skorzystasz z czatu na \u017cywo i wyja\u015bnisz sytuacj\u0119. Sprawdzimy wszystko i odblokujemy Twoje konto, je\u015bli wszystko b\u0119dzie w porz\u0105dku. Przygotuj zrzuty ekranu, poniewa\u017c podanie nam prawid\u0142owych informacji przyspieszy rozwi\u0105zanie sprawy.<\/p>\n<h3>Jak zamkn\u0105\u0107 lub tymczasowo zawiesi\u0107 swoje konto?<\/h3>\n<p>W panelu u\u017cytkownika wybierz opcj\u0119 zawieszenia konta i okre\u015bl, na jak d\u0142ugo zamierzasz je zawiesi\u0107. Mo\u017cliwe jest r\u00f3wnie\u017c trwa\u0142e zamkni\u0119cie konta \u2014 wystarczy post\u0119powa\u0107 zgodnie z wy\u015bwietlanymi instrukcjami, kt\u00f3re poprowadz\u0105 Ci\u0119 przez proces trwa\u0142ego usuni\u0119cia konta. Skorzystaj z naszej wieloj\u0119zycznej pomocy technicznej \u2014 pomagamy r\u00f3wnie\u017c w takich przypadkach. Nasz zesp\u00f3\u0142 gwarantuje przestrzeganie zasad odpowiedzialnej gry.<\/p>\n<\/div><\/div><\/p>\n","protected":false},"excerpt":{"rendered":"<p>Logowanie i rejestracja konta ManekiSpin ManekiSpin login zapewnia wygodny dost\u0119p do kompleksowego systemu gier online dla polskich graczy, kt\u00f3rzy chc\u0105 czu\u0107 si\u0119 bezpiecznie, dobrze si\u0119 bawi\u0107 i mie\u0107 dost\u0119p do r\u00f3\u017cnorodnych gier. Po rejestracji u\u017cytkownik uzyskuje dost\u0119p do szerokiej gamy gier kasynowych. Ka\u017cdy mo\u017ce wygodnie zarz\u0105dza\u0107 swoim kontem i korzysta\u0107 z ekskluzywnych bonus\u00f3w. Nasza strona [&hellip;]<\/p>\n","protected":false},"author":9,"featured_media":0,"parent":0,"menu_order":0,"comment_status":"closed","ping_status":"closed","template":"template-builder.php","meta":{"_acf_changed":false,"inline_featured_image":false,"footnotes":""},"class_list":["post-1459","page","type-page","status-publish","hentry"],"acf":[],"yoast_head":"<!-- This site is optimized with the Yoast SEO plugin v24.4 - https:\/\/yoast.com\/wordpress\/plugins\/seo\/ -->\n<title>Manekispin Logowanie i rejestracja w serwisie<\/title>\n<meta name=\"description\" content=\"Bez wysi\u0142ku tw\u00f3rz, zarz\u0105dzaj i weryfikuj swoje konto w kasynie Manekispin. Ciesz si\u0119 szybk\u0105 rejestracj\u0105, \u0142atwym odzyskiwaniem konta i bezpiecznym zamkni\u0119ciem dzi\u0119ki Manekispin Login, zapewniaj\u0105cym ochron\u0119 Twojego konta przez ca\u0142\u0105 dob\u0119.\" \/>\n<meta name=\"robots\" content=\"index, follow, max-snippet:-1, max-image-preview:large, max-video-preview:-1\" \/>\n<link rel=\"canonical\" href=\"https:\/\/themanekispin.com\/pl\/logowanie-i-rejestracja\/\" \/>\n<meta property=\"og:locale\" content=\"pl_PL\" \/>\n<meta property=\"og:type\" content=\"article\" \/>\n<meta property=\"og:title\" content=\"Manekispin Logowanie i rejestracja w serwisie\" \/>\n<meta property=\"og:description\" content=\"Bez wysi\u0142ku tw\u00f3rz, zarz\u0105dzaj i weryfikuj swoje konto w kasynie Manekispin. Ciesz si\u0119 szybk\u0105 rejestracj\u0105, \u0142atwym odzyskiwaniem konta i bezpiecznym zamkni\u0119ciem dzi\u0119ki Manekispin Login, zapewniaj\u0105cym ochron\u0119 Twojego konta przez ca\u0142\u0105 dob\u0119.\" \/>\n<meta property=\"og:url\" content=\"https:\/\/themanekispin.com\/pl\/logowanie-i-rejestracja\/\" \/>\n<meta property=\"og:site_name\" content=\"manekispin\" \/>\n<meta property=\"article:modified_time\" content=\"2026-01-15T08:54:59+00:00\" \/>\n<meta name=\"twitter:card\" content=\"summary_large_image\" \/>\n<meta name=\"twitter:label1\" content=\"Est. reading time\" \/>\n\t<meta name=\"twitter:data1\" content=\"1 minuta\" \/>\n<script type=\"application\/ld+json\" class=\"yoast-schema-graph\">{\"@context\":\"https:\/\/schema.org\",\"@graph\":[{\"@type\":\"WebPage\",\"@id\":\"https:\/\/themanekispin.com\/pl\/logowanie-i-rejestracja\/\",\"url\":\"https:\/\/themanekispin.com\/pl\/logowanie-i-rejestracja\/\",\"name\":\"Manekispin Logowanie i rejestracja w serwisie\",\"isPartOf\":{\"@id\":\"https:\/\/themanekispin.com\/pl\/#website\"},\"datePublished\":\"2026-01-14T14:27:30+00:00\",\"dateModified\":\"2026-01-15T08:54:59+00:00\",\"description\":\"Bez wysi\u0142ku tw\u00f3rz, zarz\u0105dzaj i weryfikuj swoje konto w kasynie Manekispin. Ciesz si\u0119 szybk\u0105 rejestracj\u0105, \u0142atwym odzyskiwaniem konta i bezpiecznym zamkni\u0119ciem dzi\u0119ki Manekispin Login, zapewniaj\u0105cym ochron\u0119 Twojego konta przez ca\u0142\u0105 dob\u0119.\",\"breadcrumb\":{\"@id\":\"https:\/\/themanekispin.com\/pl\/logowanie-i-rejestracja\/#breadcrumb\"},\"inLanguage\":\"pl-PL\",\"potentialAction\":[{\"@type\":\"ReadAction\",\"target\":[\"https:\/\/themanekispin.com\/pl\/logowanie-i-rejestracja\/\"]}]},{\"@type\":\"BreadcrumbList\",\"@id\":\"https:\/\/themanekispin.com\/pl\/logowanie-i-rejestracja\/#breadcrumb\",\"itemListElement\":[{\"@type\":\"ListItem\",\"position\":1,\"name\":\"Manekispin\",\"item\":\"https:\/\/themanekispin.com\/pl\/\"},{\"@type\":\"ListItem\",\"position\":2,\"name\":\"Logowanie i rejestracja\"}]},{\"@type\":\"WebSite\",\"@id\":\"https:\/\/themanekispin.com\/pl\/#website\",\"url\":\"https:\/\/themanekispin.com\/pl\/\",\"name\":\"Manekispin\",\"description\":\"\",\"publisher\":{\"@id\":\"https:\/\/themanekispin.com\/pl\/#organization\"},\"potentialAction\":[{\"@type\":\"SearchAction\",\"target\":{\"@type\":\"EntryPoint\",\"urlTemplate\":\"https:\/\/themanekispin.com\/pl\/?s={search_term_string}\"},\"query-input\":{\"@type\":\"PropertyValueSpecification\",\"valueRequired\":true,\"valueName\":\"search_term_string\"}}],\"inLanguage\":\"pl-PL\"},{\"@type\":\"Organization\",\"@id\":\"https:\/\/themanekispin.com\/pl\/#organization\",\"name\":\"Manekispin\",\"url\":\"https:\/\/themanekispin.com\/pl\/\",\"logo\":{\"@type\":\"ImageObject\",\"inLanguage\":\"pl-PL\",\"@id\":\"https:\/\/themanekispin.com\/pl\/#\/schema\/logo\/image\/\",\"url\":\"https:\/\/themanekispin.com\/wp-content\/uploads\/2026\/01\/logo.svg\",\"contentUrl\":\"https:\/\/themanekispin.com\/wp-content\/uploads\/2026\/01\/logo.svg\",\"width\":79,\"height\":24,\"caption\":\"Manekispin\"},\"image\":{\"@id\":\"https:\/\/themanekispin.com\/pl\/#\/schema\/logo\/image\/\"}}]}<\/script>\n<!-- \/ Yoast SEO plugin. -->","yoast_head_json":{"title":"Manekispin Logowanie i rejestracja w serwisie","description":"Bez wysi\u0142ku tw\u00f3rz, zarz\u0105dzaj i weryfikuj swoje konto w kasynie Manekispin. Ciesz si\u0119 szybk\u0105 rejestracj\u0105, \u0142atwym odzyskiwaniem konta i bezpiecznym zamkni\u0119ciem dzi\u0119ki Manekispin Login, zapewniaj\u0105cym ochron\u0119 Twojego konta przez ca\u0142\u0105 dob\u0119.","robots":{"index":"index","follow":"follow","max-snippet":"max-snippet:-1","max-image-preview":"max-image-preview:large","max-video-preview":"max-video-preview:-1"},"canonical":"https:\/\/themanekispin.com\/pl\/logowanie-i-rejestracja\/","og_locale":"pl_PL","og_type":"article","og_title":"Manekispin Logowanie i rejestracja w serwisie","og_description":"Bez wysi\u0142ku tw\u00f3rz, zarz\u0105dzaj i weryfikuj swoje konto w kasynie Manekispin. Ciesz si\u0119 szybk\u0105 rejestracj\u0105, \u0142atwym odzyskiwaniem konta i bezpiecznym zamkni\u0119ciem dzi\u0119ki Manekispin Login, zapewniaj\u0105cym ochron\u0119 Twojego konta przez ca\u0142\u0105 dob\u0119.","og_url":"https:\/\/themanekispin.com\/pl\/logowanie-i-rejestracja\/","og_site_name":"manekispin","article_modified_time":"2026-01-15T08:54:59+00:00","twitter_card":"summary_large_image","twitter_misc":{"Est. reading time":"1 minuta"},"schema":{"@context":"https:\/\/schema.org","@graph":[{"@type":"WebPage","@id":"https:\/\/themanekispin.com\/pl\/logowanie-i-rejestracja\/","url":"https:\/\/themanekispin.com\/pl\/logowanie-i-rejestracja\/","name":"Manekispin Logowanie i rejestracja w serwisie","isPartOf":{"@id":"https:\/\/themanekispin.com\/pl\/#website"},"datePublished":"2026-01-14T14:27:30+00:00","dateModified":"2026-01-15T08:54:59+00:00","description":"Bez wysi\u0142ku tw\u00f3rz, zarz\u0105dzaj i weryfikuj swoje konto w kasynie Manekispin. Ciesz si\u0119 szybk\u0105 rejestracj\u0105, \u0142atwym odzyskiwaniem konta i bezpiecznym zamkni\u0119ciem dzi\u0119ki Manekispin Login, zapewniaj\u0105cym ochron\u0119 Twojego konta przez ca\u0142\u0105 dob\u0119.","breadcrumb":{"@id":"https:\/\/themanekispin.com\/pl\/logowanie-i-rejestracja\/#breadcrumb"},"inLanguage":"pl-PL","potentialAction":[{"@type":"ReadAction","target":["https:\/\/themanekispin.com\/pl\/logowanie-i-rejestracja\/"]}]},{"@type":"BreadcrumbList","@id":"https:\/\/themanekispin.com\/pl\/logowanie-i-rejestracja\/#breadcrumb","itemListElement":[{"@type":"ListItem","position":1,"name":"Manekispin","item":"https:\/\/themanekispin.com\/pl\/"},{"@type":"ListItem","position":2,"name":"Logowanie i rejestracja"}]},{"@type":"WebSite","@id":"https:\/\/themanekispin.com\/pl\/#website","url":"https:\/\/themanekispin.com\/pl\/","name":"Manekispin","description":"","publisher":{"@id":"https:\/\/themanekispin.com\/pl\/#organization"},"potentialAction":[{"@type":"SearchAction","target":{"@type":"EntryPoint","urlTemplate":"https:\/\/themanekispin.com\/pl\/?s={search_term_string}"},"query-input":{"@type":"PropertyValueSpecification","valueRequired":true,"valueName":"search_term_string"}}],"inLanguage":"pl-PL"},{"@type":"Organization","@id":"https:\/\/themanekispin.com\/pl\/#organization","name":"Manekispin","url":"https:\/\/themanekispin.com\/pl\/","logo":{"@type":"ImageObject","inLanguage":"pl-PL","@id":"https:\/\/themanekispin.com\/pl\/#\/schema\/logo\/image\/","url":"https:\/\/themanekispin.com\/wp-content\/uploads\/2026\/01\/logo.svg","contentUrl":"https:\/\/themanekispin.com\/wp-content\/uploads\/2026\/01\/logo.svg","width":79,"height":24,"caption":"Manekispin"},"image":{"@id":"https:\/\/themanekispin.com\/pl\/#\/schema\/logo\/image\/"}}]}},"_links":{"self":[{"href":"https:\/\/themanekispin.com\/pl\/wp-json\/wp\/v2\/pages\/1459"}],"collection":[{"href":"https:\/\/themanekispin.com\/pl\/wp-json\/wp\/v2\/pages"}],"about":[{"href":"https:\/\/themanekispin.com\/pl\/wp-json\/wp\/v2\/types\/page"}],"author":[{"embeddable":true,"href":"https:\/\/themanekispin.com\/pl\/wp-json\/wp\/v2\/users\/9"}],"replies":[{"embeddable":true,"href":"https:\/\/themanekispin.com\/pl\/wp-json\/wp\/v2\/comments?post=1459"}],"version-history":[{"count":2,"href":"https:\/\/themanekispin.com\/pl\/wp-json\/wp\/v2\/pages\/1459\/revisions"}],"predecessor-version":[{"id":1764,"href":"https:\/\/themanekispin.com\/pl\/wp-json\/wp\/v2\/pages\/1459\/revisions\/1764"}],"wp:attachment":[{"href":"https:\/\/themanekispin.com\/pl\/wp-json\/wp\/v2\/media?parent=1459"}],"curies":[{"name":"wp","href":"https:\/\/api.w.org\/{rel}","templated":true}]}}