{"id":1420,"date":"2026-01-14T14:23:36","date_gmt":"2026-01-14T14:23:36","guid":{"rendered":"https:\/\/themanekispin.com\/app\/"},"modified":"2026-01-15T08:52:55","modified_gmt":"2026-01-15T08:52:55","slug":"aplikacja","status":"publish","type":"page","link":"https:\/\/themanekispin.com\/pl\/aplikacja\/","title":{"rendered":"Aplikacja"},"content":{"rendered":"<h1>Maneki Spin platforma mobilna<\/h1>\n<p>Innowacyjne Manekispin Casino to rozrywkowa i wygodna platforma do gier z rozbudowan\u0105 Manekispin app, kt\u00f3ra zapewnia polskim graczom do\u017cywotni dost\u0119p do szerokiej gamy gier sto\u0142owych i krupier\u00f3w na \u017cywo. Aplikacja jest inteligentna i koncentruje si\u0119 na wygodzie, bezpiecze\u0144stwie i wysokiej wydajno\u015bci gier. Stworzyli\u015bmy j\u0105 wsp\u00f3lnie z profesjonalnym, wieloj\u0119zycznym zespo\u0142em z my\u015bl\u0105 o urz\u0105dzeniach mobilnych i stacjonarnych. Manekispin gwarantuje graczom najlepsze wra\u017cenia dzi\u0119ki wysokiej jako\u015bci funkcjonalno\u015bci i przyjaznemu dla u\u017cytkownika interfejsowi.<\/p>\n<div class=\"banner-wrap\" aria-label=\"Banner\"><img src=\"https:\/\/themanekispin.com\/wp-content\/uploads\/2026\/01\/Manekispin-banner-carousel-800\u0445400-6.webp\" class=\"w-100 d-none d-lg-block img-pc main-banner-img\" alt=\"Manekispin banner desktop\" fetchpriority=\"high\" decoding=\"async\"><img src=\"https:\/\/themanekispin.com\/wp-content\/uploads\/2026\/01\/Manekispin-mobile-banner.webp\" class=\"w-100 d-none d-md-block d-lg-none main-banner-img\" alt=\"Manekispin mobile banner\" fetchpriority=\"high\" decoding=\"async\"><img src=\"https:\/\/themanekispin.com\/wp-content\/uploads\/2026\/01\/Manekispin-mobile-banner.webp\" class=\"w-100 d-md-none\" alt=\"Manekispin mobile banner\" fetchpriority=\"high\" decoding=\"async\"><div class=\"banner-description\">\n<div class=\"banner-title\">Bonusy powitalne<\/div>\n<p class=\"banner-header-title\">1500 \u20ac<\/p>\n<div class=\"banner-header-AdditionalText\">+ 250 Darmowe spiny<\/div>\n<button data-item=\"homepage_banner_link\" class=\"goto m-button m-gradient-border m-button--primary m-button--large banner-button btn-orange\">\n            <div class=\"m-button-content\">\n                <span>Zarejestruj si\u0119 teraz<\/span>\n                <span><\/span>\n            <\/div>\n        <\/button>\n<\/div>\n<div class=\"WelcomePack\">\n<p><img loading=\"lazy\" decoding=\"async\" class=\"alignnone size-full wp-image-1329\" src=\"https:\/\/themanekispin.com\/wp-content\/uploads\/2026\/01\/welcome-crown.svg\" alt=\"crown\" width=\"25\" height=\"26\" \/><\/p>\n<div class=\"WelcomePack-Info\">Cotygodniowy zwrot got\u00f3wki do 25%<\/div>\n<p><img loading=\"lazy\" decoding=\"async\" class=\"alignnone size-full wp-image-1329\" src=\"https:\/\/themanekispin.com\/wp-content\/uploads\/2026\/01\/welcome-crown.svg\" alt=\"crown\" width=\"25\" height=\"26\" \/><\/p>\n<\/div>\n<\/div>\n<h2>Korzystanie z kasyna Manekispin na urz\u0105dzeniach mobilnych<\/h2>\n<p>Aplikacja Manekispin poprawia wra\u017cenia z gier mobilnych i posiada wiele funkcji, kt\u00f3re sprawiaj\u0105, \u017ce jest lepsza od wersji na komputery PC pod wzgl\u0119dem dost\u0119pno\u015bci i wygody. Aplikacja jest w pe\u0142ni zoptymalizowana do pracy z r\u00f3\u017cnymi urz\u0105dzeniami, co zapewnia \u0142atw\u0105 nawigacj\u0119 i szybkie \u0142adowanie \u2014 a to klucz do nieprzerwanej rozgrywki. Zadbali\u015bmy o wszystkie szczeg\u00f3\u0142y, aby stworzy\u0107 przyjazny dla u\u017cytkownika interfejs. U\u0142atwia on wyb\u00f3r gier, dokonywanie wp\u0142at, a nawet zarz\u0105dzanie kontem z poziomu d\u0142oni.<\/p>\n<p>Aplikacja jest r\u00f3wnie\u017c wszechstronna, a wszyscy gracze Manekispin Casino mog\u0105 korzysta\u0107 z przegl\u0105darek mobilnych i dedykowanych aplikacji bez utraty post\u0119p\u00f3w i informacji o grze. Taka elastyczno\u015b\u0107 zapewnia regularne i przyjemne wra\u017cenia z gry, zar\u00f3wno na tablecie, jak i smartfonie. Czat na \u017cywo i bezpieczne procesy weryfikacji to kolejne funkcje, kt\u00f3re dodatkowo poprawiaj\u0105 komfort u\u017cytkowania, poniewa\u017c oferujemy natychmiastow\u0105 pomoc i zapewniamy bezpiecze\u0144stwo podczas gry.<\/p>\n<p><div class=\"scrollable-content-wrap my-5\"><div class=\"scrollable-content-inner\"><h2>Manekispin aplikacja mobilna na Androida<\/h2>\n<p>Aplikacja Manekispin, kt\u00f3r\u0105 stworzyli\u015bmy dla systemu Android, jest aplikacj\u0105 PWA (ang. Progressive Web Application). Jest prosta, ale ma pot\u0119\u017cne funkcje. Aplikacja Manekispin jest w ca\u0142o\u015bci oparta na przegl\u0105darce, dzi\u0119ki czemu nie wymaga tradycyjnych plik\u00f3w do pobrania i instalacji, co zwi\u0119ksza jej bezpiecze\u0144stwo i wygod\u0119 u\u017cytkowania. Aby korzysta\u0107 z aplikacji Manekispin Casino, wystarczy odwiedzi\u0107 nasz\u0105 stron\u0119 Maneki Spin Casino i przewin\u0105\u0107 w d\u00f3\u0142 do przycisku \u201eCasino App\u201d. \u0141atwo j\u0105 znale\u017a\u0107. Link ten generuje skr\u00f3t na ekranie g\u0142\u00f3wnym, z kt\u00f3rego mo\u017cna \u0142atwo uzyska\u0107 do niej dost\u0119p.<\/p>\n<h3>PWA<\/h3>\n<p>Czym wi\u0119c dok\u0142adnie jest PWA? Aplikacja Manekispin APK nie jest konieczna. Nasza nowa progresywna aplikacja internetowa zapewnia bezpieczne, responsywne i lekkie \u015brodowisko gry. Dzia\u0142a ona r\u00f3wnie\u017c automatycznie. Gracze Manekispin Casino mog\u0105 korzysta\u0107 z najnowszych funkcji i ulepsze\u0144 bezpiecze\u0144stwa bez konieczno\u015bci osobistej aktualizacji. Zmniejsza to ilo\u015b\u0107 zajmowanego miejsca i umo\u017cliwia gr\u0119 offline w rzadkich przypadkach, co zapewnia elastyczno\u015b\u0107 i rozrywk\u0119 bez zak\u0142\u00f3ce\u0144. Otwieranie i korzystanie z bardziej zintegrowanej aplikacji PWA jest znacznie szybsze.<\/p>\n<p><img loading=\"lazy\" decoding=\"async\" src=\"https:\/\/themanekispin.com\/wp-content\/uploads\/2026\/01\/Manekispin-Android-App.webp\" alt=\"Manekispin Android App\" width=\"1248\" height=\"536\" \/><\/p>\n<\/div><\/div><div style=\"clear: both\"><\/div><div class=\"d-flex justify-content-center\"><button data-item=\"decouvrez_link\" data-group=\"website_links\" class=\"goto fw-bold rounded-pill btn btn-orange\" aria-label=\"Pobierz aplikacj\u0119 Manekispin\" >Pobierz aplikacj\u0119 Manekispin<\/button><\/div><div class=\"scrollable-content-wrap my-5\"><div class=\"scrollable-content-inner\"><h2>Manekispin aplikacja mobilna na iOS<\/h2>\n<p>Kasyno Manekispin jest dost\u0119pne dla u\u017cytkownik\u00f3w systemu iOS w przegl\u0105darkach innych firm, takich jak Safari. Nasza integracja jest przyjazna dla urz\u0105dze\u0144 mobilnych i automatycznie dostosowuje si\u0119 do mniejszych ekran\u00f3w, zapewniaj\u0105c wysok\u0105 jako\u015b\u0107 rozgrywki. Aplikacj\u0119 Manekispin mo\u017cna z \u0142atwo\u015bci\u0105 zainstalowa\u0107 na urz\u0105dzeniach z systemem iOS:<\/p>\n<ol>\n<li>Musisz przewin\u0105\u0107 stron\u0119 do samego do\u0142u Manekispin Casino strony g\u0142\u00f3wnej.<\/li>\n<li>Umie\u015b\u0107 ikon\u0119 aplikacji na dole ekranu g\u0142\u00f3wnego.<\/li>\n<li>Przejd\u017a do przycisku instalacji i poczekaj, a\u017c zako\u0144czy si\u0119 \u0142adowanie.<\/li>\n<li>Mi\u0142ego korzystania z aplikacji!<\/li>\n<\/ol>\n<p>Poniewa\u017c aplikacja nie b\u0119dzie dost\u0119pna w App Store, dost\u0119p do niej mo\u017cna uzyska\u0107 wy\u0142\u0105cznie za po\u015brednictwem strony Manekispin Casino. Jednak nadal jest ona bezpieczna. Aplikacja Manekispin obs\u0142uguje wszystkie funkcje. Wersja na komputery stacjonarne oferuje wyb\u00f3r gier, zarz\u0105dzanie kontem i wsparcie poprzez czat na \u017cywo, zapewniaj\u0105c niezawodne i bezpieczne do\u015bwiadczenie na wszystkich urz\u0105dzeniach.<\/p>\n<p><img loading=\"lazy\" decoding=\"async\" src=\"https:\/\/themanekispin.com\/wp-content\/uploads\/2026\/01\/Manekispin-iOS-App.webp\" alt=\"Manekispin iOS App\" width=\"1248\" height=\"536\" \/><\/p>\n<\/div><\/div><div style=\"clear: both\"><\/div><div class=\"d-flex justify-content-center\"><button data-item=\"decouvrez_link\" data-group=\"website_links\" class=\"goto fw-bold rounded-pill btn btn-orange\" aria-label=\"Pobierz Manekispin\" >Pobierz Manekispin<\/button><\/div><div class=\"scrollable-content-wrap my-5\"><div class=\"scrollable-content-inner\"><h2>Aplikacje dla system\u00f3w Windows i macOS<\/h2>\n<p>Kasyno Manekispin oferuje r\u00f3wnie\u017c interfejs na komputery stacjonarne z systemami Windows i macOS! Nasi u\u017cytkownicy s\u0105 zachwyceni mo\u017cliwo\u015bci\u0105 grania w swoje ulubione gry kasynowe na wi\u0119kszych ekranach. Dost\u0119p do niego mo\u017cna uzyska\u0107 za pomoc\u0105 dowolnej przegl\u0105darki, w tym Chrome, Edge, Safari lub Firefox, w najnowszych wersjach. Posiada skr\u00f3ty, kt\u00f3re umo\u017cliwiaj\u0105 graczom \u0142atwy dost\u0119p do strony, a tak\u017ce skracaj\u0105 czas potrzebny na zalogowanie si\u0119. Jak utworzy\u0107 skr\u00f3t?<\/p>\n<table>\n<tbody>\n<tr>\n<td>Platforma<\/td>\n<td>Jak utworzy\u0107 skr\u00f3t<\/td>\n<td>Uwagi<\/td>\n<\/tr>\n<tr>\n<td>Okna<\/td>\n<td>Otw\u00f3rz przegl\u0105dark\u0119, wejd\u017a na stron\u0119 Manekispin, wybierz opcje menu i wybierz \u201eDodaj do pulpitu\u201d.<\/td>\n<td>Nie jest potrzebne \u017cadne dodatkowe oprogramowanie; upraszcza to dost\u0119p.<\/td>\n<\/tr>\n<tr>\n<td>macOS<\/td>\n<td>U\u017cyj przegl\u0105darki Safari lub Chrome, przejd\u017a do strony, a nast\u0119pnie wybierz \u201ePlik\u201d &gt; \u201eDodaj do Docku\u201d.<\/td>\n<td>Nie wymaga skomplikowanej konfiguracji; zachowuje wszystkie funkcje pulpitu.<\/td>\n<\/tr>\n<\/tbody>\n<\/table>\n<p>Wszystkie funkcje, takie jak proces weryfikacji i kontrole bezpiecze\u0144stwa, s\u0105 wymagane w przypadku wyp\u0142at. W ten spos\u00f3b zapewniamy bezpiecze\u0144stwo i zgodno\u015b\u0107 na wszystkich urz\u0105dzeniach na platformie desktopowej.<\/p>\n<p><img loading=\"lazy\" decoding=\"async\" src=\"https:\/\/themanekispin.com\/wp-content\/uploads\/2026\/01\/Manekispin-Desktop.webp\" alt=\"Manekispin Desktop\" width=\"1248\" height=\"536\" \/><\/p>\n<\/div><\/div><div style=\"clear: both\"><\/div><div class=\"d-flex justify-content-center\"><button data-item=\"decouvrez_link\" data-group=\"website_links\" class=\"goto fw-bold rounded-pill btn btn-orange\" aria-label=\"Pobierz aplikacj\u0119 Manekispin\" >Pobierz aplikacj\u0119 Manekispin<\/button><\/div><div class=\"scrollable-content-wrap my-5\"><div class=\"scrollable-content-inner\"><h2>Cz\u0119sto zadawane pytania<\/h2>\n<h3>Czy do korzystania z aplikacji Maneki Spin konieczne jest utworzenie konta?<\/h3>\n<p>Odpowied\u017a brzmi: tak! Aby w pe\u0142ni cieszy\u0107 si\u0119 gr\u0105 na atrakcyjnych automatach online i grach sto\u0142owych, wa\u017cne jest, aby dokona\u0107 wp\u0142aty i zweryfikowa\u0107 zarejestrowane konto. Rejestracja na stronie nie jest skomplikowana. Nasi gracze mog\u0105 w kr\u00f3tkim czasie utworzy\u0107 swoje profile i rozpocz\u0105\u0107 gr\u0119.<\/p>\n<h3>Czy aplikacja Maneki Spin Casino oferuje obs\u0142ug\u0119 klienta?<\/h3>\n<p>Z pewno\u015bci\u0105 mamy profesjonalny zesp\u00f3\u0142, kt\u00f3ry s\u0142u\u017cy pomoc\u0105! Witryna posiada wbudowane centrum czatu na \u017cywo, za po\u015brednictwem kt\u00f3rego mo\u017cna skontaktowa\u0107 si\u0119 z zespo\u0142em pomocy technicznej w czasie rzeczywistym. Ponadto oferujemy ca\u0142odobow\u0105 pomoc techniczn\u0105, aby zapewni\u0107 graczom mobilnego kasyna szybk\u0105 pomoc w przypadku problem\u00f3w technicznych, pyta\u0144 dotycz\u0105cych sposobu gry lub zapyta\u0144 dotycz\u0105cych zarz\u0105dzania kontem.<\/p>\n<h3>Jak mog\u0119 zaktualizowa\u0107 aplikacj\u0119 Manekispin Casino?<\/h3>\n<p>W przypadku wersji PWA aktualizacje s\u0105 wykonywane automatycznie przez przegl\u0105dark\u0119. Nie jest wymagana \u017cadna r\u0119czna interwencja. Je\u015bli co\u015b si\u0119 zawiesi, zalecamy ponowne zainstalowanie aplikacji. Je\u015bli chodzi o pozosta\u0142e elementy, skr\u00f3ty na pulpicie s\u0105 ju\u017c po\u0142\u0105czone z aktualn\u0105 wersj\u0105 przez Internet, wi\u0119c nie wymagaj\u0105 r\u0119cznej aktualizacji aplikacji.<\/p>\n<\/div><\/div><\/p>\n","protected":false},"excerpt":{"rendered":"<p>Maneki Spin platforma mobilna Innowacyjne Manekispin Casino to rozrywkowa i wygodna platforma do gier z rozbudowan\u0105 Manekispin app, kt\u00f3ra zapewnia polskim graczom do\u017cywotni dost\u0119p do szerokiej gamy gier sto\u0142owych i krupier\u00f3w na \u017cywo. Aplikacja jest inteligentna i koncentruje si\u0119 na wygodzie, bezpiecze\u0144stwie i wysokiej wydajno\u015bci gier. Stworzyli\u015bmy j\u0105 wsp\u00f3lnie z profesjonalnym, wieloj\u0119zycznym zespo\u0142em z my\u015bl\u0105 [&hellip;]<\/p>\n","protected":false},"author":9,"featured_media":0,"parent":0,"menu_order":0,"comment_status":"closed","ping_status":"closed","template":"template-builder.php","meta":{"_acf_changed":false,"inline_featured_image":false,"footnotes":""},"class_list":["post-1420","page","type-page","status-publish","hentry"],"acf":[],"yoast_head":"<!-- This site is optimized with the Yoast SEO plugin v24.4 - https:\/\/yoast.com\/wordpress\/plugins\/seo\/ -->\n<title>Manekispin App | Platformy iOS i Android<\/title>\n<meta name=\"description\" content=\"Aplikacja Manekispin zapewnia p\u0142ynn\u0105 rozgrywk\u0119 w kasynie na systemach Android, iOS, Windows i macOS, oferuj\u0105c zsynchronizowane konta, regularne aktualizacje i wbudowan\u0105 obs\u0142ug\u0119 klienta, co zapewnia bezproblemowe korzystanie z aplikacji.\" \/>\n<meta name=\"robots\" content=\"index, follow, max-snippet:-1, max-image-preview:large, max-video-preview:-1\" \/>\n<link rel=\"canonical\" href=\"https:\/\/themanekispin.com\/pl\/aplikacja\/\" \/>\n<meta property=\"og:locale\" content=\"pl_PL\" \/>\n<meta property=\"og:type\" content=\"article\" \/>\n<meta property=\"og:title\" content=\"Manekispin App | Platformy iOS i Android\" \/>\n<meta property=\"og:description\" content=\"Aplikacja Manekispin zapewnia p\u0142ynn\u0105 rozgrywk\u0119 w kasynie na systemach Android, iOS, Windows i macOS, oferuj\u0105c zsynchronizowane konta, regularne aktualizacje i wbudowan\u0105 obs\u0142ug\u0119 klienta, co zapewnia bezproblemowe korzystanie z aplikacji.\" \/>\n<meta property=\"og:url\" content=\"https:\/\/themanekispin.com\/pl\/aplikacja\/\" \/>\n<meta property=\"og:site_name\" content=\"manekispin\" \/>\n<meta property=\"article:modified_time\" content=\"2026-01-15T08:52:55+00:00\" \/>\n<meta name=\"twitter:card\" content=\"summary_large_image\" \/>\n<meta name=\"twitter:label1\" content=\"Est. reading time\" \/>\n\t<meta name=\"twitter:data1\" content=\"1 minuta\" \/>\n<script type=\"application\/ld+json\" class=\"yoast-schema-graph\">{\"@context\":\"https:\/\/schema.org\",\"@graph\":[{\"@type\":\"WebPage\",\"@id\":\"https:\/\/themanekispin.com\/pl\/aplikacja\/\",\"url\":\"https:\/\/themanekispin.com\/pl\/aplikacja\/\",\"name\":\"Manekispin App | Platformy iOS i Android\",\"isPartOf\":{\"@id\":\"https:\/\/themanekispin.com\/pl\/#website\"},\"datePublished\":\"2026-01-14T14:23:36+00:00\",\"dateModified\":\"2026-01-15T08:52:55+00:00\",\"description\":\"Aplikacja Manekispin zapewnia p\u0142ynn\u0105 rozgrywk\u0119 w kasynie na systemach Android, iOS, Windows i macOS, oferuj\u0105c zsynchronizowane konta, regularne aktualizacje i wbudowan\u0105 obs\u0142ug\u0119 klienta, co zapewnia bezproblemowe korzystanie z aplikacji.\",\"breadcrumb\":{\"@id\":\"https:\/\/themanekispin.com\/pl\/aplikacja\/#breadcrumb\"},\"inLanguage\":\"pl-PL\",\"potentialAction\":[{\"@type\":\"ReadAction\",\"target\":[\"https:\/\/themanekispin.com\/pl\/aplikacja\/\"]}]},{\"@type\":\"BreadcrumbList\",\"@id\":\"https:\/\/themanekispin.com\/pl\/aplikacja\/#breadcrumb\",\"itemListElement\":[{\"@type\":\"ListItem\",\"position\":1,\"name\":\"Manekispin\",\"item\":\"https:\/\/themanekispin.com\/pl\/\"},{\"@type\":\"ListItem\",\"position\":2,\"name\":\"Aplikacja\"}]},{\"@type\":\"WebSite\",\"@id\":\"https:\/\/themanekispin.com\/pl\/#website\",\"url\":\"https:\/\/themanekispin.com\/pl\/\",\"name\":\"Manekispin\",\"description\":\"\",\"publisher\":{\"@id\":\"https:\/\/themanekispin.com\/pl\/#organization\"},\"potentialAction\":[{\"@type\":\"SearchAction\",\"target\":{\"@type\":\"EntryPoint\",\"urlTemplate\":\"https:\/\/themanekispin.com\/pl\/?s={search_term_string}\"},\"query-input\":{\"@type\":\"PropertyValueSpecification\",\"valueRequired\":true,\"valueName\":\"search_term_string\"}}],\"inLanguage\":\"pl-PL\"},{\"@type\":\"Organization\",\"@id\":\"https:\/\/themanekispin.com\/pl\/#organization\",\"name\":\"Manekispin\",\"url\":\"https:\/\/themanekispin.com\/pl\/\",\"logo\":{\"@type\":\"ImageObject\",\"inLanguage\":\"pl-PL\",\"@id\":\"https:\/\/themanekispin.com\/pl\/#\/schema\/logo\/image\/\",\"url\":\"https:\/\/themanekispin.com\/wp-content\/uploads\/2026\/01\/logo.svg\",\"contentUrl\":\"https:\/\/themanekispin.com\/wp-content\/uploads\/2026\/01\/logo.svg\",\"width\":79,\"height\":24,\"caption\":\"Manekispin\"},\"image\":{\"@id\":\"https:\/\/themanekispin.com\/pl\/#\/schema\/logo\/image\/\"}}]}<\/script>\n<!-- \/ Yoast SEO plugin. -->","yoast_head_json":{"title":"Manekispin App | Platformy iOS i Android","description":"Aplikacja Manekispin zapewnia p\u0142ynn\u0105 rozgrywk\u0119 w kasynie na systemach Android, iOS, Windows i macOS, oferuj\u0105c zsynchronizowane konta, regularne aktualizacje i wbudowan\u0105 obs\u0142ug\u0119 klienta, co zapewnia bezproblemowe korzystanie z aplikacji.","robots":{"index":"index","follow":"follow","max-snippet":"max-snippet:-1","max-image-preview":"max-image-preview:large","max-video-preview":"max-video-preview:-1"},"canonical":"https:\/\/themanekispin.com\/pl\/aplikacja\/","og_locale":"pl_PL","og_type":"article","og_title":"Manekispin App | Platformy iOS i Android","og_description":"Aplikacja Manekispin zapewnia p\u0142ynn\u0105 rozgrywk\u0119 w kasynie na systemach Android, iOS, Windows i macOS, oferuj\u0105c zsynchronizowane konta, regularne aktualizacje i wbudowan\u0105 obs\u0142ug\u0119 klienta, co zapewnia bezproblemowe korzystanie z aplikacji.","og_url":"https:\/\/themanekispin.com\/pl\/aplikacja\/","og_site_name":"manekispin","article_modified_time":"2026-01-15T08:52:55+00:00","twitter_card":"summary_large_image","twitter_misc":{"Est. reading time":"1 minuta"},"schema":{"@context":"https:\/\/schema.org","@graph":[{"@type":"WebPage","@id":"https:\/\/themanekispin.com\/pl\/aplikacja\/","url":"https:\/\/themanekispin.com\/pl\/aplikacja\/","name":"Manekispin App | Platformy iOS i Android","isPartOf":{"@id":"https:\/\/themanekispin.com\/pl\/#website"},"datePublished":"2026-01-14T14:23:36+00:00","dateModified":"2026-01-15T08:52:55+00:00","description":"Aplikacja Manekispin zapewnia p\u0142ynn\u0105 rozgrywk\u0119 w kasynie na systemach Android, iOS, Windows i macOS, oferuj\u0105c zsynchronizowane konta, regularne aktualizacje i wbudowan\u0105 obs\u0142ug\u0119 klienta, co zapewnia bezproblemowe korzystanie z aplikacji.","breadcrumb":{"@id":"https:\/\/themanekispin.com\/pl\/aplikacja\/#breadcrumb"},"inLanguage":"pl-PL","potentialAction":[{"@type":"ReadAction","target":["https:\/\/themanekispin.com\/pl\/aplikacja\/"]}]},{"@type":"BreadcrumbList","@id":"https:\/\/themanekispin.com\/pl\/aplikacja\/#breadcrumb","itemListElement":[{"@type":"ListItem","position":1,"name":"Manekispin","item":"https:\/\/themanekispin.com\/pl\/"},{"@type":"ListItem","position":2,"name":"Aplikacja"}]},{"@type":"WebSite","@id":"https:\/\/themanekispin.com\/pl\/#website","url":"https:\/\/themanekispin.com\/pl\/","name":"Manekispin","description":"","publisher":{"@id":"https:\/\/themanekispin.com\/pl\/#organization"},"potentialAction":[{"@type":"SearchAction","target":{"@type":"EntryPoint","urlTemplate":"https:\/\/themanekispin.com\/pl\/?s={search_term_string}"},"query-input":{"@type":"PropertyValueSpecification","valueRequired":true,"valueName":"search_term_string"}}],"inLanguage":"pl-PL"},{"@type":"Organization","@id":"https:\/\/themanekispin.com\/pl\/#organization","name":"Manekispin","url":"https:\/\/themanekispin.com\/pl\/","logo":{"@type":"ImageObject","inLanguage":"pl-PL","@id":"https:\/\/themanekispin.com\/pl\/#\/schema\/logo\/image\/","url":"https:\/\/themanekispin.com\/wp-content\/uploads\/2026\/01\/logo.svg","contentUrl":"https:\/\/themanekispin.com\/wp-content\/uploads\/2026\/01\/logo.svg","width":79,"height":24,"caption":"Manekispin"},"image":{"@id":"https:\/\/themanekispin.com\/pl\/#\/schema\/logo\/image\/"}}]}},"_links":{"self":[{"href":"https:\/\/themanekispin.com\/pl\/wp-json\/wp\/v2\/pages\/1420"}],"collection":[{"href":"https:\/\/themanekispin.com\/pl\/wp-json\/wp\/v2\/pages"}],"about":[{"href":"https:\/\/themanekispin.com\/pl\/wp-json\/wp\/v2\/types\/page"}],"author":[{"embeddable":true,"href":"https:\/\/themanekispin.com\/pl\/wp-json\/wp\/v2\/users\/9"}],"replies":[{"embeddable":true,"href":"https:\/\/themanekispin.com\/pl\/wp-json\/wp\/v2\/comments?post=1420"}],"version-history":[{"count":1,"href":"https:\/\/themanekispin.com\/pl\/wp-json\/wp\/v2\/pages\/1420\/revisions"}],"predecessor-version":[{"id":1762,"href":"https:\/\/themanekispin.com\/pl\/wp-json\/wp\/v2\/pages\/1420\/revisions\/1762"}],"wp:attachment":[{"href":"https:\/\/themanekispin.com\/pl\/wp-json\/wp\/v2\/media?parent=1420"}],"curies":[{"name":"wp","href":"https:\/\/api.w.org\/{rel}","templated":true}]}}