{"id":1423,"date":"2026-01-14T14:34:43","date_gmt":"2026-01-14T14:34:43","guid":{"rendered":"https:\/\/themanekispin.com\/bonus\/"},"modified":"2026-01-15T06:27:52","modified_gmt":"2026-01-15T06:27:52","slug":"bonus","status":"publish","type":"page","link":"https:\/\/themanekispin.com\/nl\/bonus\/","title":{"rendered":"Bonus"},"content":{"rendered":"<h1>Manekispin Casino Bonussen en beloningen<\/h1>\n<p>De Manekispin Bonus maakt het spel nog leuker. Het biedt spelers geweldige beloningen en promoties. Ons casino biedt tal van bonussen om de betrokkenheid te vergroten en de gameplay te verlengen. Dergelijke promoties stimuleren nieuwe en terugkerende Nederlandse klanten en maken hun bezoeken aan ons casino zeer winstgevend en plezierig. Manekispin Bonus pakketten zijn gebaseerd op transparantie en eerlijkheid. We bieden met trots waarde aan alle spelniveaus.<\/p>\n<p><div class=\"banner-wrap\" aria-label=\"Banner\"><img src=\"https:\/\/themanekispin.com\/wp-content\/uploads\/2026\/01\/Manekispin-banner-carousel-800\u0445400-6.webp\" class=\"w-100 d-none d-lg-block img-pc main-banner-img\" alt=\"Manekispin banner desktop\" fetchpriority=\"high\" decoding=\"async\"><img src=\"https:\/\/themanekispin.com\/wp-content\/uploads\/2026\/01\/Manekispin-mobile-banner.webp\" class=\"w-100 d-none d-md-block d-lg-none main-banner-img\" alt=\"Manekispin mobile banner\" fetchpriority=\"high\" decoding=\"async\"><img src=\"https:\/\/themanekispin.com\/wp-content\/uploads\/2026\/01\/Manekispin-mobile-banner.webp\" class=\"w-100 d-md-none\" alt=\"Manekispin mobile banner\" fetchpriority=\"high\" decoding=\"async\"><div class=\"banner-description\">\n<div class=\"banner-title\">Welkomstbonussen<\/div>\n<p class=\"banner-header-title\">1500 \u20ac<\/p>\n<div class=\"banner-header-AdditionalText\">+ 250 Gratis Spins<\/div>\n<button data-item=\"homepage_banner_link\" class=\"goto m-button m-gradient-border m-button--primary m-button--large banner-button btn-orange\">\n            <div class=\"m-button-content\">\n                <span>Meld je nu aan<\/span>\n                <span><\/span>\n            <\/div>\n        <\/button>\n<\/div>\n<div class=\"WelcomePack\">\n<p><img loading=\"lazy\" decoding=\"async\" class=\"alignnone size-full wp-image-1329\" src=\"https:\/\/themanekispin.com\/wp-content\/uploads\/2026\/01\/welcome-crown.svg\" alt=\"crown\" width=\"25\" height=\"26\" \/><\/p>\n<div class=\"WelcomePack-Info\">Wekelijkse cashback tot 25%<\/div>\n<p><img loading=\"lazy\" decoding=\"async\" class=\"alignnone size-full wp-image-1329\" src=\"https:\/\/themanekispin.com\/wp-content\/uploads\/2026\/01\/welcome-crown.svg\" alt=\"crown\" width=\"25\" height=\"26\" \/><\/p>\n<\/div>\n<\/div><div class=\"promotions-wrap\"><div class=\"promotion-card\" style=\"background-image: url(https:\/\/themanekispin.com\/wp-content\/uploads\/2026\/01\/First-deposit.webp);\"><h2 class=\"promotion-card__title\">Eerste stortingsbonus<\/h2><label class=\"promotion-card__offer\">100% tot \u20ac 500 + 150 gratis spins<\/label><label class=\"promotion-card__description\"><\/label><div class=\"promotion-card__actions\"><button data-item=\"payments_link\" data-group=\"website_links\" class=\"goto btn btn-orange rounded-pill fw-bold px-4 m-button m-gradient-border m-button--primary m-button--large promotion-button promotion-card__action-btn\" aria-label=\"Aanmelden\"><div class=\"m-button-content\"><span class=\"promotion-button__content\">Aanmelden<\/span><\/div><\/button><button data-item=\"http:\/\/bonus_link\" data-group=\"website_links\" class=\"goto m-button m-gradient-border m-button--secondary m-button--medium promotion-card__info-btn\" aria-label=\"More information\"><div class=\"m-button-content\"><svg viewBox=\"0 0 24 24\" fill=\"none\" xmlns=\"http:\/\/www.w3.org\/2000\/svg\" class=\"m-icon m-icon-loadable\" name=\"Attention\" loading=\"false\" aria-hidden=\"true\"><path d=\"M12 22C6.477 22 2 17.522 2 12S6.477 2 12 2s10 4.478 10 10-4.477 10-10 10m-.002-13.004a.999.999 0 1 0 0-1.997.999.999 0 0 0 0 1.997M12 17a1 1 0 0 0 .993-.884L13 16l-.002-5.001-.007-.117a1 1 0 0 0-1.986 0l-.007.117L11 16l.007.117A1 1 0 0 0 12 17\" fill=\"currentColor\"><\/path><\/svg><\/div><\/button><\/div><\/div><div class=\"promotion-card\" style=\"background-image: url(https:\/\/themanekispin.com\/wp-content\/uploads\/2026\/01\/Second-deposit.webp);\"><h2 class=\"promotion-card__title\">Tweede stortingsbonus<\/h2><label class=\"promotion-card__offer\">55% tot \u20ac 500 + 100 gratis spins<\/label><label class=\"promotion-card__description\"><\/label><div class=\"promotion-card__actions\"><button data-item=\"payments_link\" data-group=\"website_links\" class=\"goto btn btn-orange rounded-pill fw-bold px-4 m-button m-gradient-border m-button--primary m-button--large promotion-button promotion-card__action-btn\" aria-label=\"Aanmelden\"><div class=\"m-button-content\"><span class=\"promotion-button__content\">Aanmelden<\/span><\/div><\/button><button data-item=\"http:\/\/bonus_link\" data-group=\"website_links\" class=\"goto m-button m-gradient-border m-button--secondary m-button--medium promotion-card__info-btn\" aria-label=\"More information\"><div class=\"m-button-content\"><svg viewBox=\"0 0 24 24\" fill=\"none\" xmlns=\"http:\/\/www.w3.org\/2000\/svg\" class=\"m-icon m-icon-loadable\" name=\"Attention\" loading=\"false\" aria-hidden=\"true\"><path d=\"M12 22C6.477 22 2 17.522 2 12S6.477 2 12 2s10 4.478 10 10-4.477 10-10 10m-.002-13.004a.999.999 0 1 0 0-1.997.999.999 0 0 0 0 1.997M12 17a1 1 0 0 0 .993-.884L13 16l-.002-5.001-.007-.117a1 1 0 0 0-1.986 0l-.007.117L11 16l.007.117A1 1 0 0 0 12 17\" fill=\"currentColor\"><\/path><\/svg><\/div><\/button><\/div><\/div><div class=\"promotion-card\" style=\"background-image: url(https:\/\/themanekispin.com\/wp-content\/uploads\/2026\/01\/Third-deposit.webp);\"><h2 class=\"promotion-card__title\">Derde stortingsbonus<\/h2><label class=\"promotion-card__offer\">100% tot \u20ac 500<\/label><label class=\"promotion-card__description\"><\/label><div class=\"promotion-card__actions\"><button data-item=\"payments_link\" data-group=\"website_links\" class=\"goto btn btn-orange rounded-pill fw-bold px-4 m-button m-gradient-border m-button--primary m-button--large promotion-button promotion-card__action-btn\" aria-label=\"Aanmelden\"><div class=\"m-button-content\"><span class=\"promotion-button__content\">Aanmelden<\/span><\/div><\/button><button data-item=\"http:\/\/bonus_link\" data-group=\"website_links\" class=\"goto m-button m-gradient-border m-button--secondary m-button--medium promotion-card__info-btn\" aria-label=\"More information\"><div class=\"m-button-content\"><svg viewBox=\"0 0 24 24\" fill=\"none\" xmlns=\"http:\/\/www.w3.org\/2000\/svg\" class=\"m-icon m-icon-loadable\" name=\"Attention\" loading=\"false\" aria-hidden=\"true\"><path d=\"M12 22C6.477 22 2 17.522 2 12S6.477 2 12 2s10 4.478 10 10-4.477 10-10 10m-.002-13.004a.999.999 0 1 0 0-1.997.999.999 0 0 0 0 1.997M12 17a1 1 0 0 0 .993-.884L13 16l-.002-5.001-.007-.117a1 1 0 0 0-1.986 0l-.007.117L11 16l.007.117A1 1 0 0 0 12 17\" fill=\"currentColor\"><\/path><\/svg><\/div><\/button><\/div><\/div><div class=\"promotion-card\" style=\"background-image: url(https:\/\/themanekispin.com\/wp-content\/uploads\/2026\/01\/Cashback.webp);\"><h2 class=\"promotion-card__title\">Wekelijkse cashback<\/h2><label class=\"promotion-card__offer\">tot 25%<\/label><label class=\"promotion-card__description\"><\/label><div class=\"promotion-card__actions\"><button data-item=\"payments_link\" data-group=\"website_links\" class=\"goto btn btn-orange rounded-pill fw-bold px-4 m-button m-gradient-border m-button--primary m-button--large promotion-button promotion-card__action-btn\" aria-label=\"Aanmelden\"><div class=\"m-button-content\"><span class=\"promotion-button__content\">Aanmelden<\/span><\/div><\/button><button data-item=\"http:\/\/bonus_link\" data-group=\"website_links\" class=\"goto m-button m-gradient-border m-button--secondary m-button--medium promotion-card__info-btn\" aria-label=\"More information\"><div class=\"m-button-content\"><svg viewBox=\"0 0 24 24\" fill=\"none\" xmlns=\"http:\/\/www.w3.org\/2000\/svg\" class=\"m-icon m-icon-loadable\" name=\"Attention\" loading=\"false\" aria-hidden=\"true\"><path d=\"M12 22C6.477 22 2 17.522 2 12S6.477 2 12 2s10 4.478 10 10-4.477 10-10 10m-.002-13.004a.999.999 0 1 0 0-1.997.999.999 0 0 0 0 1.997M12 17a1 1 0 0 0 .993-.884L13 16l-.002-5.001-.007-.117a1 1 0 0 0-1.986 0l-.007.117L11 16l.007.117A1 1 0 0 0 12 17\" fill=\"currentColor\"><\/path><\/svg><\/div><\/button><\/div><\/div><div class=\"promotion-card\" style=\"background-image: url(https:\/\/themanekispin.com\/wp-content\/uploads\/2026\/01\/Sunday-reload.webp);\"><h2 class=\"promotion-card__title\">Zondag herlaad<\/h2><label class=\"promotion-card__offer\">25% tot \u20ac 100<\/label><label class=\"promotion-card__description\"><\/label><div class=\"promotion-card__actions\"><button data-item=\"payments_link\" data-group=\"website_links\" class=\"goto btn btn-orange rounded-pill fw-bold px-4 m-button m-gradient-border m-button--primary m-button--large promotion-button promotion-card__action-btn\" aria-label=\"Aanmelden\"><div class=\"m-button-content\"><span class=\"promotion-button__content\">Aanmelden<\/span><\/div><\/button><button data-item=\"http:\/\/bonus_link\" data-group=\"website_links\" class=\"goto m-button m-gradient-border m-button--secondary m-button--medium promotion-card__info-btn\" aria-label=\"More information\"><div class=\"m-button-content\"><svg viewBox=\"0 0 24 24\" fill=\"none\" xmlns=\"http:\/\/www.w3.org\/2000\/svg\" class=\"m-icon m-icon-loadable\" name=\"Attention\" loading=\"false\" aria-hidden=\"true\"><path d=\"M12 22C6.477 22 2 17.522 2 12S6.477 2 12 2s10 4.478 10 10-4.477 10-10 10m-.002-13.004a.999.999 0 1 0 0-1.997.999.999 0 0 0 0 1.997M12 17a1 1 0 0 0 .993-.884L13 16l-.002-5.001-.007-.117a1 1 0 0 0-1.986 0l-.007.117L11 16l.007.117A1 1 0 0 0 12 17\" fill=\"currentColor\"><\/path><\/svg><\/div><\/button><\/div><\/div><div class=\"promotion-card\" style=\"background-image: url(https:\/\/themanekispin.com\/wp-content\/uploads\/2026\/01\/Rakeback.webp);\"><h2 class=\"promotion-card__title\">Rakeback<\/h2><label class=\"promotion-card__offer\">tot 17%<\/label><label class=\"promotion-card__description\"><\/label><div class=\"promotion-card__actions\"><button data-item=\"payments_link\" data-group=\"website_links\" class=\"goto btn btn-orange rounded-pill fw-bold px-4 m-button m-gradient-border m-button--primary m-button--large promotion-button promotion-card__action-btn\" aria-label=\"Aanmelden\"><div class=\"m-button-content\"><span class=\"promotion-button__content\">Aanmelden<\/span><\/div><\/button><button data-item=\"http:\/\/bonus_link\" data-group=\"website_links\" class=\"goto m-button m-gradient-border m-button--secondary m-button--medium promotion-card__info-btn\" aria-label=\"More information\"><div class=\"m-button-content\"><svg viewBox=\"0 0 24 24\" fill=\"none\" xmlns=\"http:\/\/www.w3.org\/2000\/svg\" class=\"m-icon m-icon-loadable\" name=\"Attention\" loading=\"false\" aria-hidden=\"true\"><path d=\"M12 22C6.477 22 2 17.522 2 12S6.477 2 12 2s10 4.478 10 10-4.477 10-10 10m-.002-13.004a.999.999 0 1 0 0-1.997.999.999 0 0 0 0 1.997M12 17a1 1 0 0 0 .993-.884L13 16l-.002-5.001-.007-.117a1 1 0 0 0-1.986 0l-.007.117L11 16l.007.117A1 1 0 0 0 12 17\" fill=\"currentColor\"><\/path><\/svg><\/div><\/button><\/div><\/div><div class=\"promotion-card\" style=\"background-image: url(https:\/\/themanekispin.com\/wp-content\/uploads\/2026\/01\/Highroller.webp);\"><h2 class=\"promotion-card__title\">Highroller-bonus<\/h2><label class=\"promotion-card__offer\">50% tot \u20ac 500<\/label><label class=\"promotion-card__description\"><\/label><div class=\"promotion-card__actions\"><button data-item=\"payments_link\" data-group=\"website_links\" class=\"goto btn btn-orange rounded-pill fw-bold px-4 m-button m-gradient-border m-button--primary m-button--large promotion-button promotion-card__action-btn\" aria-label=\"Aanmelden\"><div class=\"m-button-content\"><span class=\"promotion-button__content\">Aanmelden<\/span><\/div><\/button><button data-item=\"http:\/\/bonus_link\" data-group=\"website_links\" class=\"goto m-button m-gradient-border m-button--secondary m-button--medium promotion-card__info-btn\" aria-label=\"More information\"><div class=\"m-button-content\"><svg viewBox=\"0 0 24 24\" fill=\"none\" xmlns=\"http:\/\/www.w3.org\/2000\/svg\" class=\"m-icon m-icon-loadable\" name=\"Attention\" loading=\"false\" aria-hidden=\"true\"><path d=\"M12 22C6.477 22 2 17.522 2 12S6.477 2 12 2s10 4.478 10 10-4.477 10-10 10m-.002-13.004a.999.999 0 1 0 0-1.997.999.999 0 0 0 0 1.997M12 17a1 1 0 0 0 .993-.884L13 16l-.002-5.001-.007-.117a1 1 0 0 0-1.986 0l-.007.117L11 16l.007.117A1 1 0 0 0 12 17\" fill=\"currentColor\"><\/path><\/svg><\/div><\/button><\/div><\/div><\/div><div class=\"scrollable-content-wrap my-5\"><div class=\"scrollable-content-inner\"><h2>Maneki Spin Casino Toernooien<\/h2>\n<p>Manekispin Casino heeft een verscheidenheid aan toernooien die bijdragen aan competitief spel en hoge beloningen opleveren. Deze toernooien zijn gebaseerd op populaire casinospellen en staan open voor iedereen die als speler is geregistreerd. Ze stimuleren competentie, tactiek en regelmatige betrokkenheid, en ze bieden indrukwekkende prijzenpotten. Voorbeelden van grote toernooien zijn:<\/p>\n<ul>\n<li>Dagelijkse Manekispin uitdagingen: doe elke dag mee en win geldprijzen tot \u20ac 2.500.<\/li>\n<li>Wekelijkse geldjachten: Wekelijkse evenementen waarbij grote geldprijzen worden uitgereikt.<\/li>\n<li>Maandelijkse Mega Jackpots: Grootschalige toernooien met prijzenpotten tot \u20ac 5.000.000.<\/li>\n<li>Seizoensgebonden evenementen: Evenementen die tijdens de feestdagen plaatsvinden met speciale aanbiedingen.<\/li>\n<\/ul>\n<p>Deze toernooien brengen ook bepaalde verplichtingen met zich mee op het gebied van inzet en deelnamevoorwaarden. Daarom zijn ze de beste keuze voor spelers die veel spanning willen ervaren.<\/p>\n<h2>Manekispin Casino Welkomstaanbieding<\/h2>\n<p>Het welkomstpakket van Manekispin Casino verrast nieuwe spelers met een aantrekkelijk startaanbod. Het bestaat uit talrijke bonuselementen die de eerste storting verhogen en ervoor zorgen dat je langer kunt spelen in verschillende casinospellen. Het is een compleet pakket ter waarde van ongeveer \u20ac 1.500, met 250 gratis spins! Dankzij deze vrijgevigheid kunnen spelers het platform leren kennen en vertrouwen krijgen in hun kansen om te winnen en hun potentieel.<\/p>\n<h3>Eerste storting<\/h3>\n<p>In het geval van Manekispin Casino omvat de eerste storting een 100% matchbonus tot maximaal \u20ac 500 en 150 gratis spins op de geselecteerde gokspellen. Om in aanmerking te komen, moeten spelers een minimale storting van \u20ac 20 doen. Je kunt de meeste casinospellen spelen met het bonusgeld, en de duidelijk omschreven inzetvereisten zorgen voor een eerlijke spelomgeving. De gratis spins worden direct na de storting aangeboden en zijn drie dagen geldig. Houd er dus rekening mee dat ze sneller verdwijnen dan het prijzengeld!<\/p>\n<h3>Tweede storting<\/h3>\n<p>De tweede Manekispin storting geeft een speler een 55% matchbonus van \u20ac 500 en 100 gratis spins. Net als bij de eerste storting is een minimale storting van \u20ac 20 vereist om van deze aanbieding gebruik te kunnen maken. Een dergelijke bonus inspireert onze Maneki Spin spelers om meer games te spelen en te concurreren. Elke speler heeft een grotere kans om te winnen, omdat ze kunnen blijven spelen zonder dat dit ten koste gaat van het plezier.<\/p>\n<h3>Derde storting<\/h3>\n<p>De laatste categorie in het welkomstpakket is de 100% matchbonus tot \u20ac 500. Deze bonus omvat geen gratis spins, maar biedt voldoende bonusgeld om alle spellen te spelen die Manekispin Casino te bieden heeft. Een dergelijke bonus moet binnen zeven dagen worden ingezet en de bijdragepercentages in verschillende soorten spellen moeten worden gecontroleerd om verantwoord spelen te garanderen.<\/p>\n<h2>Algemene voorwaarden voor spelersbonussen<\/h2>\n<p>De transparante voorwaarden die alle Manekispin Bonussen regelen, stimuleren eerlijk spel en voordelen voor spelers. Houd er rekening mee dat slots en tafelspellen verschillende bijdragepercentages hebben. We hebben sticky bonussen. Manekispin Bonussen kunnen niet afzonderlijk worden ingewisseld en zijn gekoppeld aan winsten totdat aan de inzetvereisten is voldaan.<\/p>\n<table>\n<tbody>\n<tr>\n<td>Functie<\/td>\n<td>Details<\/td>\n<\/tr>\n<tr>\n<td>Bonus inzetvereiste<\/td>\n<td>40x voordat het geld kan worden opgenomen<\/td>\n<\/tr>\n<tr>\n<td>Geldigheidsduur van de bonus<\/td>\n<td>14 dagen vanaf activering<\/td>\n<\/tr>\n<tr>\n<td>Minimale storting<\/td>\n<td>\u20ac 20<\/td>\n<\/tr>\n<tr>\n<td>Geldigheid van gratis spins<\/td>\n<td>3 dagen<\/td>\n<\/tr>\n<tr>\n<td>Bijdrage voor slots<\/td>\n<td>100%<\/td>\n<\/tr>\n<tr>\n<td>Bijdrage voor tafelspelen<\/td>\n<td>Lager dan slots, varieert<\/td>\n<\/tr>\n<\/tbody>\n<\/table>\n<p>Alle bonussen worden uitsluitend toegekend aan \u00e9\u00e9n persoon, \u00e9\u00e9n huishouden en \u00e9\u00e9n IP-adres. Door je aan deze voorwaarden van Manekispin te houden, kun je op een prettige manier bonussen claimen, inzetten en innen.<\/p>\n<h2>Veelgestelde vragen<\/h2>\n<h3>Hoe kan ik de welkomstbonus van Manekispin Casino gebruiken?<\/h3>\n<p>De Manekispin Bonus wordt naar de account overgemaakt nadat je in aanmerking komende stortingen van minimaal \u20ac 20 hebt gedaan. Je kunt de gratis spins meteen gebruiken, omdat ze direct worden toegekend en op elk moment kunnen worden ingezet.<\/p>\n<h3>Zijn de bonussen van Maneki Spin Casino geldig voor alle spellen?<\/h3>\n<p>Nou ja, niet alle, maar wel het merendeel van onze Maneki Spin spellen. Hoewel er bepaalde bijdragepercentages en beperkingen kunnen gelden, afhankelijk van het type spel, kunnen veel bonussen worden uitgebreid naar elk spel. Manekispin slots betalen doorgaans 100%, terwijl tafelspellen een lager percentage uitbetalen, dus het is raadzaam om dit te controleren voordat u gaat inzetten.<\/p>\n<h3>Wat moet ik doen nadat ik een storting heb gedaan als mijn bonus niet verschijnt?<\/h3>\n<p>Zorg ervoor dat het stortingsbedrag niet lager is dan het minimum. Neem bij problemen contact op met onze meertalige klantenservice; wij kunnen u zeker helpen. Wij kunnen de status van de account en de activering van de Manekispin Bonus bevestigen.<\/p>\n<\/div><\/div><\/p>\n","protected":false},"excerpt":{"rendered":"<p>Manekispin Casino Bonussen en beloningen De Manekispin Bonus maakt het spel nog leuker. Het biedt spelers geweldige beloningen en promoties. Ons casino biedt tal van bonussen om de betrokkenheid te vergroten en de gameplay te verlengen. Dergelijke promoties stimuleren nieuwe en terugkerende Nederlandse klanten en maken hun bezoeken aan ons casino zeer winstgevend en plezierig. [&hellip;]<\/p>\n","protected":false},"author":9,"featured_media":0,"parent":0,"menu_order":0,"comment_status":"closed","ping_status":"closed","template":"template-builder.php","meta":{"_acf_changed":false,"inline_featured_image":false,"footnotes":""},"class_list":["post-1423","page","type-page","status-publish","hentry"],"acf":[],"yoast_head":"<!-- This site is optimized with the Yoast SEO plugin v24.4 - https:\/\/yoast.com\/wordpress\/plugins\/seo\/ -->\n<title>Manekispin Casino Bonussen en Exclusieve Beloningen<\/title>\n<meta name=\"description\" content=\"Ontdek de exclusieve bonussen bij Manekispin Casino, met royale welkomstaanbiedingen, stortingsbonussen, doorlopende promoties en spannende toernooien. Vind alle bonusvoorwaarden en claiminstructies eenvoudig op \u00e9\u00e9n plek.\" \/>\n<meta name=\"robots\" content=\"index, follow, max-snippet:-1, max-image-preview:large, max-video-preview:-1\" \/>\n<link rel=\"canonical\" href=\"https:\/\/themanekispin.com\/nl\/bonus\/\" \/>\n<meta property=\"og:locale\" content=\"nl_NL\" \/>\n<meta property=\"og:type\" content=\"article\" \/>\n<meta property=\"og:title\" content=\"Manekispin Casino Bonussen en Exclusieve Beloningen\" \/>\n<meta property=\"og:description\" content=\"Ontdek de exclusieve bonussen bij Manekispin Casino, met royale welkomstaanbiedingen, stortingsbonussen, doorlopende promoties en spannende toernooien. Vind alle bonusvoorwaarden en claiminstructies eenvoudig op \u00e9\u00e9n plek.\" \/>\n<meta property=\"og:url\" content=\"https:\/\/themanekispin.com\/nl\/bonus\/\" \/>\n<meta property=\"og:site_name\" content=\"manekispin\" \/>\n<meta property=\"article:modified_time\" content=\"2026-01-15T06:27:52+00:00\" \/>\n<meta name=\"twitter:card\" content=\"summary_large_image\" \/>\n<meta name=\"twitter:label1\" content=\"Est. reading time\" \/>\n\t<meta name=\"twitter:data1\" content=\"1 minuut\" \/>\n<script type=\"application\/ld+json\" class=\"yoast-schema-graph\">{\"@context\":\"https:\/\/schema.org\",\"@graph\":[{\"@type\":\"WebPage\",\"@id\":\"https:\/\/themanekispin.com\/nl\/bonus\/\",\"url\":\"https:\/\/themanekispin.com\/nl\/bonus\/\",\"name\":\"Manekispin Casino Bonussen en Exclusieve Beloningen\",\"isPartOf\":{\"@id\":\"https:\/\/themanekispin.com\/nl\/#website\"},\"datePublished\":\"2026-01-14T14:34:43+00:00\",\"dateModified\":\"2026-01-15T06:27:52+00:00\",\"description\":\"Ontdek de exclusieve bonussen bij Manekispin Casino, met royale welkomstaanbiedingen, stortingsbonussen, doorlopende promoties en spannende toernooien. Vind alle bonusvoorwaarden en claiminstructies eenvoudig op \u00e9\u00e9n plek.\",\"breadcrumb\":{\"@id\":\"https:\/\/themanekispin.com\/nl\/bonus\/#breadcrumb\"},\"inLanguage\":\"nl-NL\",\"potentialAction\":[{\"@type\":\"ReadAction\",\"target\":[\"https:\/\/themanekispin.com\/nl\/bonus\/\"]}]},{\"@type\":\"BreadcrumbList\",\"@id\":\"https:\/\/themanekispin.com\/nl\/bonus\/#breadcrumb\",\"itemListElement\":[{\"@type\":\"ListItem\",\"position\":1,\"name\":\"Manekispin\",\"item\":\"https:\/\/themanekispin.com\/nl\/\"},{\"@type\":\"ListItem\",\"position\":2,\"name\":\"Bonus\"}]},{\"@type\":\"WebSite\",\"@id\":\"https:\/\/themanekispin.com\/nl\/#website\",\"url\":\"https:\/\/themanekispin.com\/nl\/\",\"name\":\"Manekispin\",\"description\":\"\",\"publisher\":{\"@id\":\"https:\/\/themanekispin.com\/nl\/#organization\"},\"potentialAction\":[{\"@type\":\"SearchAction\",\"target\":{\"@type\":\"EntryPoint\",\"urlTemplate\":\"https:\/\/themanekispin.com\/nl\/?s={search_term_string}\"},\"query-input\":{\"@type\":\"PropertyValueSpecification\",\"valueRequired\":true,\"valueName\":\"search_term_string\"}}],\"inLanguage\":\"nl-NL\"},{\"@type\":\"Organization\",\"@id\":\"https:\/\/themanekispin.com\/nl\/#organization\",\"name\":\"Manekispin\",\"url\":\"https:\/\/themanekispin.com\/nl\/\",\"logo\":{\"@type\":\"ImageObject\",\"inLanguage\":\"nl-NL\",\"@id\":\"https:\/\/themanekispin.com\/nl\/#\/schema\/logo\/image\/\",\"url\":\"https:\/\/themanekispin.com\/wp-content\/uploads\/2026\/01\/logo.svg\",\"contentUrl\":\"https:\/\/themanekispin.com\/wp-content\/uploads\/2026\/01\/logo.svg\",\"width\":79,\"height\":24,\"caption\":\"Manekispin\"},\"image\":{\"@id\":\"https:\/\/themanekispin.com\/nl\/#\/schema\/logo\/image\/\"}}]}<\/script>\n<!-- \/ Yoast SEO plugin. -->","yoast_head_json":{"title":"Manekispin Casino Bonussen en Exclusieve Beloningen","description":"Ontdek de exclusieve bonussen bij Manekispin Casino, met royale welkomstaanbiedingen, stortingsbonussen, doorlopende promoties en spannende toernooien. Vind alle bonusvoorwaarden en claiminstructies eenvoudig op \u00e9\u00e9n plek.","robots":{"index":"index","follow":"follow","max-snippet":"max-snippet:-1","max-image-preview":"max-image-preview:large","max-video-preview":"max-video-preview:-1"},"canonical":"https:\/\/themanekispin.com\/nl\/bonus\/","og_locale":"nl_NL","og_type":"article","og_title":"Manekispin Casino Bonussen en Exclusieve Beloningen","og_description":"Ontdek de exclusieve bonussen bij Manekispin Casino, met royale welkomstaanbiedingen, stortingsbonussen, doorlopende promoties en spannende toernooien. Vind alle bonusvoorwaarden en claiminstructies eenvoudig op \u00e9\u00e9n plek.","og_url":"https:\/\/themanekispin.com\/nl\/bonus\/","og_site_name":"manekispin","article_modified_time":"2026-01-15T06:27:52+00:00","twitter_card":"summary_large_image","twitter_misc":{"Est. reading time":"1 minuut"},"schema":{"@context":"https:\/\/schema.org","@graph":[{"@type":"WebPage","@id":"https:\/\/themanekispin.com\/nl\/bonus\/","url":"https:\/\/themanekispin.com\/nl\/bonus\/","name":"Manekispin Casino Bonussen en Exclusieve Beloningen","isPartOf":{"@id":"https:\/\/themanekispin.com\/nl\/#website"},"datePublished":"2026-01-14T14:34:43+00:00","dateModified":"2026-01-15T06:27:52+00:00","description":"Ontdek de exclusieve bonussen bij Manekispin Casino, met royale welkomstaanbiedingen, stortingsbonussen, doorlopende promoties en spannende toernooien. Vind alle bonusvoorwaarden en claiminstructies eenvoudig op \u00e9\u00e9n plek.","breadcrumb":{"@id":"https:\/\/themanekispin.com\/nl\/bonus\/#breadcrumb"},"inLanguage":"nl-NL","potentialAction":[{"@type":"ReadAction","target":["https:\/\/themanekispin.com\/nl\/bonus\/"]}]},{"@type":"BreadcrumbList","@id":"https:\/\/themanekispin.com\/nl\/bonus\/#breadcrumb","itemListElement":[{"@type":"ListItem","position":1,"name":"Manekispin","item":"https:\/\/themanekispin.com\/nl\/"},{"@type":"ListItem","position":2,"name":"Bonus"}]},{"@type":"WebSite","@id":"https:\/\/themanekispin.com\/nl\/#website","url":"https:\/\/themanekispin.com\/nl\/","name":"Manekispin","description":"","publisher":{"@id":"https:\/\/themanekispin.com\/nl\/#organization"},"potentialAction":[{"@type":"SearchAction","target":{"@type":"EntryPoint","urlTemplate":"https:\/\/themanekispin.com\/nl\/?s={search_term_string}"},"query-input":{"@type":"PropertyValueSpecification","valueRequired":true,"valueName":"search_term_string"}}],"inLanguage":"nl-NL"},{"@type":"Organization","@id":"https:\/\/themanekispin.com\/nl\/#organization","name":"Manekispin","url":"https:\/\/themanekispin.com\/nl\/","logo":{"@type":"ImageObject","inLanguage":"nl-NL","@id":"https:\/\/themanekispin.com\/nl\/#\/schema\/logo\/image\/","url":"https:\/\/themanekispin.com\/wp-content\/uploads\/2026\/01\/logo.svg","contentUrl":"https:\/\/themanekispin.com\/wp-content\/uploads\/2026\/01\/logo.svg","width":79,"height":24,"caption":"Manekispin"},"image":{"@id":"https:\/\/themanekispin.com\/nl\/#\/schema\/logo\/image\/"}}]}},"_links":{"self":[{"href":"https:\/\/themanekispin.com\/nl\/wp-json\/wp\/v2\/pages\/1423"}],"collection":[{"href":"https:\/\/themanekispin.com\/nl\/wp-json\/wp\/v2\/pages"}],"about":[{"href":"https:\/\/themanekispin.com\/nl\/wp-json\/wp\/v2\/types\/page"}],"author":[{"embeddable":true,"href":"https:\/\/themanekispin.com\/nl\/wp-json\/wp\/v2\/users\/9"}],"replies":[{"embeddable":true,"href":"https:\/\/themanekispin.com\/nl\/wp-json\/wp\/v2\/comments?post=1423"}],"version-history":[{"count":2,"href":"https:\/\/themanekispin.com\/nl\/wp-json\/wp\/v2\/pages\/1423\/revisions"}],"predecessor-version":[{"id":1534,"href":"https:\/\/themanekispin.com\/nl\/wp-json\/wp\/v2\/pages\/1423\/revisions\/1534"}],"wp:attachment":[{"href":"https:\/\/themanekispin.com\/nl\/wp-json\/wp\/v2\/media?parent=1423"}],"curies":[{"name":"wp","href":"https:\/\/api.w.org\/{rel}","templated":true}]}}