{"id":1458,"date":"2026-01-14T14:27:30","date_gmt":"2026-01-14T14:27:30","guid":{"rendered":"https:\/\/themanekispin.com\/login-and-registration\/"},"modified":"2026-01-15T08:32:54","modified_gmt":"2026-01-15T08:32:54","slug":"accesso-e-registrazione","status":"publish","type":"page","link":"https:\/\/themanekispin.com\/it\/accesso-e-registrazione\/","title":{"rendered":"Accesso e registrazione"},"content":{"rendered":"<h1>Accesso e registrazione all&#8217;account Manekispin<\/h1>\n<p>Manekispin login offre un comodo accesso a un sistema di gioco online completo per quei giocatori italiani che desiderano sicurezza, divertimento e variet\u00e0 nei loro giochi. Dopo la registrazione, l&#8217;utente ha accesso a una vasta gamma di giochi da casin\u00f2. Tutti possono gestire comodamente i propri account e partecipare a bonus esclusivi. Il nostro sito ha uno stile moderno, in modo che ogni sessione di gioco sia comoda e confortevole.<\/p>\n<p><div class=\"banner-wrap\" aria-label=\"Banner\"><img src=\"https:\/\/themanekispin.com\/wp-content\/uploads\/2026\/01\/Manekispin-banner-carousel-800\u0445400-6.webp\" class=\"w-100 d-none d-lg-block img-pc main-banner-img\" alt=\"Manekispin banner desktop\" fetchpriority=\"high\" decoding=\"async\"><img src=\"https:\/\/themanekispin.com\/wp-content\/uploads\/2026\/01\/Manekispin-mobile-banner.webp\" class=\"w-100 d-none d-md-block d-lg-none main-banner-img\" alt=\"Manekispin mobile banner\" fetchpriority=\"high\" decoding=\"async\"><img src=\"https:\/\/themanekispin.com\/wp-content\/uploads\/2026\/01\/Manekispin-mobile-banner.webp\" class=\"w-100 d-md-none\" alt=\"Manekispin mobile banner\" fetchpriority=\"high\" decoding=\"async\"><div class=\"banner-description\">\n<div class=\"banner-title\">Bonus di benvenuto<\/div>\n<p class=\"banner-header-title\">1500 \u20ac<\/p>\n<div class=\"banner-header-AdditionalText\">+ 250 Giri gratuiti<\/div>\n<button data-item=\"homepage_banner_link\" class=\"goto m-button m-gradient-border m-button--primary m-button--large banner-button btn-orange\">\n            <div class=\"m-button-content\">\n                <span>Iscriviti ora<\/span>\n                <span><\/span>\n            <\/div>\n        <\/button>\n<\/div>\n<div class=\"WelcomePack\">\n<p><img loading=\"lazy\" decoding=\"async\" class=\"alignnone size-full wp-image-1329\" src=\"https:\/\/themanekispin.com\/wp-content\/uploads\/2026\/01\/welcome-crown.svg\" alt=\"crown\" width=\"25\" height=\"26\" \/><\/p>\n<div class=\"WelcomePack-Info\">Cashback settimanale fino al 25%<\/div>\n<p><img loading=\"lazy\" decoding=\"async\" class=\"alignnone size-full wp-image-1329\" src=\"https:\/\/themanekispin.com\/wp-content\/uploads\/2026\/01\/welcome-crown.svg\" alt=\"crown\" width=\"25\" height=\"26\" \/><\/p>\n<\/div>\n<\/div><div class=\"scrollable-content-wrap my-5\"><div class=\"scrollable-content-inner\"><h2>Registrazione di un nuovo utente su Maneki Spin Casino<\/h2>\n<p>Gi\u00e0 dal tuo primo accesso a Manekispin ti si aprir\u00e0 un mondo di infinite possibilit\u00e0! Registrandoti su Manekispin Casino, non perderai nessuna occasione per esplorare tutto il potenziale della nostra piattaforma e accedere a una vasta libreria di giochi, opzioni bancarie sicure e bonus esclusivi. La prima cosa da fare per godere di tutto ci\u00f2 che abbiamo da offrirti \u00e8 creare un account, con tutti i vantaggi che ne derivano, come la gestione personale del tuo account, la partecipazione a tornei e la possibilit\u00e0 di guadagnare premi fedelt\u00e0.<\/p>\n<h2>Crea il tuo account<\/h2>\n<p>Iscriversi a Manekispin Casino \u00e8 molto semplice: basta effettuare il primo accesso a Manekispin. Come? \u00c8 facile! Ecco come:<\/p>\n<ol>\n<li>Trova il pulsante &#8220;Registrati&#8221; di Manekispin Casino, visibile nella home page.<\/li>\n<li>Compila il modulo di registrazione utilizzando informazioni personali corrette, indirizzo e-mail e nome completo. (In seguito potrai aggiungere ulteriori dettagli personali.)<\/li>\n<li>Utilizza una password complessa per il tuo account.<\/li>\n<li>Accettazione dei Termini e condizioni e dell&#8217;Informativa sulla privacy (spuntare).<\/li>\n<li>Iscriviti alle notizie o seleziona i partner (spunta la casella).<\/li>\n<li>Completa la registrazione con l&#8217;e-mail di verifica che ti verr\u00e0 inviata all&#8217;indirizzo fornito.<\/li>\n<li>Dopo la verifica, il tuo account sar\u00e0 attivato e potrai effettuare il login a Manekispin per iniziare a esplorare tutte le funzionalit\u00e0 disponibili.<\/li>\n<\/ol>\n<p>Questa registrazione rapida ti consentir\u00e0 di iniziare subito a giocare e allo stesso tempo di essere in linea con gli standard legali e di sicurezza.<\/p>\n<h2>Utilizzo di un account Manekispin Casino<\/h2>\n<p>L&#8217;account Maneki Spin \u00e8 facile da accedere e giocare in modo sicuro. Segui queste istruzioni:<\/p>\n<ol>\n<li>Individua l&#8217;area di accesso Manekispin, che si trova nella parte superiore destra della home page.<\/li>\n<li>Digita l&#8217;indirizzo e-mail registrato e la password.<\/li>\n<li>Per accedere al tuo account Manekispin, devi cliccare sul pulsante Manekispin login.<\/li>\n<\/ol>\n<p>Una volta effettuato l&#8217;accesso a Maneki Spin, potrai:<\/p>\n<ul>\n<li>Puoi depositare denaro in modo sicuro sul tuo conto.<\/li>\n<li>Ricevi bonus e partecipa alla promozione continua.<\/li>\n<li>Controlla i tuoi dati personali e le tue informazioni bancarie.<\/li>\n<li>Visualizza la cronologia delle tue giocate e delle tue transazioni.<\/li>\n<li>\u00c8 possibile adottare misure di sicurezza aggiuntive, come l&#8217;autenticazione a due fattori e cos\u00ec via.<\/li>\n<\/ul>\n<p>La piattaforma sar\u00e0 facile da navigare, con un pannello di controllo intuitivo che consente una gestione fluida dell&#8217;account, rendendo l&#8217;esperienza di gioco piacevole.<\/p>\n<h3>Hai dimenticato la tua password di Maneki Spin?<\/h3>\n<p>Non preoccuparti, capita a tutti! Se dovessi perdere i tuoi dati di accesso e\/o la password per Manekispin, prima di tutto devi calmarti: ci pensiamo noi. Inserisci solo il tuo indirizzo e-mail registrato e, entro pochi minuti, ti invieremo un link di reimpostazione che dovrai aprire (non preoccuparti, tutti i nostri link sono sicuri). Per assicurarti di accedere nuovamente al tuo account in modo sicuro, segui le istruzioni contenute nell&#8217;e-mail e utilizza una nuova password.<\/p>\n<h3>Manekispin Casino Verifica dell&#8217;account e sicurezza<\/h3>\n<p>Manekispin Casino dispone di un sistema di sicurezza ben congegnato. Ne siamo pienamente consapevoli e implementiamo la migliore protezione affinch\u00e9 i tuoi dati e le tue informazioni siano al sicuro. L&#8217;identificazione comporta la presentazione di documenti ufficiali per accertare la tua identit\u00e0, et\u00e0 e indirizzo. I documenti pi\u00f9 comuni sono un documento d&#8217;identit\u00e0 rilasciato dal governo, una bolletta o un estratto conto bancario. Il processo \u00e8 necessario, in quanto consente di mantenere sicuro l&#8217;ambiente di gioco e di soddisfare i requisiti legali.<\/p>\n<h3>Processo di verifica<\/h3>\n<p>Il processo di verifica Maneki Spin \u00e8 rapido e solitamente viene completato entro 48 ore dall&#8217;invio dei documenti. Abbiamo un team di assistenza dedicato che puoi contattare tramite live chat o e-mail, che pu\u00f2 anche fornire supporto durante il processo, rispondere a qualsiasi domanda e risolvere eventuali problemi. \u00c8 consigliabile completare la verifica in anticipo per evitare ritardi nei prelievi e proteggere il tuo account. Ti preghiamo di completarla tempestivamente.<\/p>\n<table>\n<tbody>\n<tr>\n<td>Funzionalit\u00e0 di sicurezza<\/td>\n<td>Descrizione<\/td>\n<\/tr>\n<tr>\n<td>Processo di verifica<\/td>\n<td>Conferma l&#8217;identit\u00e0 e previene le frodi<\/td>\n<\/tr>\n<tr>\n<td>Autenticazione a due fattori<\/td>\n<td>Aggiunge un ulteriore livello di sicurezza durante il login<\/td>\n<\/tr>\n<tr>\n<td>Metodi di pagamento sicuri<\/td>\n<td>Opzioni bancarie crittografate per depositi e prelievi<\/td>\n<\/tr>\n<tr>\n<td>Monitoraggio delle attivit\u00e0<\/td>\n<td>Tiene traccia dell&#8217;attivit\u00e0 dell&#8217;account per individuare comportamenti sospetti<\/td>\n<\/tr>\n<\/tbody>\n<\/table>\n<h3>Caratteristiche di sicurezza<\/h3>\n<p>La nostra sicurezza intelligente e l&#8217;assistenza di Manekispin Casino garantiscono a tutti gli utenti soluzioni ai loro problemi nel minor tempo possibile. Forniamo supporto ai giocatori di tutto il mondo. Risolviamo non solo le difficolt\u00e0 amministrative, ma anche quelle tecniche che possono sorgere durante l&#8217;esperienza di gioco. Inoltre, eseguiamo sempre controlli multipli e monitoriamo l&#8217;attivit\u00e0 delle transazioni per impedire accessi non autorizzati.<\/p>\n<h2>Domande frequenti<\/h2>\n<h3>Come posso completare il processo di verifica dell&#8217;account?<\/h3>\n<p>Per verificare completamente la tua identit\u00e0 su Maneki Spin Casino, devi fornire documenti autentici. Puoi farlo tramite la tua dashboard. Se dovessimo aver bisogno di ulteriori informazioni, ti contatteremo. Verifica la tua identit\u00e0 il prima possibile, cos\u00ec potrai elaborare i tuoi prelievi senza problemi. Potrai anche ottenere un livello di sicurezza pi\u00f9 elevato.<\/p>\n<h3>Come aggiornare la password o l&#8217;indirizzo e-mail?<\/h3>\n<p>Gestisci il tuo account utilizzando la dashboard. Se necessario, clicca sul pulsante per modificare la password o l&#8217;indirizzo e-mail. Inserisci le nuove informazioni (aggiornate) e clicca per confermare. Per garantire una maggiore sicurezza, dopo aver effettuato gli aggiornamenti, puoi verificare la tua identit\u00e0. Evita di farlo ripetutamente.<\/p>\n<h3>Cosa devo fare se il mio account Maneki Spin viene bloccato?<\/h3>\n<p>Ripetuti tentativi falliti di completare il login Manekispin o di timbrare ripetutamente l&#8217;entrata e l&#8217;uscita in un giorno potrebbero indurci a sospettare di te e a bloccare temporaneamente il tuo account e le tue risorse. Ma non preoccuparti: basta scriverci un&#8217;e-mail o utilizzare la live chat e spiegarci la situazione. Controlleremo tutto e, se tutto \u00e8 a posto, sbloccheremo il tuo account. Prepara degli screenshot perch\u00e9 fornirci le informazioni corrette render\u00e0 la risoluzione del caso ancora pi\u00f9 rapida.<\/p>\n<h3>Come posso chiudere o sospendere temporaneamente il mio account?<\/h3>\n<p>Nella tua dashboard, seleziona l&#8217;opzione per sospendere il tuo account e specifica per quanto tempo sarai assente. \u00c8 anche possibile chiudere definitivamente l&#8217;account: basta seguire le istruzioni e verrai guidato alla cancellazione definitiva. Consulta il nostro supporto multilingue: forniamo assistenza anche in questi casi. Il nostro team garantisce il rispetto delle politiche di gioco responsabile.<\/p>\n<\/div><\/div><\/p>\n","protected":false},"excerpt":{"rendered":"<p>Accesso e registrazione all&#8217;account Manekispin Manekispin login offre un comodo accesso a un sistema di gioco online completo per quei giocatori italiani che desiderano sicurezza, divertimento e variet\u00e0 nei loro giochi. Dopo la registrazione, l&#8217;utente ha accesso a una vasta gamma di giochi da casin\u00f2. Tutti possono gestire comodamente i propri account e partecipare a [&hellip;]<\/p>\n","protected":false},"author":9,"featured_media":0,"parent":0,"menu_order":0,"comment_status":"closed","ping_status":"closed","template":"template-builder.php","meta":{"_acf_changed":false,"inline_featured_image":false,"footnotes":""},"class_list":["post-1458","page","type-page","status-publish","hentry"],"acf":[],"yoast_head":"<!-- This site is optimized with the Yoast SEO plugin v24.4 - https:\/\/yoast.com\/wordpress\/plugins\/seo\/ -->\n<title>Manekispin Login e registrazione<\/title>\n<meta name=\"description\" content=\"Crea, gestisci e verifica il tuo account Manekispin Casino senza alcuno sforzo. Approfitta della registrazione rapida, del facile recupero dell&#039;account e della chiusura sicura con Manekispin Login, che protegge il tuo account 24 ore su 24.\" \/>\n<meta name=\"robots\" content=\"index, follow, max-snippet:-1, max-image-preview:large, max-video-preview:-1\" \/>\n<link rel=\"canonical\" href=\"https:\/\/themanekispin.com\/it\/accesso-e-registrazione\/\" \/>\n<meta property=\"og:locale\" content=\"it_IT\" \/>\n<meta property=\"og:type\" content=\"article\" \/>\n<meta property=\"og:title\" content=\"Manekispin Login e registrazione\" \/>\n<meta property=\"og:description\" content=\"Crea, gestisci e verifica il tuo account Manekispin Casino senza alcuno sforzo. Approfitta della registrazione rapida, del facile recupero dell&#039;account e della chiusura sicura con Manekispin Login, che protegge il tuo account 24 ore su 24.\" \/>\n<meta property=\"og:url\" content=\"https:\/\/themanekispin.com\/it\/accesso-e-registrazione\/\" \/>\n<meta property=\"og:site_name\" content=\"manekispin\" \/>\n<meta property=\"article:modified_time\" content=\"2026-01-15T08:32:54+00:00\" \/>\n<meta name=\"twitter:card\" content=\"summary_large_image\" \/>\n<meta name=\"twitter:label1\" content=\"Est. reading time\" \/>\n\t<meta name=\"twitter:data1\" content=\"1 minuto\" \/>\n<script type=\"application\/ld+json\" class=\"yoast-schema-graph\">{\"@context\":\"https:\/\/schema.org\",\"@graph\":[{\"@type\":\"WebPage\",\"@id\":\"https:\/\/themanekispin.com\/it\/accesso-e-registrazione\/\",\"url\":\"https:\/\/themanekispin.com\/it\/accesso-e-registrazione\/\",\"name\":\"Manekispin Login e registrazione\",\"isPartOf\":{\"@id\":\"https:\/\/themanekispin.com\/it\/#website\"},\"datePublished\":\"2026-01-14T14:27:30+00:00\",\"dateModified\":\"2026-01-15T08:32:54+00:00\",\"description\":\"Crea, gestisci e verifica il tuo account Manekispin Casino senza alcuno sforzo. Approfitta della registrazione rapida, del facile recupero dell'account e della chiusura sicura con Manekispin Login, che protegge il tuo account 24 ore su 24.\",\"breadcrumb\":{\"@id\":\"https:\/\/themanekispin.com\/it\/accesso-e-registrazione\/#breadcrumb\"},\"inLanguage\":\"it-IT\",\"potentialAction\":[{\"@type\":\"ReadAction\",\"target\":[\"https:\/\/themanekispin.com\/it\/accesso-e-registrazione\/\"]}]},{\"@type\":\"BreadcrumbList\",\"@id\":\"https:\/\/themanekispin.com\/it\/accesso-e-registrazione\/#breadcrumb\",\"itemListElement\":[{\"@type\":\"ListItem\",\"position\":1,\"name\":\"Manekispin\",\"item\":\"https:\/\/themanekispin.com\/it\/\"},{\"@type\":\"ListItem\",\"position\":2,\"name\":\"Accesso e registrazione\"}]},{\"@type\":\"WebSite\",\"@id\":\"https:\/\/themanekispin.com\/it\/#website\",\"url\":\"https:\/\/themanekispin.com\/it\/\",\"name\":\"Manekispin\",\"description\":\"\",\"publisher\":{\"@id\":\"https:\/\/themanekispin.com\/it\/#organization\"},\"potentialAction\":[{\"@type\":\"SearchAction\",\"target\":{\"@type\":\"EntryPoint\",\"urlTemplate\":\"https:\/\/themanekispin.com\/it\/?s={search_term_string}\"},\"query-input\":{\"@type\":\"PropertyValueSpecification\",\"valueRequired\":true,\"valueName\":\"search_term_string\"}}],\"inLanguage\":\"it-IT\"},{\"@type\":\"Organization\",\"@id\":\"https:\/\/themanekispin.com\/it\/#organization\",\"name\":\"Manekispin\",\"url\":\"https:\/\/themanekispin.com\/it\/\",\"logo\":{\"@type\":\"ImageObject\",\"inLanguage\":\"it-IT\",\"@id\":\"https:\/\/themanekispin.com\/it\/#\/schema\/logo\/image\/\",\"url\":\"https:\/\/themanekispin.com\/wp-content\/uploads\/2026\/01\/logo.svg\",\"contentUrl\":\"https:\/\/themanekispin.com\/wp-content\/uploads\/2026\/01\/logo.svg\",\"width\":79,\"height\":24,\"caption\":\"Manekispin\"},\"image\":{\"@id\":\"https:\/\/themanekispin.com\/it\/#\/schema\/logo\/image\/\"}}]}<\/script>\n<!-- \/ Yoast SEO plugin. -->","yoast_head_json":{"title":"Manekispin Login e registrazione","description":"Crea, gestisci e verifica il tuo account Manekispin Casino senza alcuno sforzo. Approfitta della registrazione rapida, del facile recupero dell'account e della chiusura sicura con Manekispin Login, che protegge il tuo account 24 ore su 24.","robots":{"index":"index","follow":"follow","max-snippet":"max-snippet:-1","max-image-preview":"max-image-preview:large","max-video-preview":"max-video-preview:-1"},"canonical":"https:\/\/themanekispin.com\/it\/accesso-e-registrazione\/","og_locale":"it_IT","og_type":"article","og_title":"Manekispin Login e registrazione","og_description":"Crea, gestisci e verifica il tuo account Manekispin Casino senza alcuno sforzo. Approfitta della registrazione rapida, del facile recupero dell'account e della chiusura sicura con Manekispin Login, che protegge il tuo account 24 ore su 24.","og_url":"https:\/\/themanekispin.com\/it\/accesso-e-registrazione\/","og_site_name":"manekispin","article_modified_time":"2026-01-15T08:32:54+00:00","twitter_card":"summary_large_image","twitter_misc":{"Est. reading time":"1 minuto"},"schema":{"@context":"https:\/\/schema.org","@graph":[{"@type":"WebPage","@id":"https:\/\/themanekispin.com\/it\/accesso-e-registrazione\/","url":"https:\/\/themanekispin.com\/it\/accesso-e-registrazione\/","name":"Manekispin Login e registrazione","isPartOf":{"@id":"https:\/\/themanekispin.com\/it\/#website"},"datePublished":"2026-01-14T14:27:30+00:00","dateModified":"2026-01-15T08:32:54+00:00","description":"Crea, gestisci e verifica il tuo account Manekispin Casino senza alcuno sforzo. Approfitta della registrazione rapida, del facile recupero dell'account e della chiusura sicura con Manekispin Login, che protegge il tuo account 24 ore su 24.","breadcrumb":{"@id":"https:\/\/themanekispin.com\/it\/accesso-e-registrazione\/#breadcrumb"},"inLanguage":"it-IT","potentialAction":[{"@type":"ReadAction","target":["https:\/\/themanekispin.com\/it\/accesso-e-registrazione\/"]}]},{"@type":"BreadcrumbList","@id":"https:\/\/themanekispin.com\/it\/accesso-e-registrazione\/#breadcrumb","itemListElement":[{"@type":"ListItem","position":1,"name":"Manekispin","item":"https:\/\/themanekispin.com\/it\/"},{"@type":"ListItem","position":2,"name":"Accesso e registrazione"}]},{"@type":"WebSite","@id":"https:\/\/themanekispin.com\/it\/#website","url":"https:\/\/themanekispin.com\/it\/","name":"Manekispin","description":"","publisher":{"@id":"https:\/\/themanekispin.com\/it\/#organization"},"potentialAction":[{"@type":"SearchAction","target":{"@type":"EntryPoint","urlTemplate":"https:\/\/themanekispin.com\/it\/?s={search_term_string}"},"query-input":{"@type":"PropertyValueSpecification","valueRequired":true,"valueName":"search_term_string"}}],"inLanguage":"it-IT"},{"@type":"Organization","@id":"https:\/\/themanekispin.com\/it\/#organization","name":"Manekispin","url":"https:\/\/themanekispin.com\/it\/","logo":{"@type":"ImageObject","inLanguage":"it-IT","@id":"https:\/\/themanekispin.com\/it\/#\/schema\/logo\/image\/","url":"https:\/\/themanekispin.com\/wp-content\/uploads\/2026\/01\/logo.svg","contentUrl":"https:\/\/themanekispin.com\/wp-content\/uploads\/2026\/01\/logo.svg","width":79,"height":24,"caption":"Manekispin"},"image":{"@id":"https:\/\/themanekispin.com\/it\/#\/schema\/logo\/image\/"}}]}},"_links":{"self":[{"href":"https:\/\/themanekispin.com\/it\/wp-json\/wp\/v2\/pages\/1458"}],"collection":[{"href":"https:\/\/themanekispin.com\/it\/wp-json\/wp\/v2\/pages"}],"about":[{"href":"https:\/\/themanekispin.com\/it\/wp-json\/wp\/v2\/types\/page"}],"author":[{"embeddable":true,"href":"https:\/\/themanekispin.com\/it\/wp-json\/wp\/v2\/users\/9"}],"replies":[{"embeddable":true,"href":"https:\/\/themanekispin.com\/it\/wp-json\/wp\/v2\/comments?post=1458"}],"version-history":[{"count":1,"href":"https:\/\/themanekispin.com\/it\/wp-json\/wp\/v2\/pages\/1458\/revisions"}],"predecessor-version":[{"id":1708,"href":"https:\/\/themanekispin.com\/it\/wp-json\/wp\/v2\/pages\/1458\/revisions\/1708"}],"wp:attachment":[{"href":"https:\/\/themanekispin.com\/it\/wp-json\/wp\/v2\/media?parent=1458"}],"curies":[{"name":"wp","href":"https:\/\/api.w.org\/{rel}","templated":true}]}}