{"id":1430,"date":"2026-01-14T14:34:43","date_gmt":"2026-01-14T14:34:43","guid":{"rendered":"https:\/\/themanekispin.com\/bonus\/"},"modified":"2026-01-15T08:38:24","modified_gmt":"2026-01-15T08:38:24","slug":"bonus","status":"publish","type":"page","link":"https:\/\/themanekispin.com\/it\/bonus\/","title":{"rendered":"Bonus"},"content":{"rendered":"<h1>Manekispin Casino bonus e premi<\/h1>\n<p>Il Manekispin bonus rende il gioco pi\u00f9 divertente. Offre ai giocatori fantastici premi e promozioni. Il nostro casin\u00f2 offre numerosi bonus per aumentare il coinvolgimento e prolungare il gioco. Tali promozioni incoraggiano i clienti italiani nuovi e quelli abituali e rendono le loro visite al nostro casin\u00f2 molto redditizie e divertenti. I pacchetti di Manekispin bonus si basano sulla trasparenza e sull&#8217;equit\u00e0. Siamo orgogliosi di offrire valore a tutti i livelli di gioco.<\/p>\n<p><div class=\"banner-wrap\" aria-label=\"Banner\"><img src=\"https:\/\/themanekispin.com\/wp-content\/uploads\/2026\/01\/Manekispin-banner-carousel-800\u0445400-6.webp\" class=\"w-100 d-none d-lg-block img-pc main-banner-img\" alt=\"Manekispin banner desktop\" fetchpriority=\"high\" decoding=\"async\"><img src=\"https:\/\/themanekispin.com\/wp-content\/uploads\/2026\/01\/Manekispin-mobile-banner.webp\" class=\"w-100 d-none d-md-block d-lg-none main-banner-img\" alt=\"Manekispin mobile banner\" fetchpriority=\"high\" decoding=\"async\"><img src=\"https:\/\/themanekispin.com\/wp-content\/uploads\/2026\/01\/Manekispin-mobile-banner.webp\" class=\"w-100 d-md-none\" alt=\"Manekispin mobile banner\" fetchpriority=\"high\" decoding=\"async\"><div class=\"banner-description\">\n<div class=\"banner-title\">Bonus di benvenuto<\/div>\n<p class=\"banner-header-title\">1500 \u20ac<\/p>\n<div class=\"banner-header-AdditionalText\">+ 250 Giri gratuiti<\/div>\n<button data-item=\"homepage_banner_link\" class=\"goto m-button m-gradient-border m-button--primary m-button--large banner-button btn-orange\">\n            <div class=\"m-button-content\">\n                <span>Iscriviti ora<\/span>\n                <span><\/span>\n            <\/div>\n        <\/button>\n<\/div>\n<div class=\"WelcomePack\">\n<p><img loading=\"lazy\" decoding=\"async\" class=\"alignnone size-full wp-image-1329\" src=\"https:\/\/themanekispin.com\/wp-content\/uploads\/2026\/01\/welcome-crown.svg\" alt=\"crown\" width=\"25\" height=\"26\" \/><\/p>\n<div class=\"WelcomePack-Info\">Cashback settimanale fino al 25%<\/div>\n<p><img loading=\"lazy\" decoding=\"async\" class=\"alignnone size-full wp-image-1329\" src=\"https:\/\/themanekispin.com\/wp-content\/uploads\/2026\/01\/welcome-crown.svg\" alt=\"crown\" width=\"25\" height=\"26\" \/><\/p>\n<\/div>\n<\/div><div class=\"promotions-wrap\"><div class=\"promotion-card\" style=\"background-image: url(https:\/\/themanekispin.com\/wp-content\/uploads\/2026\/01\/First-deposit.webp);\"><h2 class=\"promotion-card__title\">Bonus sul primo deposito<\/h2><label class=\"promotion-card__offer\">100% fino a \u20ac 500 + 150 giri gratuiti<\/label><label class=\"promotion-card__description\"><\/label><div class=\"promotion-card__actions\"><button data-item=\"payments_link\" data-group=\"website_links\" class=\"goto btn btn-orange rounded-pill fw-bold px-4 m-button m-gradient-border m-button--primary m-button--large promotion-button promotion-card__action-btn\" aria-label=\"Iscriviti\"><div class=\"m-button-content\"><span class=\"promotion-button__content\">Iscriviti<\/span><\/div><\/button><button data-item=\"http:\/\/bonus_link\" data-group=\"website_links\" class=\"goto m-button m-gradient-border m-button--secondary m-button--medium promotion-card__info-btn\" aria-label=\"More information\"><div class=\"m-button-content\"><svg viewBox=\"0 0 24 24\" fill=\"none\" xmlns=\"http:\/\/www.w3.org\/2000\/svg\" class=\"m-icon m-icon-loadable\" name=\"Attention\" loading=\"false\" aria-hidden=\"true\"><path d=\"M12 22C6.477 22 2 17.522 2 12S6.477 2 12 2s10 4.478 10 10-4.477 10-10 10m-.002-13.004a.999.999 0 1 0 0-1.997.999.999 0 0 0 0 1.997M12 17a1 1 0 0 0 .993-.884L13 16l-.002-5.001-.007-.117a1 1 0 0 0-1.986 0l-.007.117L11 16l.007.117A1 1 0 0 0 12 17\" fill=\"currentColor\"><\/path><\/svg><\/div><\/button><\/div><\/div><div class=\"promotion-card\" style=\"background-image: url(https:\/\/themanekispin.com\/wp-content\/uploads\/2026\/01\/Second-deposit.webp);\"><h2 class=\"promotion-card__title\">Bonus sul secondo deposito<\/h2><label class=\"promotion-card__offer\">55% fino a \u20ac 500 + 100 giri gratuiti<\/label><label class=\"promotion-card__description\"><\/label><div class=\"promotion-card__actions\"><button data-item=\"payments_link\" data-group=\"website_links\" class=\"goto btn btn-orange rounded-pill fw-bold px-4 m-button m-gradient-border m-button--primary m-button--large promotion-button promotion-card__action-btn\" aria-label=\"Iscriviti\"><div class=\"m-button-content\"><span class=\"promotion-button__content\">Iscriviti<\/span><\/div><\/button><button data-item=\"http:\/\/bonus_link\" data-group=\"website_links\" class=\"goto m-button m-gradient-border m-button--secondary m-button--medium promotion-card__info-btn\" aria-label=\"More information\"><div class=\"m-button-content\"><svg viewBox=\"0 0 24 24\" fill=\"none\" xmlns=\"http:\/\/www.w3.org\/2000\/svg\" class=\"m-icon m-icon-loadable\" name=\"Attention\" loading=\"false\" aria-hidden=\"true\"><path d=\"M12 22C6.477 22 2 17.522 2 12S6.477 2 12 2s10 4.478 10 10-4.477 10-10 10m-.002-13.004a.999.999 0 1 0 0-1.997.999.999 0 0 0 0 1.997M12 17a1 1 0 0 0 .993-.884L13 16l-.002-5.001-.007-.117a1 1 0 0 0-1.986 0l-.007.117L11 16l.007.117A1 1 0 0 0 12 17\" fill=\"currentColor\"><\/path><\/svg><\/div><\/button><\/div><\/div><div class=\"promotion-card\" style=\"background-image: url(https:\/\/themanekispin.com\/wp-content\/uploads\/2026\/01\/Third-deposit.webp);\"><h2 class=\"promotion-card__title\">Bonus sul terzo deposito<\/h2><label class=\"promotion-card__offer\">100% fino a \u20ac 500<\/label><label class=\"promotion-card__description\"><\/label><div class=\"promotion-card__actions\"><button data-item=\"payments_link\" data-group=\"website_links\" class=\"goto btn btn-orange rounded-pill fw-bold px-4 m-button m-gradient-border m-button--primary m-button--large promotion-button promotion-card__action-btn\" aria-label=\"Iscriviti\"><div class=\"m-button-content\"><span class=\"promotion-button__content\">Iscriviti<\/span><\/div><\/button><button data-item=\"http:\/\/bonus_link\" data-group=\"website_links\" class=\"goto m-button m-gradient-border m-button--secondary m-button--medium promotion-card__info-btn\" aria-label=\"More information\"><div class=\"m-button-content\"><svg viewBox=\"0 0 24 24\" fill=\"none\" xmlns=\"http:\/\/www.w3.org\/2000\/svg\" class=\"m-icon m-icon-loadable\" name=\"Attention\" loading=\"false\" aria-hidden=\"true\"><path d=\"M12 22C6.477 22 2 17.522 2 12S6.477 2 12 2s10 4.478 10 10-4.477 10-10 10m-.002-13.004a.999.999 0 1 0 0-1.997.999.999 0 0 0 0 1.997M12 17a1 1 0 0 0 .993-.884L13 16l-.002-5.001-.007-.117a1 1 0 0 0-1.986 0l-.007.117L11 16l.007.117A1 1 0 0 0 12 17\" fill=\"currentColor\"><\/path><\/svg><\/div><\/button><\/div><\/div><div class=\"promotion-card\" style=\"background-image: url(https:\/\/themanekispin.com\/wp-content\/uploads\/2026\/01\/Cashback.webp);\"><h2 class=\"promotion-card__title\">Cashback settimanale<\/h2><label class=\"promotion-card__offer\">fino al 25%<\/label><label class=\"promotion-card__description\"><\/label><div class=\"promotion-card__actions\"><button data-item=\"payments_link\" data-group=\"website_links\" class=\"goto btn btn-orange rounded-pill fw-bold px-4 m-button m-gradient-border m-button--primary m-button--large promotion-button promotion-card__action-btn\" aria-label=\"Iscriviti\"><div class=\"m-button-content\"><span class=\"promotion-button__content\">Iscriviti<\/span><\/div><\/button><button data-item=\"http:\/\/bonus_link\" data-group=\"website_links\" class=\"goto m-button m-gradient-border m-button--secondary m-button--medium promotion-card__info-btn\" aria-label=\"More information\"><div class=\"m-button-content\"><svg viewBox=\"0 0 24 24\" fill=\"none\" xmlns=\"http:\/\/www.w3.org\/2000\/svg\" class=\"m-icon m-icon-loadable\" name=\"Attention\" loading=\"false\" aria-hidden=\"true\"><path d=\"M12 22C6.477 22 2 17.522 2 12S6.477 2 12 2s10 4.478 10 10-4.477 10-10 10m-.002-13.004a.999.999 0 1 0 0-1.997.999.999 0 0 0 0 1.997M12 17a1 1 0 0 0 .993-.884L13 16l-.002-5.001-.007-.117a1 1 0 0 0-1.986 0l-.007.117L11 16l.007.117A1 1 0 0 0 12 17\" fill=\"currentColor\"><\/path><\/svg><\/div><\/button><\/div><\/div><div class=\"promotion-card\" style=\"background-image: url(https:\/\/themanekispin.com\/wp-content\/uploads\/2026\/01\/Sunday-reload.webp);\"><h2 class=\"promotion-card__title\">Ricarica domenicale<\/h2><label class=\"promotion-card__offer\">25% fino a \u20ac 100<\/label><label class=\"promotion-card__description\"><\/label><div class=\"promotion-card__actions\"><button data-item=\"payments_link\" data-group=\"website_links\" class=\"goto btn btn-orange rounded-pill fw-bold px-4 m-button m-gradient-border m-button--primary m-button--large promotion-button promotion-card__action-btn\" aria-label=\"Iscriviti\"><div class=\"m-button-content\"><span class=\"promotion-button__content\">Iscriviti<\/span><\/div><\/button><button data-item=\"http:\/\/bonus_link\" data-group=\"website_links\" class=\"goto m-button m-gradient-border m-button--secondary m-button--medium promotion-card__info-btn\" aria-label=\"More information\"><div class=\"m-button-content\"><svg viewBox=\"0 0 24 24\" fill=\"none\" xmlns=\"http:\/\/www.w3.org\/2000\/svg\" class=\"m-icon m-icon-loadable\" name=\"Attention\" loading=\"false\" aria-hidden=\"true\"><path d=\"M12 22C6.477 22 2 17.522 2 12S6.477 2 12 2s10 4.478 10 10-4.477 10-10 10m-.002-13.004a.999.999 0 1 0 0-1.997.999.999 0 0 0 0 1.997M12 17a1 1 0 0 0 .993-.884L13 16l-.002-5.001-.007-.117a1 1 0 0 0-1.986 0l-.007.117L11 16l.007.117A1 1 0 0 0 12 17\" fill=\"currentColor\"><\/path><\/svg><\/div><\/button><\/div><\/div><div class=\"promotion-card\" style=\"background-image: url(https:\/\/themanekispin.com\/wp-content\/uploads\/2026\/01\/Rakeback.webp);\"><h2 class=\"promotion-card__title\">Rakeback<\/h2><label class=\"promotion-card__offer\">fino al 17%<\/label><label class=\"promotion-card__description\"><\/label><div class=\"promotion-card__actions\"><button data-item=\"payments_link\" data-group=\"website_links\" class=\"goto btn btn-orange rounded-pill fw-bold px-4 m-button m-gradient-border m-button--primary m-button--large promotion-button promotion-card__action-btn\" aria-label=\"Iscriviti\"><div class=\"m-button-content\"><span class=\"promotion-button__content\">Iscriviti<\/span><\/div><\/button><button data-item=\"http:\/\/bonus_link\" data-group=\"website_links\" class=\"goto m-button m-gradient-border m-button--secondary m-button--medium promotion-card__info-btn\" aria-label=\"More information\"><div class=\"m-button-content\"><svg viewBox=\"0 0 24 24\" fill=\"none\" xmlns=\"http:\/\/www.w3.org\/2000\/svg\" class=\"m-icon m-icon-loadable\" name=\"Attention\" loading=\"false\" aria-hidden=\"true\"><path d=\"M12 22C6.477 22 2 17.522 2 12S6.477 2 12 2s10 4.478 10 10-4.477 10-10 10m-.002-13.004a.999.999 0 1 0 0-1.997.999.999 0 0 0 0 1.997M12 17a1 1 0 0 0 .993-.884L13 16l-.002-5.001-.007-.117a1 1 0 0 0-1.986 0l-.007.117L11 16l.007.117A1 1 0 0 0 12 17\" fill=\"currentColor\"><\/path><\/svg><\/div><\/button><\/div><\/div><div class=\"promotion-card\" style=\"background-image: url(https:\/\/themanekispin.com\/wp-content\/uploads\/2026\/01\/Highroller.webp);\"><h2 class=\"promotion-card__title\">Bonus Highroller<\/h2><label class=\"promotion-card__offer\">50% fino a \u20ac 500<\/label><label class=\"promotion-card__description\"><\/label><div class=\"promotion-card__actions\"><button data-item=\"payments_link\" data-group=\"website_links\" class=\"goto btn btn-orange rounded-pill fw-bold px-4 m-button m-gradient-border m-button--primary m-button--large promotion-button promotion-card__action-btn\" aria-label=\"Iscriviti\"><div class=\"m-button-content\"><span class=\"promotion-button__content\">Iscriviti<\/span><\/div><\/button><button data-item=\"http:\/\/bonus_link\" data-group=\"website_links\" class=\"goto m-button m-gradient-border m-button--secondary m-button--medium promotion-card__info-btn\" aria-label=\"More information\"><div class=\"m-button-content\"><svg viewBox=\"0 0 24 24\" fill=\"none\" xmlns=\"http:\/\/www.w3.org\/2000\/svg\" class=\"m-icon m-icon-loadable\" name=\"Attention\" loading=\"false\" aria-hidden=\"true\"><path d=\"M12 22C6.477 22 2 17.522 2 12S6.477 2 12 2s10 4.478 10 10-4.477 10-10 10m-.002-13.004a.999.999 0 1 0 0-1.997.999.999 0 0 0 0 1.997M12 17a1 1 0 0 0 .993-.884L13 16l-.002-5.001-.007-.117a1 1 0 0 0-1.986 0l-.007.117L11 16l.007.117A1 1 0 0 0 12 17\" fill=\"currentColor\"><\/path><\/svg><\/div><\/button><\/div><\/div><\/div><div class=\"scrollable-content-wrap my-5\"><div class=\"scrollable-content-inner\"><h2>Maneki Spin Casino tornei<\/h2>\n<p>Manekispin Casino offre una variet\u00e0 di tornei che contribuiscono al gioco competitivo e garantiscono ricchi premi. Questi tornei si basano su giochi da casin\u00f2 popolari e sono aperti a tutti gli utenti registrati come giocatori. Stimolano la competitivit\u00e0, la tattica e il coinvolgimento regolare e offrono montepremi davvero impressionanti. Ecco alcuni esempi dei tornei pi\u00f9 importanti:<\/p>\n<ul>\n<li>Sfide quotidiane Manekispin: competi ogni giorno e vinci premi in denaro fino a 2.500 \u20ac.<\/li>\n<li>Caccia al tesoro settimanale: eventi settimanali in cui vengono assegnati importanti premi in denaro.<\/li>\n<li>Mega Jackpot mensili: tornei su larga scala con montepremi fino a 5.000.000 \u20ac.<\/li>\n<li>Eventi stagionali: eventi che si svolgono durante le festivit\u00e0 natalizie con offerte speciali.<\/li>\n<\/ul>\n<p>Questi tornei prevedono anche il rispetto obbligatorio di determinate condizioni di scommessa e di idoneit\u00e0, motivo per cui rappresentano la scelta migliore per i giocatori che desiderano provare emozioni forti.<\/p>\n<h2>Manekispin Casin\u00f2 offerta di benvenuto<\/h2>\n<p>Il pacchetto di benvenuto di Manekispin Casino sorprende i nuovi giocatori con un&#8217;offerta iniziale molto vantaggiosa. Consiste in numerosi bonus che aumentano il deposito iniziale e consentono di giocare pi\u00f9 a lungo in diversi giochi del casin\u00f2. Si tratta di un pacchetto completo del valore di circa 1.500 \u20ac, con 250 giri gratuiti! Una tale generosit\u00e0 aiuta i giocatori a familiarizzare con la piattaforma e ad acquisire fiducia nelle loro vincite e nel loro potenziale.<\/p>\n<h3>Primo deposito<\/h3>\n<p>Nel caso di Manekispin Casino, il primo deposito include un bonus del 100% fino a un massimo di 500 \u20ac e 150 giri gratuiti sulle slot machine selezionate. Per qualificarsi, i giocatori devono effettuare un deposito minimo di 20 \u20ac. \u00c8 possibile giocare alla maggior parte dei giochi del casin\u00f2 con il bonus in denaro, e i requisiti di scommessa ben definiti favoriscono un&#8217;atmosfera di gioco equa. I giri gratuiti vengono offerti immediatamente dopo il deposito e durano tre giorni. Quindi tenete presente che scompaiono pi\u00f9 velocemente dei premi in denaro!<\/p>\n<h3>Secondo deposito<\/h3>\n<p>Il secondo deposito Manekispin offre al giocatore un bonus del 55% fino a \u20ac500 e 100 giri gratuiti. Proprio come nel caso del primo deposito, per usufruire di questa offerta \u00e8 necessario un deposito minimo di \u20ac20. Questo bonus incoraggia i nostri giocatori Maneki Spin a divertirsi con pi\u00f9 giochi e a competere. Ogni giocatore ha maggiori possibilit\u00e0 di vincere perch\u00e9 pu\u00f2 continuare a giocare senza che questo influisca sul divertimento.<\/p>\n<h3>Terzo deposito<\/h3>\n<p>L&#8217;ultima categoria del pacchetto di benvenuto \u00e8 il bonus del 100% fino a 500 \u20ac. Non prevede giri gratuiti, ma offre un bonus in denaro sufficiente per giocare a tutti i giochi offerti da Manekispin Casino. Tale bonus deve essere scommesso entro sette giorni e i livelli di contribuzione nei vari tipi di giochi devono essere monitorati per garantire un gioco responsabile.<\/p>\n<h2>Termini e condizioni dei bonus per i giocatori<\/h2>\n<p>I termini trasparenti che regolano tutte le offerte bonus Manekispin incoraggiano il gioco corretto e i vantaggi per i giocatori. Si prega di notare che le slot e i giochi da tavolo hanno tassi di contribuzione diversi. Abbiamo bonus fissi. I fondi bonus Manekispin non sono riscattabili da soli e sono legati alle vincite fino al completamento delle scommesse.<\/p>\n<table>\n<tbody>\n<tr>\n<td>Caratteristica<\/td>\n<td>Dettagli<\/td>\n<\/tr>\n<tr>\n<td>Requisiti di scommessa bonus<\/td>\n<td>40 volte prima che i fondi possano essere prelevati<\/td>\n<\/tr>\n<tr>\n<td>Periodo di validit\u00e0 del bonus<\/td>\n<td>14 giorni dall&#8217;attivazione<\/td>\n<\/tr>\n<tr>\n<td>Deposito minimo<\/td>\n<td>20 \u20ac<\/td>\n<\/tr>\n<tr>\n<td>Validit\u00e0 dei giri gratuiti<\/td>\n<td>3 giorni<\/td>\n<\/tr>\n<tr>\n<td>Contributo per le slot machine<\/td>\n<td>100%<\/td>\n<\/tr>\n<tr>\n<td>Contributo per i giochi da tavolo<\/td>\n<td>Inferiore alle slot, varia<\/td>\n<\/tr>\n<\/tbody>\n<\/table>\n<p>Tutti i bonus sono concessi esclusivamente a una sola persona, una sola abitazione e un solo indirizzo IP. Il rispetto di questi termini da Manekispin garantisce un processo agevole per richiedere, scommettere e riscuotere i bonus.<\/p>\n<h2>Domande frequenti<\/h2>\n<h3>Come posso utilizzare il bonus di benvenuto del casin\u00f2 Manekispin?<\/h3>\n<p>Il bonus Manekispin viene trasferito sul conto dopo aver effettuato depositi qualificanti di importo non inferiore a 20 \u20ac. \u00c8 possibile utilizzare immediatamente i giri gratuiti, poich\u00e9 vengono assegnati all&#8217;istante e possono essere utilizzati in qualsiasi momento.<\/p>\n<h3>I bonus di Maneki Spin Casino sono validi per tutti i giochi?<\/h3>\n<p>Beh, non tutti, ma la maggior parte dei nostri giochi Maneki Spin. Sebbene possano essere applicati determinati tassi di contribuzione e limitazioni in base al tipo di gioco, molti bonus possono essere estesi a qualsiasi gioco. Le slot Manekispin pagano in genere il 100%, mentre i giochi da tavolo pagano una percentuale inferiore, quindi potrebbe essere necessario verificare prima di scommettere.<\/p>\n<h3>Cosa devo fare dopo aver effettuato un deposito se il mio bonus non viene visualizzato?<\/h3>\n<p>Assicurati innanzitutto che il deposito non sia inferiore al minimo richiesto. In caso di problemi, contatta il nostro servizio clienti multilingue: saremo lieti di aiutarti. Possiamo confermare lo stato del conto e l&#8217;attivazione del bonus Manekispin.<\/p>\n<\/div><\/div><\/p>\n","protected":false},"excerpt":{"rendered":"<p>Manekispin Casino bonus e premi Il Manekispin bonus rende il gioco pi\u00f9 divertente. Offre ai giocatori fantastici premi e promozioni. Il nostro casin\u00f2 offre numerosi bonus per aumentare il coinvolgimento e prolungare il gioco. Tali promozioni incoraggiano i clienti italiani nuovi e quelli abituali e rendono le loro visite al nostro casin\u00f2 molto redditizie e [&hellip;]<\/p>\n","protected":false},"author":9,"featured_media":0,"parent":0,"menu_order":0,"comment_status":"closed","ping_status":"closed","template":"template-builder.php","meta":{"_acf_changed":false,"inline_featured_image":false,"footnotes":""},"class_list":["post-1430","page","type-page","status-publish","hentry"],"acf":[],"yoast_head":"<!-- This site is optimized with the Yoast SEO plugin v24.4 - https:\/\/yoast.com\/wordpress\/plugins\/seo\/ -->\n<title>Manekispin casin\u00f2 Bonus e premi esclusivi<\/title>\n<meta name=\"description\" content=\"Scopri gli esclusivi bonus di Manekispin Casino, con generose offerte di benvenuto, bonus sul deposito, promozioni continue ed emozionanti tornei. Trova tutte le condizioni dei bonus e le istruzioni per richiederli facilmente in un unico posto.\" \/>\n<meta name=\"robots\" content=\"index, follow, max-snippet:-1, max-image-preview:large, max-video-preview:-1\" \/>\n<link rel=\"canonical\" href=\"https:\/\/themanekispin.com\/it\/bonus\/\" \/>\n<meta property=\"og:locale\" content=\"it_IT\" \/>\n<meta property=\"og:type\" content=\"article\" \/>\n<meta property=\"og:title\" content=\"Manekispin casin\u00f2 Bonus e premi esclusivi\" \/>\n<meta property=\"og:description\" content=\"Scopri gli esclusivi bonus di Manekispin Casino, con generose offerte di benvenuto, bonus sul deposito, promozioni continue ed emozionanti tornei. Trova tutte le condizioni dei bonus e le istruzioni per richiederli facilmente in un unico posto.\" \/>\n<meta property=\"og:url\" content=\"https:\/\/themanekispin.com\/it\/bonus\/\" \/>\n<meta property=\"og:site_name\" content=\"manekispin\" \/>\n<meta property=\"article:modified_time\" content=\"2026-01-15T08:38:24+00:00\" \/>\n<meta name=\"twitter:card\" content=\"summary_large_image\" \/>\n<meta name=\"twitter:label1\" content=\"Est. reading time\" \/>\n\t<meta name=\"twitter:data1\" content=\"1 minuto\" \/>\n<script type=\"application\/ld+json\" class=\"yoast-schema-graph\">{\"@context\":\"https:\/\/schema.org\",\"@graph\":[{\"@type\":\"WebPage\",\"@id\":\"https:\/\/themanekispin.com\/it\/bonus\/\",\"url\":\"https:\/\/themanekispin.com\/it\/bonus\/\",\"name\":\"Manekispin casin\u00f2 Bonus e premi esclusivi\",\"isPartOf\":{\"@id\":\"https:\/\/themanekispin.com\/it\/#website\"},\"datePublished\":\"2026-01-14T14:34:43+00:00\",\"dateModified\":\"2026-01-15T08:38:24+00:00\",\"description\":\"Scopri gli esclusivi bonus di Manekispin Casino, con generose offerte di benvenuto, bonus sul deposito, promozioni continue ed emozionanti tornei. Trova tutte le condizioni dei bonus e le istruzioni per richiederli facilmente in un unico posto.\",\"breadcrumb\":{\"@id\":\"https:\/\/themanekispin.com\/it\/bonus\/#breadcrumb\"},\"inLanguage\":\"it-IT\",\"potentialAction\":[{\"@type\":\"ReadAction\",\"target\":[\"https:\/\/themanekispin.com\/it\/bonus\/\"]}]},{\"@type\":\"BreadcrumbList\",\"@id\":\"https:\/\/themanekispin.com\/it\/bonus\/#breadcrumb\",\"itemListElement\":[{\"@type\":\"ListItem\",\"position\":1,\"name\":\"Manekispin\",\"item\":\"https:\/\/themanekispin.com\/it\/\"},{\"@type\":\"ListItem\",\"position\":2,\"name\":\"Bonus\"}]},{\"@type\":\"WebSite\",\"@id\":\"https:\/\/themanekispin.com\/it\/#website\",\"url\":\"https:\/\/themanekispin.com\/it\/\",\"name\":\"Manekispin\",\"description\":\"\",\"publisher\":{\"@id\":\"https:\/\/themanekispin.com\/it\/#organization\"},\"potentialAction\":[{\"@type\":\"SearchAction\",\"target\":{\"@type\":\"EntryPoint\",\"urlTemplate\":\"https:\/\/themanekispin.com\/it\/?s={search_term_string}\"},\"query-input\":{\"@type\":\"PropertyValueSpecification\",\"valueRequired\":true,\"valueName\":\"search_term_string\"}}],\"inLanguage\":\"it-IT\"},{\"@type\":\"Organization\",\"@id\":\"https:\/\/themanekispin.com\/it\/#organization\",\"name\":\"Manekispin\",\"url\":\"https:\/\/themanekispin.com\/it\/\",\"logo\":{\"@type\":\"ImageObject\",\"inLanguage\":\"it-IT\",\"@id\":\"https:\/\/themanekispin.com\/it\/#\/schema\/logo\/image\/\",\"url\":\"https:\/\/themanekispin.com\/wp-content\/uploads\/2026\/01\/logo.svg\",\"contentUrl\":\"https:\/\/themanekispin.com\/wp-content\/uploads\/2026\/01\/logo.svg\",\"width\":79,\"height\":24,\"caption\":\"Manekispin\"},\"image\":{\"@id\":\"https:\/\/themanekispin.com\/it\/#\/schema\/logo\/image\/\"}}]}<\/script>\n<!-- \/ Yoast SEO plugin. -->","yoast_head_json":{"title":"Manekispin casin\u00f2 Bonus e premi esclusivi","description":"Scopri gli esclusivi bonus di Manekispin Casino, con generose offerte di benvenuto, bonus sul deposito, promozioni continue ed emozionanti tornei. Trova tutte le condizioni dei bonus e le istruzioni per richiederli facilmente in un unico posto.","robots":{"index":"index","follow":"follow","max-snippet":"max-snippet:-1","max-image-preview":"max-image-preview:large","max-video-preview":"max-video-preview:-1"},"canonical":"https:\/\/themanekispin.com\/it\/bonus\/","og_locale":"it_IT","og_type":"article","og_title":"Manekispin casin\u00f2 Bonus e premi esclusivi","og_description":"Scopri gli esclusivi bonus di Manekispin Casino, con generose offerte di benvenuto, bonus sul deposito, promozioni continue ed emozionanti tornei. Trova tutte le condizioni dei bonus e le istruzioni per richiederli facilmente in un unico posto.","og_url":"https:\/\/themanekispin.com\/it\/bonus\/","og_site_name":"manekispin","article_modified_time":"2026-01-15T08:38:24+00:00","twitter_card":"summary_large_image","twitter_misc":{"Est. reading time":"1 minuto"},"schema":{"@context":"https:\/\/schema.org","@graph":[{"@type":"WebPage","@id":"https:\/\/themanekispin.com\/it\/bonus\/","url":"https:\/\/themanekispin.com\/it\/bonus\/","name":"Manekispin casin\u00f2 Bonus e premi esclusivi","isPartOf":{"@id":"https:\/\/themanekispin.com\/it\/#website"},"datePublished":"2026-01-14T14:34:43+00:00","dateModified":"2026-01-15T08:38:24+00:00","description":"Scopri gli esclusivi bonus di Manekispin Casino, con generose offerte di benvenuto, bonus sul deposito, promozioni continue ed emozionanti tornei. Trova tutte le condizioni dei bonus e le istruzioni per richiederli facilmente in un unico posto.","breadcrumb":{"@id":"https:\/\/themanekispin.com\/it\/bonus\/#breadcrumb"},"inLanguage":"it-IT","potentialAction":[{"@type":"ReadAction","target":["https:\/\/themanekispin.com\/it\/bonus\/"]}]},{"@type":"BreadcrumbList","@id":"https:\/\/themanekispin.com\/it\/bonus\/#breadcrumb","itemListElement":[{"@type":"ListItem","position":1,"name":"Manekispin","item":"https:\/\/themanekispin.com\/it\/"},{"@type":"ListItem","position":2,"name":"Bonus"}]},{"@type":"WebSite","@id":"https:\/\/themanekispin.com\/it\/#website","url":"https:\/\/themanekispin.com\/it\/","name":"Manekispin","description":"","publisher":{"@id":"https:\/\/themanekispin.com\/it\/#organization"},"potentialAction":[{"@type":"SearchAction","target":{"@type":"EntryPoint","urlTemplate":"https:\/\/themanekispin.com\/it\/?s={search_term_string}"},"query-input":{"@type":"PropertyValueSpecification","valueRequired":true,"valueName":"search_term_string"}}],"inLanguage":"it-IT"},{"@type":"Organization","@id":"https:\/\/themanekispin.com\/it\/#organization","name":"Manekispin","url":"https:\/\/themanekispin.com\/it\/","logo":{"@type":"ImageObject","inLanguage":"it-IT","@id":"https:\/\/themanekispin.com\/it\/#\/schema\/logo\/image\/","url":"https:\/\/themanekispin.com\/wp-content\/uploads\/2026\/01\/logo.svg","contentUrl":"https:\/\/themanekispin.com\/wp-content\/uploads\/2026\/01\/logo.svg","width":79,"height":24,"caption":"Manekispin"},"image":{"@id":"https:\/\/themanekispin.com\/it\/#\/schema\/logo\/image\/"}}]}},"_links":{"self":[{"href":"https:\/\/themanekispin.com\/it\/wp-json\/wp\/v2\/pages\/1430"}],"collection":[{"href":"https:\/\/themanekispin.com\/it\/wp-json\/wp\/v2\/pages"}],"about":[{"href":"https:\/\/themanekispin.com\/it\/wp-json\/wp\/v2\/types\/page"}],"author":[{"embeddable":true,"href":"https:\/\/themanekispin.com\/it\/wp-json\/wp\/v2\/users\/9"}],"replies":[{"embeddable":true,"href":"https:\/\/themanekispin.com\/it\/wp-json\/wp\/v2\/comments?post=1430"}],"version-history":[{"count":2,"href":"https:\/\/themanekispin.com\/it\/wp-json\/wp\/v2\/pages\/1430\/revisions"}],"predecessor-version":[{"id":1716,"href":"https:\/\/themanekispin.com\/it\/wp-json\/wp\/v2\/pages\/1430\/revisions\/1716"}],"wp:attachment":[{"href":"https:\/\/themanekispin.com\/it\/wp-json\/wp\/v2\/media?parent=1430"}],"curies":[{"name":"wp","href":"https:\/\/api.w.org\/{rel}","templated":true}]}}