{"id":1418,"date":"2026-01-14T14:23:36","date_gmt":"2026-01-14T14:23:36","guid":{"rendered":"https:\/\/themanekispin.com\/app\/"},"modified":"2026-01-15T08:31:35","modified_gmt":"2026-01-15T08:31:35","slug":"applicazione","status":"publish","type":"page","link":"https:\/\/themanekispin.com\/it\/applicazione\/","title":{"rendered":"Applicazione"},"content":{"rendered":"<h1>Maneki Spin piattaforma mobile<\/h1>\n<p>L&#8217;innovativo Manekispin Casino \u00e8 una piattaforma di gioco divertente e comoda con Manekispin app sviluppata che offre ai giocatori italiani accesso illimitato a una vasta gamma di giochi da tavolo e croupier dal vivo. L&#8217;applicazione \u00e8 intelligente e punta sulla comodit\u00e0, la sicurezza e prestazioni di gioco elevate. L&#8217;abbiamo creata insieme al team multilingue di professionisti per il tuo dispositivo mobile o desktop. Manekispin garantisce ai giocatori la migliore esperienza grazie a funzionalit\u00e0 di alta qualit\u00e0 e un&#8217;interfaccia intuitiva.<\/p>\n<div class=\"banner-wrap\" aria-label=\"Banner\"><img src=\"https:\/\/themanekispin.com\/wp-content\/uploads\/2026\/01\/Manekispin-banner-carousel-800\u0445400-6.webp\" class=\"w-100 d-none d-lg-block img-pc main-banner-img\" alt=\"Manekispin banner desktop\" fetchpriority=\"high\" decoding=\"async\"><img src=\"https:\/\/themanekispin.com\/wp-content\/uploads\/2026\/01\/Manekispin-mobile-banner.webp\" class=\"w-100 d-none d-md-block d-lg-none main-banner-img\" alt=\"Manekispin mobile banner\" fetchpriority=\"high\" decoding=\"async\"><img src=\"https:\/\/themanekispin.com\/wp-content\/uploads\/2026\/01\/Manekispin-mobile-banner.webp\" class=\"w-100 d-md-none\" alt=\"Manekispin mobile banner\" fetchpriority=\"high\" decoding=\"async\"><div class=\"banner-description\">\n<div class=\"banner-title\">Bonus di benvenuto<\/div>\n<p class=\"banner-header-title\">1500 \u20ac<\/p>\n<div class=\"banner-header-AdditionalText\">+ 250 Giri gratuiti<\/div>\n<button data-item=\"homepage_banner_link\" class=\"goto m-button m-gradient-border m-button--primary m-button--large banner-button btn-orange\">\n            <div class=\"m-button-content\">\n                <span>Iscriviti ora<\/span>\n                <span><\/span>\n            <\/div>\n        <\/button>\n<\/div>\n<div class=\"WelcomePack\">\n<p><img loading=\"lazy\" decoding=\"async\" class=\"alignnone size-full wp-image-1329\" src=\"https:\/\/themanekispin.com\/wp-content\/uploads\/2026\/01\/welcome-crown.svg\" alt=\"crown\" width=\"25\" height=\"26\" \/><\/p>\n<div class=\"WelcomePack-Info\">Cashback settimanale fino al 25%<\/div>\n<p><img loading=\"lazy\" decoding=\"async\" class=\"alignnone size-full wp-image-1329\" src=\"https:\/\/themanekispin.com\/wp-content\/uploads\/2026\/01\/welcome-crown.svg\" alt=\"crown\" width=\"25\" height=\"26\" \/><\/p>\n<\/div>\n<\/div>\n<h2>Utilizzo di Manekispin Casino su dispositivi mobili<\/h2>\n<p>L&#8217;app Manekispin migliora la tua esperienza di gioco mobile e offre numerose funzionalit\u00e0 che la rendono migliore della versione per PC in termini di accessibilit\u00e0 e praticit\u00e0. L&#8217;app \u00e8 completamente ottimizzata per funzionare con diversi dispositivi, il che si traduce in una navigazione facile e una velocit\u00e0 di caricamento rapida, fondamentali per una sessione di gioco senza interruzioni. Abbiamo curato tutti i dettagli per creare un&#8217;interfaccia intuitiva. In questo modo \u00e8 facile scegliere i giochi, effettuare depositi e persino gestire il proprio account dal palmo della mano.<\/p>\n<p>L&#8217;app \u00e8 anche versatile e tutti i nostri giocatori di Manekispin Casino possono utilizzare browser mobili e applicazioni dedicate senza perdere i propri progressi e le informazioni di gioco. Tale flessibilit\u00e0 garantisce un&#8217;esperienza di gioco regolare e divertente, sia su tablet che su smartphone. Il supporto tramite chat live e i processi di verifica sicuri sono altre caratteristiche incluse per migliorare ulteriormente l&#8217;esperienza dell&#8217;utente, poich\u00e9 offriamo assistenza immediata e garantiamo la sicurezza durante il gioco.<\/p>\n<p><div class=\"scrollable-content-wrap my-5\"><div class=\"scrollable-content-inner\"><h2>Manekispin App mobile Android<\/h2>\n<p>L&#8217;app Manekispin che abbiamo creato per Android \u00e8 una PWA (acronimo di Progressive Web Application). \u00c8 semplice ma potente nelle funzionalit\u00e0. Questa app Manekispin \u00e8 completamente basata sul browser e, quindi, non richiede i tradizionali download e file di installazione, il che ne migliora la sicurezza e la praticit\u00e0. Per utilizzare l&#8217;app Manekispin Casino, basta visitare la nostra pagina Maneki Spin Casino e scorrere verso il basso fino al pulsante &#8220;Casino App&#8221;. \u00c8 facile da trovare. Questo link genera un collegamento alla schermata iniziale, da cui \u00e8 possibile accedervi facilmente.<\/p>\n<h3>PWA<\/h3>\n<p>Ma cos&#8217;\u00e8 esattamente una PWA? L&#8217;APK Manekispin non \u00e8 necessario. La nostra nuova applicazione web progressiva garantisce un ambiente di gioco sicuro, reattivo e leggero. \u00c8 anche automatica. I giocatori di Manekispin Casino possono godere delle funzionalit\u00e0 pi\u00f9 aggiornate e dei miglioramenti di sicurezza senza doverle aggiornare personalmente. Ci\u00f2 riduce lo spazio di archiviazione e supporta il gioco offline in rari casi, il che \u00e8 flessibile e offre intrattenimento senza interruzioni. \u00c8 molto pi\u00f9 veloce aprire e provare una PWA pi\u00f9 integrata.<\/p>\n<p><img loading=\"lazy\" decoding=\"async\" src=\"https:\/\/themanekispin.com\/wp-content\/uploads\/2026\/01\/Manekispin-Android-App.webp\" alt=\"Manekispin Android App\" width=\"1248\" height=\"536\" \/><\/p>\n<\/div><\/div><div style=\"clear: both\"><\/div><div class=\"d-flex justify-content-center\"><button data-item=\"decouvrez_link\" data-group=\"website_links\" class=\"goto fw-bold rounded-pill btn btn-orange\" aria-label=\"Scarica l&#039;app Manekispin\" >Scarica l&#039;app Manekispin<\/button><\/div><div class=\"scrollable-content-wrap my-5\"><div class=\"scrollable-content-inner\"><h2>Manekispin App mobile iOS<\/h2>\n<p>Manekispin Casino \u00e8 disponibile per gli utenti iOS su browser di terze parti come Safari. La nostra integrazione \u00e8 ottimizzata per i dispositivi mobili e si adatta automaticamente agli schermi pi\u00f9 piccoli, garantendo un&#8217;esperienza di gioco di alta qualit\u00e0. L&#8217;app Manekispin pu\u00f2 essere installata facilmente sui dispositivi iOS:<\/p>\n<ol>\n<li>\u00c8 necessario scorrere fino alla fine della pagina principale di Manekispin Casino.<\/li>\n<li>Posiziona l&#8217;icona dell&#8217;app nella parte inferiore della schermata iniziale.<\/li>\n<li>Procedere con il pulsante di installazione e attendere fino al termine del caricamento.<\/li>\n<li>Buon divertimento con l&#8217;app!<\/li>\n<\/ol>\n<p>Poich\u00e9 l&#8217;app non sar\u00e0 disponibile sull&#8217;App Store, sar\u00e0 possibile accedervi solo tramite il sito di Manekispin Casino. Tuttavia, \u00e8 comunque sicura. L&#8217;app Manekispin supporta tutte le funzionalit\u00e0. La versione desktop offre selezione dei giochi, gestione dell&#8217;account e assistenza tramite chat live, garantendo un&#8217;esperienza affidabile e sicura su tutti i dispositivi.<\/p>\n<p><img loading=\"lazy\" decoding=\"async\" src=\"https:\/\/themanekispin.com\/wp-content\/uploads\/2026\/01\/Manekispin-iOS-App.webp\" alt=\"Manekispin iOS App\" width=\"1248\" height=\"536\" \/><\/p>\n<\/div><\/div><div style=\"clear: both\"><\/div><div class=\"d-flex justify-content-center\"><button data-item=\"decouvrez_link\" data-group=\"website_links\" class=\"goto fw-bold rounded-pill btn btn-orange\" aria-label=\"Scarica Manekispin\" >Scarica Manekispin<\/button><\/div><div class=\"scrollable-content-wrap my-5\"><div class=\"scrollable-content-inner\"><h2>Applicazioni Windows e macOS<\/h2>\n<p>Manekispin Casino offre anche un&#8217;interfaccia desktop con Windows e macOS! I nostri utenti sono entusiasti di poter giocare ai loro titoli di casin\u00f2 preferiti su schermi pi\u00f9 grandi. \u00c8 possibile accedervi utilizzando qualsiasi browser, tra cui Chrome, Edge, Safari o Firefox, nelle versioni pi\u00f9 recenti. Dispone di scorciatoie che consentono ai giocatori di accedere facilmente al sito e riducono anche il tempo necessario per il processo di login. Come creare una scorciatoia?<\/p>\n<table>\n<tbody>\n<tr>\n<td>Piattaforma<\/td>\n<td>Come creare un collegamento<\/td>\n<td>Note<\/td>\n<\/tr>\n<tr>\n<td>Finestre<\/td>\n<td>Apri un browser, visita il sito Manekispin, seleziona le opzioni del menu e scegli &#8220;Aggiungi al desktop&#8221;.<\/td>\n<td>Non \u00e8 necessario alcun software aggiuntivo; semplifica l&#8217;accesso.<\/td>\n<\/tr>\n<tr>\n<td>macOS<\/td>\n<td>Utilizza Safari o Chrome, vai al sito, quindi seleziona &#8220;File&#8221; &gt; &#8220;Aggiungi al Dock&#8221;.<\/td>\n<td>Non richiede configurazioni complesse; mantiene tutte le funzionalit\u00e0 del desktop.<\/td>\n<\/tr>\n<\/tbody>\n<\/table>\n<p>Tutte le funzioni, come il processo di verifica e i controlli di sicurezza, sono necessarie per i prelievi. In questo modo garantiamo la sicurezza e la conformit\u00e0 su tutti i dispositivi della piattaforma desktop.<\/p>\n<p><img loading=\"lazy\" decoding=\"async\" src=\"https:\/\/themanekispin.com\/wp-content\/uploads\/2026\/01\/Manekispin-Desktop.webp\" alt=\"Manekispin Desktop\" width=\"1248\" height=\"536\" \/><\/p>\n<\/div><\/div><div style=\"clear: both\"><\/div><div class=\"d-flex justify-content-center\"><button data-item=\"decouvrez_link\" data-group=\"website_links\" class=\"goto fw-bold rounded-pill btn btn-orange\" aria-label=\"Scarica l&#039;app Manekispin\" >Scarica l&#039;app Manekispin<\/button><\/div><div class=\"scrollable-content-wrap my-5\"><div class=\"scrollable-content-inner\"><h2>Domande frequenti<\/h2>\n<h3>\u00c8 necessario creare un account per utilizzare l&#8217;app Maneki Spin?<\/h3>\n<p>La risposta \u00e8 s\u00ec! Per goderti appieno l&#8217;esperienza di gioco con fantastiche slot online e giochi da tavolo, \u00e8 importante gestire i depositi e verificare un account registrato. La registrazione al sito non \u00e8 complicata. I nostri giocatori possono creare il proprio profilo in breve tempo e iniziare a giocare.<\/p>\n<h3>L&#8217;app Maneki Spin Casino offre assistenza clienti?<\/h3>\n<p>Abbiamo sicuramente un team di professionisti pronto ad aiutarti! Il sito dispone di una chat live integrata attraverso la quale \u00e8 possibile contattare il team di assistenza in tempo reale. Inoltre, offriamo assistenza 24 ore su 24, 7 giorni su 7, per garantire che i giocatori del casin\u00f2 mobile ricevano assistenza tempestiva in caso di problemi tecnici, domande su come giocare o richieste relative alla gestione dell&#8217;account.<\/p>\n<h3>Come posso aggiornare l&#8217;app Manekispin Casino?<\/h3>\n<p>Nel caso della versione PWA, gli aggiornamenti avvengono automaticamente tramite il browser. Non \u00e8 necessario alcun intervento manuale. Se qualcosa non funziona correttamente, consigliamo di reinstallarla. Per quanto riguarda il resto, i collegamenti sul desktop sono gi\u00e0 collegati alla versione attuale tramite Internet, quindi non \u00e8 necessario aggiornare manualmente le app.<\/p>\n<\/div><\/div><\/p>\n","protected":false},"excerpt":{"rendered":"<p>Maneki Spin piattaforma mobile L&#8217;innovativo Manekispin Casino \u00e8 una piattaforma di gioco divertente e comoda con Manekispin app sviluppata che offre ai giocatori italiani accesso illimitato a una vasta gamma di giochi da tavolo e croupier dal vivo. L&#8217;applicazione \u00e8 intelligente e punta sulla comodit\u00e0, la sicurezza e prestazioni di gioco elevate. L&#8217;abbiamo creata insieme [&hellip;]<\/p>\n","protected":false},"author":9,"featured_media":0,"parent":0,"menu_order":0,"comment_status":"closed","ping_status":"closed","template":"template-builder.php","meta":{"_acf_changed":false,"inline_featured_image":false,"footnotes":""},"class_list":["post-1418","page","type-page","status-publish","hentry"],"acf":[],"yoast_head":"<!-- This site is optimized with the Yoast SEO plugin v24.4 - https:\/\/yoast.com\/wordpress\/plugins\/seo\/ -->\n<title>Manekispin App | Piattaforme iOS e Android<\/title>\n<meta name=\"description\" content=\"L&#039;app Manekispin offre un&#039;esperienza di gioco fluida su Android, iOS, Windows e macOS, con account sincronizzati, aggiornamenti regolari e assistenza clienti integrata per un&#039;esperienza senza intoppi.\" \/>\n<meta name=\"robots\" content=\"index, follow, max-snippet:-1, max-image-preview:large, max-video-preview:-1\" \/>\n<link rel=\"canonical\" href=\"https:\/\/themanekispin.com\/it\/applicazione\/\" \/>\n<meta property=\"og:locale\" content=\"it_IT\" \/>\n<meta property=\"og:type\" content=\"article\" \/>\n<meta property=\"og:title\" content=\"Manekispin App | Piattaforme iOS e Android\" \/>\n<meta property=\"og:description\" content=\"L&#039;app Manekispin offre un&#039;esperienza di gioco fluida su Android, iOS, Windows e macOS, con account sincronizzati, aggiornamenti regolari e assistenza clienti integrata per un&#039;esperienza senza intoppi.\" \/>\n<meta property=\"og:url\" content=\"https:\/\/themanekispin.com\/it\/applicazione\/\" \/>\n<meta property=\"og:site_name\" content=\"manekispin\" \/>\n<meta property=\"article:modified_time\" content=\"2026-01-15T08:31:35+00:00\" \/>\n<meta name=\"twitter:card\" content=\"summary_large_image\" \/>\n<meta name=\"twitter:label1\" content=\"Est. reading time\" \/>\n\t<meta name=\"twitter:data1\" content=\"2 minuti\" \/>\n<script type=\"application\/ld+json\" class=\"yoast-schema-graph\">{\"@context\":\"https:\/\/schema.org\",\"@graph\":[{\"@type\":\"WebPage\",\"@id\":\"https:\/\/themanekispin.com\/it\/applicazione\/\",\"url\":\"https:\/\/themanekispin.com\/it\/applicazione\/\",\"name\":\"Manekispin App | Piattaforme iOS e Android\",\"isPartOf\":{\"@id\":\"https:\/\/themanekispin.com\/it\/#website\"},\"datePublished\":\"2026-01-14T14:23:36+00:00\",\"dateModified\":\"2026-01-15T08:31:35+00:00\",\"description\":\"L'app Manekispin offre un'esperienza di gioco fluida su Android, iOS, Windows e macOS, con account sincronizzati, aggiornamenti regolari e assistenza clienti integrata per un'esperienza senza intoppi.\",\"breadcrumb\":{\"@id\":\"https:\/\/themanekispin.com\/it\/applicazione\/#breadcrumb\"},\"inLanguage\":\"it-IT\",\"potentialAction\":[{\"@type\":\"ReadAction\",\"target\":[\"https:\/\/themanekispin.com\/it\/applicazione\/\"]}]},{\"@type\":\"BreadcrumbList\",\"@id\":\"https:\/\/themanekispin.com\/it\/applicazione\/#breadcrumb\",\"itemListElement\":[{\"@type\":\"ListItem\",\"position\":1,\"name\":\"Manekispin\",\"item\":\"https:\/\/themanekispin.com\/it\/\"},{\"@type\":\"ListItem\",\"position\":2,\"name\":\"Applicazione\"}]},{\"@type\":\"WebSite\",\"@id\":\"https:\/\/themanekispin.com\/it\/#website\",\"url\":\"https:\/\/themanekispin.com\/it\/\",\"name\":\"Manekispin\",\"description\":\"\",\"publisher\":{\"@id\":\"https:\/\/themanekispin.com\/it\/#organization\"},\"potentialAction\":[{\"@type\":\"SearchAction\",\"target\":{\"@type\":\"EntryPoint\",\"urlTemplate\":\"https:\/\/themanekispin.com\/it\/?s={search_term_string}\"},\"query-input\":{\"@type\":\"PropertyValueSpecification\",\"valueRequired\":true,\"valueName\":\"search_term_string\"}}],\"inLanguage\":\"it-IT\"},{\"@type\":\"Organization\",\"@id\":\"https:\/\/themanekispin.com\/it\/#organization\",\"name\":\"Manekispin\",\"url\":\"https:\/\/themanekispin.com\/it\/\",\"logo\":{\"@type\":\"ImageObject\",\"inLanguage\":\"it-IT\",\"@id\":\"https:\/\/themanekispin.com\/it\/#\/schema\/logo\/image\/\",\"url\":\"https:\/\/themanekispin.com\/wp-content\/uploads\/2026\/01\/logo.svg\",\"contentUrl\":\"https:\/\/themanekispin.com\/wp-content\/uploads\/2026\/01\/logo.svg\",\"width\":79,\"height\":24,\"caption\":\"Manekispin\"},\"image\":{\"@id\":\"https:\/\/themanekispin.com\/it\/#\/schema\/logo\/image\/\"}}]}<\/script>\n<!-- \/ Yoast SEO plugin. -->","yoast_head_json":{"title":"Manekispin App | Piattaforme iOS e Android","description":"L'app Manekispin offre un'esperienza di gioco fluida su Android, iOS, Windows e macOS, con account sincronizzati, aggiornamenti regolari e assistenza clienti integrata per un'esperienza senza intoppi.","robots":{"index":"index","follow":"follow","max-snippet":"max-snippet:-1","max-image-preview":"max-image-preview:large","max-video-preview":"max-video-preview:-1"},"canonical":"https:\/\/themanekispin.com\/it\/applicazione\/","og_locale":"it_IT","og_type":"article","og_title":"Manekispin App | Piattaforme iOS e Android","og_description":"L'app Manekispin offre un'esperienza di gioco fluida su Android, iOS, Windows e macOS, con account sincronizzati, aggiornamenti regolari e assistenza clienti integrata per un'esperienza senza intoppi.","og_url":"https:\/\/themanekispin.com\/it\/applicazione\/","og_site_name":"manekispin","article_modified_time":"2026-01-15T08:31:35+00:00","twitter_card":"summary_large_image","twitter_misc":{"Est. reading time":"2 minuti"},"schema":{"@context":"https:\/\/schema.org","@graph":[{"@type":"WebPage","@id":"https:\/\/themanekispin.com\/it\/applicazione\/","url":"https:\/\/themanekispin.com\/it\/applicazione\/","name":"Manekispin App | Piattaforme iOS e Android","isPartOf":{"@id":"https:\/\/themanekispin.com\/it\/#website"},"datePublished":"2026-01-14T14:23:36+00:00","dateModified":"2026-01-15T08:31:35+00:00","description":"L'app Manekispin offre un'esperienza di gioco fluida su Android, iOS, Windows e macOS, con account sincronizzati, aggiornamenti regolari e assistenza clienti integrata per un'esperienza senza intoppi.","breadcrumb":{"@id":"https:\/\/themanekispin.com\/it\/applicazione\/#breadcrumb"},"inLanguage":"it-IT","potentialAction":[{"@type":"ReadAction","target":["https:\/\/themanekispin.com\/it\/applicazione\/"]}]},{"@type":"BreadcrumbList","@id":"https:\/\/themanekispin.com\/it\/applicazione\/#breadcrumb","itemListElement":[{"@type":"ListItem","position":1,"name":"Manekispin","item":"https:\/\/themanekispin.com\/it\/"},{"@type":"ListItem","position":2,"name":"Applicazione"}]},{"@type":"WebSite","@id":"https:\/\/themanekispin.com\/it\/#website","url":"https:\/\/themanekispin.com\/it\/","name":"Manekispin","description":"","publisher":{"@id":"https:\/\/themanekispin.com\/it\/#organization"},"potentialAction":[{"@type":"SearchAction","target":{"@type":"EntryPoint","urlTemplate":"https:\/\/themanekispin.com\/it\/?s={search_term_string}"},"query-input":{"@type":"PropertyValueSpecification","valueRequired":true,"valueName":"search_term_string"}}],"inLanguage":"it-IT"},{"@type":"Organization","@id":"https:\/\/themanekispin.com\/it\/#organization","name":"Manekispin","url":"https:\/\/themanekispin.com\/it\/","logo":{"@type":"ImageObject","inLanguage":"it-IT","@id":"https:\/\/themanekispin.com\/it\/#\/schema\/logo\/image\/","url":"https:\/\/themanekispin.com\/wp-content\/uploads\/2026\/01\/logo.svg","contentUrl":"https:\/\/themanekispin.com\/wp-content\/uploads\/2026\/01\/logo.svg","width":79,"height":24,"caption":"Manekispin"},"image":{"@id":"https:\/\/themanekispin.com\/it\/#\/schema\/logo\/image\/"}}]}},"_links":{"self":[{"href":"https:\/\/themanekispin.com\/it\/wp-json\/wp\/v2\/pages\/1418"}],"collection":[{"href":"https:\/\/themanekispin.com\/it\/wp-json\/wp\/v2\/pages"}],"about":[{"href":"https:\/\/themanekispin.com\/it\/wp-json\/wp\/v2\/types\/page"}],"author":[{"embeddable":true,"href":"https:\/\/themanekispin.com\/it\/wp-json\/wp\/v2\/users\/9"}],"replies":[{"embeddable":true,"href":"https:\/\/themanekispin.com\/it\/wp-json\/wp\/v2\/comments?post=1418"}],"version-history":[{"count":2,"href":"https:\/\/themanekispin.com\/it\/wp-json\/wp\/v2\/pages\/1418\/revisions"}],"predecessor-version":[{"id":1707,"href":"https:\/\/themanekispin.com\/it\/wp-json\/wp\/v2\/pages\/1418\/revisions\/1707"}],"wp:attachment":[{"href":"https:\/\/themanekispin.com\/it\/wp-json\/wp\/v2\/media?parent=1418"}],"curies":[{"name":"wp","href":"https:\/\/api.w.org\/{rel}","templated":true}]}}