{"id":1455,"date":"2026-01-14T14:27:30","date_gmt":"2026-01-14T14:27:30","guid":{"rendered":"https:\/\/themanekispin.com\/login-and-registration\/"},"modified":"2026-01-15T06:50:47","modified_gmt":"2026-01-15T06:50:47","slug":"connexion-et-inscription","status":"publish","type":"page","link":"https:\/\/themanekispin.com\/fr\/connexion-et-inscription\/","title":{"rendered":"Connexion et inscription"},"content":{"rendered":"<h1>Connexion et inscription au compte Manekispin<\/h1>\n<p>Manekispin login offre un acc\u00e8s pratique \u00e0 un syst\u00e8me de jeux en ligne tout compris pour les personnes qui souhaitent jouer en toute s\u00e9curit\u00e9, se divertir et profiter d&rsquo;une grande vari\u00e9t\u00e9 de jeux. Apr\u00e8s s&rsquo;\u00eatre inscrit, l&rsquo;utilisateur a acc\u00e8s \u00e0 une grande vari\u00e9t\u00e9 de jeux de casino. Tout le monde peut g\u00e9rer son compte facilement et b\u00e9n\u00e9ficier de bonus exclusifs. Notre site est moderne, afin que chaque session de jeu soit confortable et pratique.<\/p>\n<p><div class=\"banner-wrap\" aria-label=\"Banner\"><img src=\"https:\/\/themanekispin.com\/wp-content\/uploads\/2026\/01\/Manekispin-banner-carousel-800\u0445400-6.webp\" class=\"w-100 d-none d-lg-block img-pc main-banner-img\" alt=\"Manekispin banner desktop\" fetchpriority=\"high\" decoding=\"async\"><img src=\"https:\/\/themanekispin.com\/wp-content\/uploads\/2026\/01\/Manekispin-mobile-banner.webp\" class=\"w-100 d-none d-md-block d-lg-none main-banner-img\" alt=\"Manekispin mobile banner\" fetchpriority=\"high\" decoding=\"async\"><img src=\"https:\/\/themanekispin.com\/wp-content\/uploads\/2026\/01\/Manekispin-mobile-banner.webp\" class=\"w-100 d-md-none\" alt=\"Manekispin mobile banner\" fetchpriority=\"high\" decoding=\"async\"><div class=\"banner-description\">\n<div class=\"banner-title\">Bonus de bienvenue<\/div>\n<p class=\"banner-header-title\">1500 \u20ac<\/p>\n<div class=\"banner-header-AdditionalText\">+ 250 Tours gratuits<\/div>\n<button data-item=\"homepage_banner_link\" class=\"goto m-button m-gradient-border m-button--primary m-button--large banner-button btn-orange\">\n            <div class=\"m-button-content\">\n                <span>Inscrivez-vous d\u00e8s maintenant<\/span>\n                <span><\/span>\n            <\/div>\n        <\/button>\n<\/div>\n<div class=\"WelcomePack\">\n<p><img loading=\"lazy\" decoding=\"async\" class=\"alignnone size-full wp-image-1329\" src=\"https:\/\/themanekispin.com\/wp-content\/uploads\/2026\/01\/welcome-crown.svg\" alt=\"crown\" width=\"25\" height=\"26\" \/><\/p>\n<div class=\"WelcomePack-Info\">Cashback hebdomadaire jusqu&rsquo;\u00e0 25 %<\/div>\n<p><img loading=\"lazy\" decoding=\"async\" class=\"alignnone size-full wp-image-1329\" src=\"https:\/\/themanekispin.com\/wp-content\/uploads\/2026\/01\/welcome-crown.svg\" alt=\"crown\" width=\"25\" height=\"26\" \/><\/p>\n<\/div>\n<\/div><div class=\"scrollable-content-wrap my-5\"><div class=\"scrollable-content-inner\"><h2>Inscription d&rsquo;un nouvel utilisateur sur Maneki Spin Casino<\/h2>\n<p>D\u00e8s votre premi\u00e8re connexion \u00e0 Manekispin, un monde de possibilit\u00e9s infinies s&rsquo;ouvrira \u00e0 vous ! En s&rsquo;inscrivant sur Manekispin Casino, les utilisateurs ne manquent aucune occasion d&rsquo;explorer tout le potentiel de notre plateforme et d&rsquo;acc\u00e9der \u00e0 une vaste biblioth\u00e8que de jeux, \u00e0 des options bancaires s\u00e9curis\u00e9es et \u00e0 des bonus exclusifs. La premi\u00e8re chose \u00e0 faire pour profiter de tout ce que nous avons \u00e0 vous offrir est de cr\u00e9er un compte, avec tous les avantages qui l&rsquo;accompagnent, tels que la gestion personnelle de votre compte, la participation \u00e0 des tournois et l&rsquo;obtention de r\u00e9compenses de fid\u00e9lit\u00e9.<\/p>\n<h2>Cr\u00e9ez votre compte<\/h2>\n<p>Pour s&rsquo;inscrire sur Manekispin Casino, rien de plus simple : il suffit de se connecter pour la premi\u00e8re fois sur Manekispin. Comment ? C&rsquo;est facile ! Voici comment proc\u00e9der :<\/p>\n<ol>\n<li>Trouvez le bouton \u00ab S&rsquo;inscrire \u00bb du casino Manekispin, visible sur la page d&rsquo;accueil.<\/li>\n<li>Remplissez le formulaire d&rsquo;inscription en indiquant vos informations personnelles, votre adresse e-mail et votre nom complet. (Vous pourrez ajouter d&rsquo;autres informations personnelles ult\u00e9rieurement.)<\/li>\n<li>Utilisez un mot de passe puissant pour votre compte.<\/li>\n<li>Accepter les conditions g\u00e9n\u00e9rales et la politique de confidentialit\u00e9 (cocher).<\/li>\n<li>Adh\u00e9rez aux actualit\u00e9s ou s\u00e9lectionnez des partenaires (cochez la case).<\/li>\n<li>Terminez votre inscription \u00e0 l&rsquo;aide du courriel de v\u00e9rification qui vous sera envoy\u00e9 \u00e0 l&rsquo;adresse que vous avez indiqu\u00e9e.<\/li>\n<li>Apr\u00e8s v\u00e9rification, votre compte est activ\u00e9 et vous pouvez vous connecter \u00e0 Manekispin pour commencer \u00e0 explorer toutes les fonctionnalit\u00e9s disponibles.<\/li>\n<\/ol>\n<p>Cette inscription rapide vous permettra de commencer \u00e0 jouer imm\u00e9diatement tout en respectant les normes l\u00e9gales et de s\u00e9curit\u00e9.<\/p>\n<h2>Utilisation d&rsquo;un compte Manekispin Casino<\/h2>\n<p>Le compte Maneki Spin est facile \u00e0 utiliser et s\u00e9curis\u00e9. Suivez ces instructions :<\/p>\n<ol>\n<li>Rep\u00e9rez la zone \u00ab Connexion Manekispin \u00bb, situ\u00e9e en haut \u00e0 droite de la page d&rsquo;accueil.<\/li>\n<li>Saisissez l&rsquo;adresse e-mail et le mot de passe enregistr\u00e9s.<\/li>\n<li>Pour acc\u00e9der \u00e0 votre compte Manekispin, vous devez cliquer sur le bouton Connexion Manekispin.<\/li>\n<\/ol>\n<p>Une fois connect\u00e9 \u00e0 Maneki Spin, vous pouvez :<\/p>\n<ul>\n<li>Vous pouvez d\u00e9poser de l&rsquo;argent en toute s\u00e9curit\u00e9 sur votre compte.<\/li>\n<li>Recevez des bonus et participez \u00e0 des promotions continues.<\/li>\n<li>Contr\u00f4lez vos donn\u00e9es personnelles et vos informations bancaires.<\/li>\n<li>Consultez votre historique de jeu et vos transactions.<\/li>\n<li>Vous pouvez prendre des mesures de s\u00e9curit\u00e9 suppl\u00e9mentaires, telles que l&rsquo;authentification \u00e0 deux facteurs, etc.<\/li>\n<\/ul>\n<p>La plateforme sera facile \u00e0 naviguer, avec un tableau de bord convivial qui permet une gestion transparente des comptes, rendant l&rsquo;exp\u00e9rience de jeu agr\u00e9able.<\/p>\n<h3>Vous avez oubli\u00e9 votre mot de passe Maneki Spin ?<\/h3>\n<p>Pas de probl\u00e8me, cela arrive \u00e0 tout le monde ! Si vous perdez vos identifiants et\/ou votre mot de passe pour faire le Manekispin login, commencez par vous calmer, nous sommes l\u00e0 pour vous aider. Il vous suffit d&rsquo;entrer votre adresse e-mail enregistr\u00e9e et, en quelques minutes, nous vous enverrons un lien de r\u00e9initialisation que vous devrez ouvrir (ne vous inqui\u00e9tez pas, tous nos liens sont s\u00e9curis\u00e9s). Pour vous assurer de vous reconnecter \u00e0 votre compte en toute s\u00e9curit\u00e9, suivez les instructions contenues dans l&rsquo;e-mail et utilisez un nouveau mot de passe.<\/p>\n<h3>Manekispin Casino V\u00e9rification et s\u00e9curit\u00e9 du compte<\/h3>\n<p>Manekispin Casino dispose d&rsquo;un syst\u00e8me de s\u00e9curit\u00e9 bien pens\u00e9. Nous en savons tout et mettons en \u0153uvre la meilleure protection afin que vos donn\u00e9es et informations soient en s\u00e9curit\u00e9. L&rsquo;identification implique la pr\u00e9sentation de documents officiels permettant de v\u00e9rifier votre identit\u00e9, votre \u00e2ge et votre adresse. Il s&rsquo;agit g\u00e9n\u00e9ralement d&rsquo;une pi\u00e8ce d&rsquo;identit\u00e9 d\u00e9livr\u00e9e par le gouvernement, d&rsquo;une facture de services publics ou d&rsquo;un relev\u00e9 bancaire. Ce processus est n\u00e9cessaire, car il permet de garantir la s\u00e9curit\u00e9 de l&rsquo;environnement de jeu et de respecter les exigences l\u00e9gales.<\/p>\n<h3>Processus de v\u00e9rification<\/h3>\n<p>Le processus de v\u00e9rification Maneki Spin est \u00e9galement rapide et g\u00e9n\u00e9ralement achev\u00e9 dans les 48 heures suivant la soumission des documents. Nous disposons d&rsquo;une \u00e9quipe d&rsquo;assistance d\u00e9di\u00e9e, que vous pouvez contacter par chat en direct ou par e-mail, qui peut \u00e9galement vous aider pendant le processus, r\u00e9pondre \u00e0 toutes vos questions et r\u00e9soudre tout probl\u00e8me. Il est pr\u00e9f\u00e9rable d&rsquo;effectuer la v\u00e9rification \u00e0 l&rsquo;avance afin d&rsquo;\u00e9viter tout retard dans les retraits et de s\u00e9curiser votre compte. Veuillez la r\u00e9aliser dans les meilleurs d\u00e9lais.<\/p>\n<table>\n<tbody>\n<tr>\n<td>Fonction de s\u00e9curit\u00e9<\/td>\n<td>Description<\/td>\n<\/tr>\n<tr>\n<td>Processus de v\u00e9rification<\/td>\n<td>Confirme l&rsquo;identit\u00e9 et pr\u00e9viens la fraude<\/td>\n<\/tr>\n<tr>\n<td>Authentification \u00e0 deux facteurs<\/td>\n<td>Ajoute une couche de s\u00e9curit\u00e9 suppl\u00e9mentaire lors de la connexion<\/td>\n<\/tr>\n<tr>\n<td>Modes de paiement s\u00e9curis\u00e9s<\/td>\n<td>Options bancaires crypt\u00e9es pour les d\u00e9p\u00f4ts et les retraits<\/td>\n<\/tr>\n<tr>\n<td>Surveillance des activit\u00e9s<\/td>\n<td>Suivi de l&rsquo;activit\u00e9 du compte pour d\u00e9tecter tout comportement suspect<\/td>\n<\/tr>\n<\/tbody>\n<\/table>\n<h3>Fonctions de s\u00e9curit\u00e9<\/h3>\n<p>Notre s\u00e9curit\u00e9 intelligente et l&rsquo;assistance du casino Manekispin garantissent \u00e0 tous les utilisateurs des solutions \u00e0 leurs probl\u00e8mes aussi rapidement que possible. Nous fournissons une assistance aux joueurs du monde entier. Nous r\u00e9solvons non seulement les difficult\u00e9s administratives, mais aussi les difficult\u00e9s techniques qui peuvent survenir pendant l&rsquo;exp\u00e9rience de jeu. Et nous effectuons toujours de multiples v\u00e9rifications et surveillons l&rsquo;activit\u00e9 des transactions afin d&#8217;emp\u00eacher tout acc\u00e8s non autoris\u00e9.<\/p>\n<h2>FAQ<\/h2>\n<h3>Comment puis-je terminer le processus de v\u00e9rification du compte ?<\/h3>\n<p>Pour v\u00e9rifier pleinement votre identit\u00e9 sur Maneki Spin Casino, vous devez fournir des documents authentiques. Vous pouvez effectuer toutes ces d\u00e9marches depuis votre tableau de bord. Si des informations suppl\u00e9mentaires sont n\u00e9cessaires, nous vous contacterons. Faites v\u00e9rifier votre identit\u00e9 d\u00e8s que possible afin de pouvoir effectuer vos retraits sans difficult\u00e9. Vous b\u00e9n\u00e9ficierez \u00e9galement d&rsquo;un niveau de s\u00e9curit\u00e9 accru.<\/p>\n<h3>Comment mettre \u00e0 jour le mot de passe ou l&rsquo;adresse e-mail ?<\/h3>\n<p>G\u00e9rez votre compte \u00e0 l&rsquo;aide du tableau de bord. Cliquez sur le bouton pour modifier votre mot de passe ou votre adresse e-mail si n\u00e9cessaire. Saisissez les nouvelles informations (mises \u00e0 jour) et cliquez pour confirmer. Pour renforcer la s\u00e9curit\u00e9, vous pouvez prouver votre identit\u00e9 apr\u00e8s les mises \u00e0 jour que vous effectuez. \u00c9vitez de le faire de mani\u00e8re r\u00e9p\u00e9t\u00e9e.<\/p>\n<h3>Que dois-je faire si mon compte Maneki Spin est bloqu\u00e9 ?<\/h3>\n<p>Des tentatives r\u00e9p\u00e9t\u00e9es et infructueuses pour vous connecter \u00e0 Manekispin ou pour pointer plusieurs fois dans la journ\u00e9e peuvent nous amener \u00e0 vous soup\u00e7onner et \u00e0 bloquer temporairement votre compte et vos actifs. Mais ne vous inqui\u00e9tez pas, il vous suffit de nous envoyer un e-mail ou d&rsquo;utiliser le chat en direct pour nous expliquer la situation. Nous v\u00e9rifierons tout et d\u00e9bloquerons votre compte si tout est en ordre. Pr\u00e9parez des captures d&rsquo;\u00e9cran, car nous fournir les informations correctes permettra de r\u00e9soudre le probl\u00e8me encore plus rapidement.<\/p>\n<h3>Comment puis-je fermer ou suspendre temporairement mon compte ?<\/h3>\n<p>Sur votre tableau de bord, s\u00e9lectionnez l&rsquo;option permettant de suspendre votre compte et pr\u00e9cisez la dur\u00e9e de votre absence. La fermeture d\u00e9finitive est \u00e9galement possible : il vous suffit de suivre les instructions qui vous guideront vers la suppression d\u00e9finitive. Consultez notre assistance multilingue : nous vous aidons \u00e9galement dans ce type de situation. Notre \u00e9quipe garantit le respect des politiques de jeu responsable.<\/p>\n<\/div><\/div><\/p>\n","protected":false},"excerpt":{"rendered":"<p>Connexion et inscription au compte Manekispin Manekispin login offre un acc\u00e8s pratique \u00e0 un syst\u00e8me de jeux en ligne tout compris pour les personnes qui souhaitent jouer en toute s\u00e9curit\u00e9, se divertir et profiter d&rsquo;une grande vari\u00e9t\u00e9 de jeux. Apr\u00e8s s&rsquo;\u00eatre inscrit, l&rsquo;utilisateur a acc\u00e8s \u00e0 une grande vari\u00e9t\u00e9 de jeux de casino. Tout le [&hellip;]<\/p>\n","protected":false},"author":9,"featured_media":0,"parent":0,"menu_order":0,"comment_status":"closed","ping_status":"closed","template":"template-builder.php","meta":{"_acf_changed":false,"inline_featured_image":false,"footnotes":""},"class_list":["post-1455","page","type-page","status-publish","hentry"],"acf":[],"yoast_head":"<!-- This site is optimized with the Yoast SEO plugin v24.4 - https:\/\/yoast.com\/wordpress\/plugins\/seo\/ -->\n<title>Manekispin Connexion et inscription<\/title>\n<meta name=\"description\" content=\"Cr\u00e9ez, g\u00e9rez et v\u00e9rifiez votre compte Manekispin Casino en toute simplicit\u00e9. Profitez d&#039;une inscription rapide, d&#039;une r\u00e9cup\u00e9ration facile de votre compte et d&#039;une fermeture s\u00e9curis\u00e9e gr\u00e2ce \u00e0 Manekispin Login, qui prot\u00e8ge votre compte 24 heures sur 24.\" \/>\n<meta name=\"robots\" content=\"index, follow, max-snippet:-1, max-image-preview:large, max-video-preview:-1\" \/>\n<link rel=\"canonical\" href=\"https:\/\/themanekispin.com\/fr\/connexion-et-inscription\/\" \/>\n<meta property=\"og:locale\" content=\"fr_FR\" \/>\n<meta property=\"og:type\" content=\"article\" \/>\n<meta property=\"og:title\" content=\"Manekispin Connexion et inscription\" \/>\n<meta property=\"og:description\" content=\"Cr\u00e9ez, g\u00e9rez et v\u00e9rifiez votre compte Manekispin Casino en toute simplicit\u00e9. Profitez d&#039;une inscription rapide, d&#039;une r\u00e9cup\u00e9ration facile de votre compte et d&#039;une fermeture s\u00e9curis\u00e9e gr\u00e2ce \u00e0 Manekispin Login, qui prot\u00e8ge votre compte 24 heures sur 24.\" \/>\n<meta property=\"og:url\" content=\"https:\/\/themanekispin.com\/fr\/connexion-et-inscription\/\" \/>\n<meta property=\"og:site_name\" content=\"manekispin\" \/>\n<meta property=\"article:modified_time\" content=\"2026-01-15T06:50:47+00:00\" \/>\n<meta name=\"twitter:card\" content=\"summary_large_image\" \/>\n<meta name=\"twitter:label1\" content=\"Dur\u00e9e de lecture estim\u00e9e\" \/>\n\t<meta name=\"twitter:data1\" content=\"1 minute\" \/>\n<script type=\"application\/ld+json\" class=\"yoast-schema-graph\">{\"@context\":\"https:\/\/schema.org\",\"@graph\":[{\"@type\":\"WebPage\",\"@id\":\"https:\/\/themanekispin.com\/fr\/connexion-et-inscription\/\",\"url\":\"https:\/\/themanekispin.com\/fr\/connexion-et-inscription\/\",\"name\":\"Manekispin Connexion et inscription\",\"isPartOf\":{\"@id\":\"https:\/\/themanekispin.com\/fr\/#website\"},\"datePublished\":\"2026-01-14T14:27:30+00:00\",\"dateModified\":\"2026-01-15T06:50:47+00:00\",\"description\":\"Cr\u00e9ez, g\u00e9rez et v\u00e9rifiez votre compte Manekispin Casino en toute simplicit\u00e9. Profitez d'une inscription rapide, d'une r\u00e9cup\u00e9ration facile de votre compte et d'une fermeture s\u00e9curis\u00e9e gr\u00e2ce \u00e0 Manekispin Login, qui prot\u00e8ge votre compte 24 heures sur 24.\",\"breadcrumb\":{\"@id\":\"https:\/\/themanekispin.com\/fr\/connexion-et-inscription\/#breadcrumb\"},\"inLanguage\":\"fr-FR\",\"potentialAction\":[{\"@type\":\"ReadAction\",\"target\":[\"https:\/\/themanekispin.com\/fr\/connexion-et-inscription\/\"]}]},{\"@type\":\"BreadcrumbList\",\"@id\":\"https:\/\/themanekispin.com\/fr\/connexion-et-inscription\/#breadcrumb\",\"itemListElement\":[{\"@type\":\"ListItem\",\"position\":1,\"name\":\"Manekispin\",\"item\":\"https:\/\/themanekispin.com\/fr\/\"},{\"@type\":\"ListItem\",\"position\":2,\"name\":\"Connexion et inscription\"}]},{\"@type\":\"WebSite\",\"@id\":\"https:\/\/themanekispin.com\/fr\/#website\",\"url\":\"https:\/\/themanekispin.com\/fr\/\",\"name\":\"Manekispin\",\"description\":\"\",\"publisher\":{\"@id\":\"https:\/\/themanekispin.com\/fr\/#organization\"},\"potentialAction\":[{\"@type\":\"SearchAction\",\"target\":{\"@type\":\"EntryPoint\",\"urlTemplate\":\"https:\/\/themanekispin.com\/fr\/?s={search_term_string}\"},\"query-input\":{\"@type\":\"PropertyValueSpecification\",\"valueRequired\":true,\"valueName\":\"search_term_string\"}}],\"inLanguage\":\"fr-FR\"},{\"@type\":\"Organization\",\"@id\":\"https:\/\/themanekispin.com\/fr\/#organization\",\"name\":\"Manekispin\",\"url\":\"https:\/\/themanekispin.com\/fr\/\",\"logo\":{\"@type\":\"ImageObject\",\"inLanguage\":\"fr-FR\",\"@id\":\"https:\/\/themanekispin.com\/fr\/#\/schema\/logo\/image\/\",\"url\":\"https:\/\/themanekispin.com\/wp-content\/uploads\/2026\/01\/logo.svg\",\"contentUrl\":\"https:\/\/themanekispin.com\/wp-content\/uploads\/2026\/01\/logo.svg\",\"width\":79,\"height\":24,\"caption\":\"Manekispin\"},\"image\":{\"@id\":\"https:\/\/themanekispin.com\/fr\/#\/schema\/logo\/image\/\"}}]}<\/script>\n<!-- \/ Yoast SEO plugin. -->","yoast_head_json":{"title":"Manekispin Connexion et inscription","description":"Cr\u00e9ez, g\u00e9rez et v\u00e9rifiez votre compte Manekispin Casino en toute simplicit\u00e9. Profitez d'une inscription rapide, d'une r\u00e9cup\u00e9ration facile de votre compte et d'une fermeture s\u00e9curis\u00e9e gr\u00e2ce \u00e0 Manekispin Login, qui prot\u00e8ge votre compte 24 heures sur 24.","robots":{"index":"index","follow":"follow","max-snippet":"max-snippet:-1","max-image-preview":"max-image-preview:large","max-video-preview":"max-video-preview:-1"},"canonical":"https:\/\/themanekispin.com\/fr\/connexion-et-inscription\/","og_locale":"fr_FR","og_type":"article","og_title":"Manekispin Connexion et inscription","og_description":"Cr\u00e9ez, g\u00e9rez et v\u00e9rifiez votre compte Manekispin Casino en toute simplicit\u00e9. Profitez d'une inscription rapide, d'une r\u00e9cup\u00e9ration facile de votre compte et d'une fermeture s\u00e9curis\u00e9e gr\u00e2ce \u00e0 Manekispin Login, qui prot\u00e8ge votre compte 24 heures sur 24.","og_url":"https:\/\/themanekispin.com\/fr\/connexion-et-inscription\/","og_site_name":"manekispin","article_modified_time":"2026-01-15T06:50:47+00:00","twitter_card":"summary_large_image","twitter_misc":{"Dur\u00e9e de lecture estim\u00e9e":"1 minute"},"schema":{"@context":"https:\/\/schema.org","@graph":[{"@type":"WebPage","@id":"https:\/\/themanekispin.com\/fr\/connexion-et-inscription\/","url":"https:\/\/themanekispin.com\/fr\/connexion-et-inscription\/","name":"Manekispin Connexion et inscription","isPartOf":{"@id":"https:\/\/themanekispin.com\/fr\/#website"},"datePublished":"2026-01-14T14:27:30+00:00","dateModified":"2026-01-15T06:50:47+00:00","description":"Cr\u00e9ez, g\u00e9rez et v\u00e9rifiez votre compte Manekispin Casino en toute simplicit\u00e9. Profitez d'une inscription rapide, d'une r\u00e9cup\u00e9ration facile de votre compte et d'une fermeture s\u00e9curis\u00e9e gr\u00e2ce \u00e0 Manekispin Login, qui prot\u00e8ge votre compte 24 heures sur 24.","breadcrumb":{"@id":"https:\/\/themanekispin.com\/fr\/connexion-et-inscription\/#breadcrumb"},"inLanguage":"fr-FR","potentialAction":[{"@type":"ReadAction","target":["https:\/\/themanekispin.com\/fr\/connexion-et-inscription\/"]}]},{"@type":"BreadcrumbList","@id":"https:\/\/themanekispin.com\/fr\/connexion-et-inscription\/#breadcrumb","itemListElement":[{"@type":"ListItem","position":1,"name":"Manekispin","item":"https:\/\/themanekispin.com\/fr\/"},{"@type":"ListItem","position":2,"name":"Connexion et inscription"}]},{"@type":"WebSite","@id":"https:\/\/themanekispin.com\/fr\/#website","url":"https:\/\/themanekispin.com\/fr\/","name":"Manekispin","description":"","publisher":{"@id":"https:\/\/themanekispin.com\/fr\/#organization"},"potentialAction":[{"@type":"SearchAction","target":{"@type":"EntryPoint","urlTemplate":"https:\/\/themanekispin.com\/fr\/?s={search_term_string}"},"query-input":{"@type":"PropertyValueSpecification","valueRequired":true,"valueName":"search_term_string"}}],"inLanguage":"fr-FR"},{"@type":"Organization","@id":"https:\/\/themanekispin.com\/fr\/#organization","name":"Manekispin","url":"https:\/\/themanekispin.com\/fr\/","logo":{"@type":"ImageObject","inLanguage":"fr-FR","@id":"https:\/\/themanekispin.com\/fr\/#\/schema\/logo\/image\/","url":"https:\/\/themanekispin.com\/wp-content\/uploads\/2026\/01\/logo.svg","contentUrl":"https:\/\/themanekispin.com\/wp-content\/uploads\/2026\/01\/logo.svg","width":79,"height":24,"caption":"Manekispin"},"image":{"@id":"https:\/\/themanekispin.com\/fr\/#\/schema\/logo\/image\/"}}]}},"_links":{"self":[{"href":"https:\/\/themanekispin.com\/fr\/wp-json\/wp\/v2\/pages\/1455"}],"collection":[{"href":"https:\/\/themanekispin.com\/fr\/wp-json\/wp\/v2\/pages"}],"about":[{"href":"https:\/\/themanekispin.com\/fr\/wp-json\/wp\/v2\/types\/page"}],"author":[{"embeddable":true,"href":"https:\/\/themanekispin.com\/fr\/wp-json\/wp\/v2\/users\/9"}],"replies":[{"embeddable":true,"href":"https:\/\/themanekispin.com\/fr\/wp-json\/wp\/v2\/comments?post=1455"}],"version-history":[{"count":2,"href":"https:\/\/themanekispin.com\/fr\/wp-json\/wp\/v2\/pages\/1455\/revisions"}],"predecessor-version":[{"id":1557,"href":"https:\/\/themanekispin.com\/fr\/wp-json\/wp\/v2\/pages\/1455\/revisions\/1557"}],"wp:attachment":[{"href":"https:\/\/themanekispin.com\/fr\/wp-json\/wp\/v2\/media?parent=1455"}],"curies":[{"name":"wp","href":"https:\/\/api.w.org\/{rel}","templated":true}]}}