{"id":1413,"date":"2026-01-14T14:23:36","date_gmt":"2026-01-14T14:23:36","guid":{"rendered":"https:\/\/themanekispin.com\/app\/"},"modified":"2026-01-15T06:49:21","modified_gmt":"2026-01-15T06:49:21","slug":"app","status":"publish","type":"page","link":"https:\/\/themanekispin.com\/fr\/app\/","title":{"rendered":"App"},"content":{"rendered":"<h1>Maneki Spin plateforme mobile<\/h1>\n<p>Innovant, Manekispin Casino est une plateforme de jeu divertissante et pratique dot\u00e9e d&rsquo;une Manekispin app sophistiqu\u00e9e qui offre aux joueurs un acc\u00e8s illimit\u00e9 \u00e0 une large gamme de jeux de table et de croupiers en direct. L&rsquo;application est intelligente et met l&rsquo;accent sur la commodit\u00e9, la s\u00e9curit\u00e9 et les performances de jeu. Nous l&rsquo;avons cr\u00e9\u00e9e en collaboration avec une \u00e9quipe multilingue professionnelle pour votre mobile ou votre ordinateur de bureau. Manekispin garantit aux joueurs la meilleure exp\u00e9rience possible gr\u00e2ce \u00e0 des fonctionnalit\u00e9s de haute qualit\u00e9 et une interface conviviale.<\/p>\n<div class=\"banner-wrap\" aria-label=\"Banner\"><img src=\"https:\/\/themanekispin.com\/wp-content\/uploads\/2026\/01\/Manekispin-banner-carousel-800\u0445400-6.webp\" class=\"w-100 d-none d-lg-block img-pc main-banner-img\" alt=\"Manekispin banner desktop\" fetchpriority=\"high\" decoding=\"async\"><img src=\"https:\/\/themanekispin.com\/wp-content\/uploads\/2026\/01\/Manekispin-mobile-banner.webp\" class=\"w-100 d-none d-md-block d-lg-none main-banner-img\" alt=\"Manekispin mobile banner\" fetchpriority=\"high\" decoding=\"async\"><img src=\"https:\/\/themanekispin.com\/wp-content\/uploads\/2026\/01\/Manekispin-mobile-banner.webp\" class=\"w-100 d-md-none\" alt=\"Manekispin mobile banner\" fetchpriority=\"high\" decoding=\"async\"><div class=\"banner-description\">\n<div class=\"banner-title\">Bonus de bienvenue<\/div>\n<p class=\"banner-header-title\">1500 \u20ac<\/p>\n<div class=\"banner-header-AdditionalText\">+ 250 Tours gratuits<\/div>\n<button data-item=\"homepage_banner_link\" class=\"goto m-button m-gradient-border m-button--primary m-button--large banner-button btn-orange\">\n            <div class=\"m-button-content\">\n                <span>Inscrivez-vous d\u00e8s maintenant<\/span>\n                <span><\/span>\n            <\/div>\n        <\/button>\n<\/div>\n<div class=\"WelcomePack\">\n<p><img loading=\"lazy\" decoding=\"async\" class=\"alignnone size-full wp-image-1329\" src=\"https:\/\/themanekispin.com\/wp-content\/uploads\/2026\/01\/welcome-crown.svg\" alt=\"crown\" width=\"25\" height=\"26\" \/><\/p>\n<div class=\"WelcomePack-Info\">Cashback hebdomadaire jusqu&rsquo;\u00e0 25 %<\/div>\n<p><img loading=\"lazy\" decoding=\"async\" class=\"alignnone size-full wp-image-1329\" src=\"https:\/\/themanekispin.com\/wp-content\/uploads\/2026\/01\/welcome-crown.svg\" alt=\"crown\" width=\"25\" height=\"26\" \/><\/p>\n<\/div>\n<\/div>\n<h2>Utilisation de Manekispin Casino sur mobile<\/h2>\n<p>L&rsquo;application Manekispin am\u00e9liore votre exp\u00e9rience de jeu mobile et dispose d&rsquo;un grand nombre de fonctionnalit\u00e9s qui la rendent meilleure que la version PC en termes d&rsquo;acc\u00e8s et de commodit\u00e9. L&rsquo;application est enti\u00e8rement optimis\u00e9e pour fonctionner avec diff\u00e9rents gadgets, ce qui se traduit par une navigation facile et une vitesse de chargement rapide, deux \u00e9l\u00e9ments essentiels pour une session de jeu ininterrompue. Nous avons soign\u00e9 tous les d\u00e9tails pour cr\u00e9er une interface conviviale. Elle vous permet de choisir facilement des jeux, d&rsquo;effectuer des d\u00e9p\u00f4ts et m\u00eame de g\u00e9rer votre compte du bout des doigts.<\/p>\n<p>L&rsquo;application est \u00e9galement polyvalente et tous nos joueurs Manekispin Casino peuvent utiliser des navigateurs mobiles et des applications d\u00e9di\u00e9es sans perdre leur progression et leurs informations de jeu. Cette flexibilit\u00e9 garantit une exp\u00e9rience de jeu r\u00e9guli\u00e8re et agr\u00e9able, que ce soit sur une tablette ou un smartphone. L&rsquo;assistance par chat en direct et les processus de v\u00e9rification s\u00e9curis\u00e9s sont d&rsquo;autres fonctionnalit\u00e9s incluses pour am\u00e9liorer encore l&rsquo;exp\u00e9rience utilisateur, car nous offrons une assistance imm\u00e9diate et assurons la s\u00e9curit\u00e9 pendant le jeu.<\/p>\n<p><div class=\"scrollable-content-wrap my-5\"><div class=\"scrollable-content-inner\"><h2>Manekispin application pour Android<\/h2>\n<p>L&rsquo;application Manekispin que nous avons cr\u00e9\u00e9e pour Android est une PWA (Progressive Web Application, ou application web progressive). Elle est simple mais puissante en termes de fonctionnalit\u00e9s. Cette application Manekispin est enti\u00e8rement bas\u00e9e sur un navigateur et ne n\u00e9cessite donc pas de t\u00e9l\u00e9chargements ni de fichiers d&rsquo;installation traditionnels, ce qui am\u00e9liore sa s\u00e9curit\u00e9 et sa commodit\u00e9. Pour utiliser l&rsquo;application Manekispin Casino, il suffit de se rendre sur notre page Maneki Spin Casino et de faire d\u00e9filer vers le bas jusqu&rsquo;au bouton \u00ab Casino App \u00bb. Elle est facile \u00e0 trouver. Ce lien g\u00e9n\u00e8re un raccourci vers l&rsquo;\u00e9cran d&rsquo;accueil, d&rsquo;o\u00f9 l&rsquo;on peut facilement y acc\u00e9der.<\/p>\n<h3>PWA<\/h3>\n<p>Alors, qu&rsquo;est-ce qu&rsquo;une PWA exactement ? L&rsquo;APK Manekispin n&rsquo;est pas n\u00e9cessaire. Notre nouvelle application web progressive vous garantit un environnement de jeu s\u00e9curis\u00e9, r\u00e9actif et l\u00e9ger. Elle est \u00e9galement automatique. Les joueurs de Manekispin Casino peuvent profiter des derni\u00e8res fonctionnalit\u00e9s et am\u00e9liorations en mati\u00e8re de s\u00e9curit\u00e9 sans avoir \u00e0 les mettre \u00e0 jour eux-m\u00eames. Cela r\u00e9duit l&rsquo;espace de stockage n\u00e9cessaire et permet de jouer hors ligne dans de rares cas, ce qui offre une grande flexibilit\u00e9 et un divertissement sans interruption. L&rsquo;ouverture et l&rsquo;utilisation d&rsquo;une PWA plus int\u00e9gr\u00e9e sont beaucoup plus rapides.<\/p>\n<p><img loading=\"lazy\" decoding=\"async\" src=\"https:\/\/themanekispin.com\/wp-content\/uploads\/2026\/01\/Manekispin-Android-App.webp\" alt=\"Manekispin Android App\" width=\"1248\" height=\"536\" \/><\/p>\n<\/div><\/div><div style=\"clear: both\"><\/div><div class=\"d-flex justify-content-center\"><button data-item=\"decouvrez_link\" data-group=\"website_links\" class=\"goto fw-bold rounded-pill btn btn-orange\" aria-label=\"T\u00e9l\u00e9chargez l&#039;application Manekispin\" >T\u00e9l\u00e9chargez l&#039;application Manekispin<\/button><\/div><div class=\"scrollable-content-wrap my-5\"><div class=\"scrollable-content-inner\"><h2>Manekispin application pour iOS<\/h2>\n<p>Manekispin Casino est disponible pour les utilisateurs iOS dans les navigateurs tiers tels que Safari. Notre int\u00e9gration est adapt\u00e9e aux appareils mobiles et s&rsquo;adapte automatiquement aux \u00e9crans plus petits, offrant ainsi une exp\u00e9rience de jeu de haute qualit\u00e9. L&rsquo;application Manekispin peut \u00eatre install\u00e9e facilement sur les appareils iOS :<\/p>\n<ol>\n<li>Vous devez faire d\u00e9filer jusqu&rsquo;au bas de la page principale du casino Manekispin.<\/li>\n<li>Placez l&rsquo;ic\u00f4ne de l&rsquo;application en bas de l&rsquo;\u00e9cran d&rsquo;accueil.<\/li>\n<li>Cliquez sur le bouton d&rsquo;installation et attendez que le chargement soit termin\u00e9.<\/li>\n<li>Profitez bien de l&rsquo;application !<\/li>\n<\/ol>\n<p>Comme l&rsquo;application ne sera pas disponible sur l&rsquo;App Store, elle ne sera accessible que via le site de Manekispin Casino. Mais elle reste s\u00e9curis\u00e9e. L&rsquo;application Manekispin prend tout en charge. La version pour ordinateur de bureau propose une s\u00e9lection de jeux, la gestion des comptes et une assistance par chat en direct, offrant une exp\u00e9rience fiable et s\u00e9curis\u00e9e sur tous les appareils.<\/p>\n<p><img loading=\"lazy\" decoding=\"async\" src=\"https:\/\/themanekispin.com\/wp-content\/uploads\/2026\/01\/Manekispin-iOS-App.webp\" alt=\"Manekispin iOS App\" width=\"1248\" height=\"536\" \/><\/p>\n<\/div><\/div><div style=\"clear: both\"><\/div><div class=\"d-flex justify-content-center\"><button data-item=\"decouvrez_link\" data-group=\"website_links\" class=\"goto fw-bold rounded-pill btn btn-orange\" aria-label=\"T\u00e9l\u00e9charger Manekispin\" >T\u00e9l\u00e9charger Manekispin<\/button><\/div><div class=\"scrollable-content-wrap my-5\"><div class=\"scrollable-content-inner\"><h2>Applications pour Windows et macOS<\/h2>\n<p>Manekispin Casino propose \u00e9galement une interface de bureau avec Windows et macOS ! Nos utilisateurs sont ravis de pouvoir jouer \u00e0 leurs jeux de casino pr\u00e9f\u00e9r\u00e9s sur des \u00e9crans plus grands. Vous pouvez y acc\u00e9der \u00e0 l&rsquo;aide du navigateur de votre choix, notamment Chrome, Edge, Safari ou Firefox, dans ses derni\u00e8res versions. Il dispose de raccourcis qui permettent aux joueurs d&rsquo;acc\u00e9der facilement au site et r\u00e9duisent \u00e9galement le temps n\u00e9cessaire \u00e0 la connexion. Comment cr\u00e9er un raccourci ?<\/p>\n<table>\n<tbody>\n<tr>\n<td>Plateforme<\/td>\n<td>Comment cr\u00e9er un raccourci<\/td>\n<td>Remarques<\/td>\n<\/tr>\n<tr>\n<td>Fen\u00eatres<\/td>\n<td>Ouvrez un navigateur, rendez-vous sur le site Manekispin, s\u00e9lectionnez les options du menu et choisissez \u00ab Ajouter au bureau \u00bb.<\/td>\n<td>Aucun logiciel suppl\u00e9mentaire n&rsquo;est n\u00e9cessaire ; cela simplifie l&rsquo;acc\u00e8s.<\/td>\n<\/tr>\n<tr>\n<td>macOS<\/td>\n<td>Utilisez Safari ou Chrome, acc\u00e9dez au site, puis s\u00e9lectionnez \u00ab Fichier \u00bb &gt; \u00ab Ajouter au Dock \u00bb.<\/td>\n<td>Aucune configuration complexe requise ; conserve toutes les fonctionnalit\u00e9s du bureau.<\/td>\n<\/tr>\n<\/tbody>\n<\/table>\n<p>Toutes les fonctions, telles que le processus de v\u00e9rification et les contr\u00f4les de s\u00e9curit\u00e9, sont obligatoires pour les retraits. C&rsquo;est ainsi que nous garantissons la s\u00e9curit\u00e9 et la conformit\u00e9 sur tous les appareils de la plateforme de bureau.<\/p>\n<p><img loading=\"lazy\" decoding=\"async\" src=\"https:\/\/themanekispin.com\/wp-content\/uploads\/2026\/01\/Manekispin-Desktop.webp\" alt=\"Manekispin Desktop\" width=\"1248\" height=\"536\" \/><\/p>\n<\/div><\/div><div style=\"clear: both\"><\/div><div class=\"d-flex justify-content-center\"><button data-item=\"decouvrez_link\" data-group=\"website_links\" class=\"goto fw-bold rounded-pill btn btn-orange\" aria-label=\"T\u00e9l\u00e9chargez l&#039;application Manekispin\" >T\u00e9l\u00e9chargez l&#039;application Manekispin<\/button><\/div><div class=\"scrollable-content-wrap my-5\"><div class=\"scrollable-content-inner\"><h2>FAQ<\/h2>\n<h3>Faut-il cr\u00e9er un compte pour utiliser l&rsquo;application Maneki Spin ?<\/h3>\n<p>La r\u00e9ponse est oui ! Afin de profiter pleinement de l&rsquo;exp\u00e9rience de jeu avec de superbes machines \u00e0 sous en ligne et jeux de table, il est important de g\u00e9rer les d\u00e9p\u00f4ts et de v\u00e9rifier un compte enregistr\u00e9. L&rsquo;inscription sur le site n&rsquo;est pas compliqu\u00e9e. Nos joueurs peuvent cr\u00e9er leur profil en peu de temps et commencer \u00e0 jouer.<\/p>\n<h3>L&rsquo;application Maneki Spin Casino offre-t-elle un service client ?<\/h3>\n<p>Nous avons bien s\u00fbr une \u00e9quipe professionnelle pour vous aider ! Le site dispose d&rsquo;un centre de chat en direct int\u00e9gr\u00e9 gr\u00e2ce auquel vous pouvez contacter l&rsquo;\u00e9quipe d&rsquo;assistance en temps r\u00e9el. De plus, nous offrons une assistance 24\/7 afin de garantir que les joueurs de casino mobile re\u00e7oivent une aide rapide en cas de probl\u00e8mes techniques, de questions sur le fonctionnement du jeu ou de demandes concernant la gestion de leur compte.<\/p>\n<h3>Comment puis-je mettre \u00e0 jour l&rsquo;application Manekispin Casino ?<\/h3>\n<p>Dans le cas de la version PWA, les mises \u00e0 jour s&rsquo;effectuent automatiquement via le navigateur. Aucune intervention manuelle n&rsquo;est n\u00e9cessaire. En cas de plantage, nous vous recommandons de r\u00e9installer l&rsquo;application. Pour le reste, les raccourcis sur le bureau sont d\u00e9j\u00e0 connect\u00e9s \u00e0 la version actuelle via Internet, il n&rsquo;est donc pas n\u00e9cessaire de mettre \u00e0 jour les applications manuellement.<\/p>\n<\/div><\/div><\/p>\n","protected":false},"excerpt":{"rendered":"<p>Maneki Spin plateforme mobile Innovant, Manekispin Casino est une plateforme de jeu divertissante et pratique dot\u00e9e d&rsquo;une Manekispin app sophistiqu\u00e9e qui offre aux joueurs un acc\u00e8s illimit\u00e9 \u00e0 une large gamme de jeux de table et de croupiers en direct. L&rsquo;application est intelligente et met l&rsquo;accent sur la commodit\u00e9, la s\u00e9curit\u00e9 et les performances de [&hellip;]<\/p>\n","protected":false},"author":9,"featured_media":0,"parent":0,"menu_order":0,"comment_status":"closed","ping_status":"closed","template":"template-builder.php","meta":{"_acf_changed":false,"inline_featured_image":false,"footnotes":""},"class_list":["post-1413","page","type-page","status-publish","hentry"],"acf":[],"yoast_head":"<!-- This site is optimized with the Yoast SEO plugin v24.4 - https:\/\/yoast.com\/wordpress\/plugins\/seo\/ -->\n<title>Manekispin App | Plateformes iOS et Android<\/title>\n<meta name=\"description\" content=\"L&#039;application Manekispin offre une exp\u00e9rience de jeu fluide sur Android, iOS, Windows et macOS, avec des comptes synchronis\u00e9s, des mises \u00e0 jour r\u00e9guli\u00e8res et un service client int\u00e9gr\u00e9 pour une exp\u00e9rience sans souci.\" \/>\n<meta name=\"robots\" content=\"index, follow, max-snippet:-1, max-image-preview:large, max-video-preview:-1\" \/>\n<link rel=\"canonical\" href=\"https:\/\/themanekispin.com\/fr\/app\/\" \/>\n<meta property=\"og:locale\" content=\"fr_FR\" \/>\n<meta property=\"og:type\" content=\"article\" \/>\n<meta property=\"og:title\" content=\"Manekispin App | Plateformes iOS et Android\" \/>\n<meta property=\"og:description\" content=\"L&#039;application Manekispin offre une exp\u00e9rience de jeu fluide sur Android, iOS, Windows et macOS, avec des comptes synchronis\u00e9s, des mises \u00e0 jour r\u00e9guli\u00e8res et un service client int\u00e9gr\u00e9 pour une exp\u00e9rience sans souci.\" \/>\n<meta property=\"og:url\" content=\"https:\/\/themanekispin.com\/fr\/app\/\" \/>\n<meta property=\"og:site_name\" content=\"manekispin\" \/>\n<meta property=\"article:modified_time\" content=\"2026-01-15T06:49:21+00:00\" \/>\n<meta name=\"twitter:card\" content=\"summary_large_image\" \/>\n<meta name=\"twitter:label1\" content=\"Dur\u00e9e de lecture estim\u00e9e\" \/>\n\t<meta name=\"twitter:data1\" content=\"2 minutes\" \/>\n<script type=\"application\/ld+json\" class=\"yoast-schema-graph\">{\"@context\":\"https:\/\/schema.org\",\"@graph\":[{\"@type\":\"WebPage\",\"@id\":\"https:\/\/themanekispin.com\/fr\/app\/\",\"url\":\"https:\/\/themanekispin.com\/fr\/app\/\",\"name\":\"Manekispin App | Plateformes iOS et Android\",\"isPartOf\":{\"@id\":\"https:\/\/themanekispin.com\/fr\/#website\"},\"datePublished\":\"2026-01-14T14:23:36+00:00\",\"dateModified\":\"2026-01-15T06:49:21+00:00\",\"description\":\"L'application Manekispin offre une exp\u00e9rience de jeu fluide sur Android, iOS, Windows et macOS, avec des comptes synchronis\u00e9s, des mises \u00e0 jour r\u00e9guli\u00e8res et un service client int\u00e9gr\u00e9 pour une exp\u00e9rience sans souci.\",\"breadcrumb\":{\"@id\":\"https:\/\/themanekispin.com\/fr\/app\/#breadcrumb\"},\"inLanguage\":\"fr-FR\",\"potentialAction\":[{\"@type\":\"ReadAction\",\"target\":[\"https:\/\/themanekispin.com\/fr\/app\/\"]}]},{\"@type\":\"BreadcrumbList\",\"@id\":\"https:\/\/themanekispin.com\/fr\/app\/#breadcrumb\",\"itemListElement\":[{\"@type\":\"ListItem\",\"position\":1,\"name\":\"Manekispin\",\"item\":\"https:\/\/themanekispin.com\/fr\/\"},{\"@type\":\"ListItem\",\"position\":2,\"name\":\"App\"}]},{\"@type\":\"WebSite\",\"@id\":\"https:\/\/themanekispin.com\/fr\/#website\",\"url\":\"https:\/\/themanekispin.com\/fr\/\",\"name\":\"Manekispin\",\"description\":\"\",\"publisher\":{\"@id\":\"https:\/\/themanekispin.com\/fr\/#organization\"},\"potentialAction\":[{\"@type\":\"SearchAction\",\"target\":{\"@type\":\"EntryPoint\",\"urlTemplate\":\"https:\/\/themanekispin.com\/fr\/?s={search_term_string}\"},\"query-input\":{\"@type\":\"PropertyValueSpecification\",\"valueRequired\":true,\"valueName\":\"search_term_string\"}}],\"inLanguage\":\"fr-FR\"},{\"@type\":\"Organization\",\"@id\":\"https:\/\/themanekispin.com\/fr\/#organization\",\"name\":\"Manekispin\",\"url\":\"https:\/\/themanekispin.com\/fr\/\",\"logo\":{\"@type\":\"ImageObject\",\"inLanguage\":\"fr-FR\",\"@id\":\"https:\/\/themanekispin.com\/fr\/#\/schema\/logo\/image\/\",\"url\":\"https:\/\/themanekispin.com\/wp-content\/uploads\/2026\/01\/logo.svg\",\"contentUrl\":\"https:\/\/themanekispin.com\/wp-content\/uploads\/2026\/01\/logo.svg\",\"width\":79,\"height\":24,\"caption\":\"Manekispin\"},\"image\":{\"@id\":\"https:\/\/themanekispin.com\/fr\/#\/schema\/logo\/image\/\"}}]}<\/script>\n<!-- \/ Yoast SEO plugin. -->","yoast_head_json":{"title":"Manekispin App | Plateformes iOS et Android","description":"L'application Manekispin offre une exp\u00e9rience de jeu fluide sur Android, iOS, Windows et macOS, avec des comptes synchronis\u00e9s, des mises \u00e0 jour r\u00e9guli\u00e8res et un service client int\u00e9gr\u00e9 pour une exp\u00e9rience sans souci.","robots":{"index":"index","follow":"follow","max-snippet":"max-snippet:-1","max-image-preview":"max-image-preview:large","max-video-preview":"max-video-preview:-1"},"canonical":"https:\/\/themanekispin.com\/fr\/app\/","og_locale":"fr_FR","og_type":"article","og_title":"Manekispin App | Plateformes iOS et Android","og_description":"L'application Manekispin offre une exp\u00e9rience de jeu fluide sur Android, iOS, Windows et macOS, avec des comptes synchronis\u00e9s, des mises \u00e0 jour r\u00e9guli\u00e8res et un service client int\u00e9gr\u00e9 pour une exp\u00e9rience sans souci.","og_url":"https:\/\/themanekispin.com\/fr\/app\/","og_site_name":"manekispin","article_modified_time":"2026-01-15T06:49:21+00:00","twitter_card":"summary_large_image","twitter_misc":{"Dur\u00e9e de lecture estim\u00e9e":"2 minutes"},"schema":{"@context":"https:\/\/schema.org","@graph":[{"@type":"WebPage","@id":"https:\/\/themanekispin.com\/fr\/app\/","url":"https:\/\/themanekispin.com\/fr\/app\/","name":"Manekispin App | Plateformes iOS et Android","isPartOf":{"@id":"https:\/\/themanekispin.com\/fr\/#website"},"datePublished":"2026-01-14T14:23:36+00:00","dateModified":"2026-01-15T06:49:21+00:00","description":"L'application Manekispin offre une exp\u00e9rience de jeu fluide sur Android, iOS, Windows et macOS, avec des comptes synchronis\u00e9s, des mises \u00e0 jour r\u00e9guli\u00e8res et un service client int\u00e9gr\u00e9 pour une exp\u00e9rience sans souci.","breadcrumb":{"@id":"https:\/\/themanekispin.com\/fr\/app\/#breadcrumb"},"inLanguage":"fr-FR","potentialAction":[{"@type":"ReadAction","target":["https:\/\/themanekispin.com\/fr\/app\/"]}]},{"@type":"BreadcrumbList","@id":"https:\/\/themanekispin.com\/fr\/app\/#breadcrumb","itemListElement":[{"@type":"ListItem","position":1,"name":"Manekispin","item":"https:\/\/themanekispin.com\/fr\/"},{"@type":"ListItem","position":2,"name":"App"}]},{"@type":"WebSite","@id":"https:\/\/themanekispin.com\/fr\/#website","url":"https:\/\/themanekispin.com\/fr\/","name":"Manekispin","description":"","publisher":{"@id":"https:\/\/themanekispin.com\/fr\/#organization"},"potentialAction":[{"@type":"SearchAction","target":{"@type":"EntryPoint","urlTemplate":"https:\/\/themanekispin.com\/fr\/?s={search_term_string}"},"query-input":{"@type":"PropertyValueSpecification","valueRequired":true,"valueName":"search_term_string"}}],"inLanguage":"fr-FR"},{"@type":"Organization","@id":"https:\/\/themanekispin.com\/fr\/#organization","name":"Manekispin","url":"https:\/\/themanekispin.com\/fr\/","logo":{"@type":"ImageObject","inLanguage":"fr-FR","@id":"https:\/\/themanekispin.com\/fr\/#\/schema\/logo\/image\/","url":"https:\/\/themanekispin.com\/wp-content\/uploads\/2026\/01\/logo.svg","contentUrl":"https:\/\/themanekispin.com\/wp-content\/uploads\/2026\/01\/logo.svg","width":79,"height":24,"caption":"Manekispin"},"image":{"@id":"https:\/\/themanekispin.com\/fr\/#\/schema\/logo\/image\/"}}]}},"_links":{"self":[{"href":"https:\/\/themanekispin.com\/fr\/wp-json\/wp\/v2\/pages\/1413"}],"collection":[{"href":"https:\/\/themanekispin.com\/fr\/wp-json\/wp\/v2\/pages"}],"about":[{"href":"https:\/\/themanekispin.com\/fr\/wp-json\/wp\/v2\/types\/page"}],"author":[{"embeddable":true,"href":"https:\/\/themanekispin.com\/fr\/wp-json\/wp\/v2\/users\/9"}],"replies":[{"embeddable":true,"href":"https:\/\/themanekispin.com\/fr\/wp-json\/wp\/v2\/comments?post=1413"}],"version-history":[{"count":2,"href":"https:\/\/themanekispin.com\/fr\/wp-json\/wp\/v2\/pages\/1413\/revisions"}],"predecessor-version":[{"id":1555,"href":"https:\/\/themanekispin.com\/fr\/wp-json\/wp\/v2\/pages\/1413\/revisions\/1555"}],"wp:attachment":[{"href":"https:\/\/themanekispin.com\/fr\/wp-json\/wp\/v2\/media?parent=1413"}],"curies":[{"name":"wp","href":"https:\/\/api.w.org\/{rel}","templated":true}]}}