{"id":1460,"date":"2026-01-14T14:27:30","date_gmt":"2026-01-14T14:27:30","guid":{"rendered":"https:\/\/themanekispin.com\/login-and-registration\/"},"modified":"2026-01-15T09:20:53","modified_gmt":"2026-01-15T09:20:53","slug":"inicio-de-sesion-y-registro","status":"publish","type":"page","link":"https:\/\/themanekispin.com\/es\/inicio-de-sesion-y-registro\/","title":{"rendered":"Inicio de sesi\u00f3n y Registro"},"content":{"rendered":"<h1>Inicio de sesi\u00f3n y registro en la cuenta Manekispin<\/h1>\n<p>Manekispin login ofrece un c\u00f3modo acceso a un sistema de juego online con todo incluido para aquellos jugadores espa\u00f1oles que desean seguridad, entretenimiento y variedad en sus juegos. Tras registrarse, el usuario obtiene acceso a una gran variedad de juegos de casino. Todos pueden gestionar sus cuentas c\u00f3modamente y participar en bonificaciones exclusivas. Nuestra p\u00e1gina web tiene un estilo moderno, de modo que cada sesi\u00f3n de juego es c\u00f3moda y agradable.<\/p>\n<p><div class=\"banner-wrap\" aria-label=\"Banner\"><img src=\"https:\/\/themanekispin.com\/wp-content\/uploads\/2026\/01\/Manekispin-banner-carousel-800\u0445400-6.webp\" class=\"w-100 d-none d-lg-block img-pc main-banner-img\" alt=\"Manekispin banner desktop\" fetchpriority=\"high\" decoding=\"async\"><img src=\"https:\/\/themanekispin.com\/wp-content\/uploads\/2026\/01\/Manekispin-mobile-banner.webp\" class=\"w-100 d-none d-md-block d-lg-none main-banner-img\" alt=\"Manekispin mobile banner\" fetchpriority=\"high\" decoding=\"async\"><img src=\"https:\/\/themanekispin.com\/wp-content\/uploads\/2026\/01\/Manekispin-mobile-banner.webp\" class=\"w-100 d-md-none\" alt=\"Manekispin mobile banner\" fetchpriority=\"high\" decoding=\"async\"><div class=\"banner-description\">\n<div class=\"banner-title\">Bonos de bienvenida<\/div>\n<p class=\"banner-header-title\">1500 \u20ac<\/p>\n<div class=\"banner-header-AdditionalText\">+ 250 Tiradas gratis<\/div>\n<button data-item=\"homepage_banner_link\" class=\"goto m-button m-gradient-border m-button--primary m-button--large banner-button btn-orange\">\n            <div class=\"m-button-content\">\n                <span>Reg\u00edstrate ahora<\/span>\n                <span><\/span>\n            <\/div>\n        <\/button>\n<\/div>\n<div class=\"WelcomePack\">\n<p><img loading=\"lazy\" decoding=\"async\" class=\"alignnone size-full wp-image-1329\" src=\"https:\/\/themanekispin.com\/wp-content\/uploads\/2026\/01\/welcome-crown.svg\" alt=\"crown\" width=\"25\" height=\"26\" \/><\/p>\n<div class=\"WelcomePack-Info\">Reembolso semanal de hasta el 25 %<\/div>\n<p><img loading=\"lazy\" decoding=\"async\" class=\"alignnone size-full wp-image-1329\" src=\"https:\/\/themanekispin.com\/wp-content\/uploads\/2026\/01\/welcome-crown.svg\" alt=\"crown\" width=\"25\" height=\"26\" \/><\/p>\n<\/div>\n<\/div><div class=\"scrollable-content-wrap my-5\"><div class=\"scrollable-content-inner\"><h2>Registro de nuevos usuarios en Maneki Spin Casino<\/h2>\n<p>\u00a1Tu primer inicio de sesi\u00f3n en Manekispin te abrir\u00e1 un mundo de posibilidades infinitas! Al registrarse en Manekispin Casino, los usuarios no pierden ninguna oportunidad de explorar todo el potencial de nuestra plataforma y acceder a una amplia biblioteca de juegos, opciones bancarias seguras y bonificaciones exclusivas. Lo primero que debe hacer para disfrutar de todo lo que le ofrecemos es crear una cuenta, incluyendo todas las ventajas que ello conlleva, como gestionar su cuenta personalmente, participar en torneos y ganar recompensas por fidelidad.<\/p>\n<h2>Crea tu cuenta<\/h2>\n<p>Para registrarse en Manekispin Casino, es muy f\u00e1cil; solo hay que hacer el primer inicio de sesi\u00f3n en Manekispin. \u00bfC\u00f3mo? \u00a1F\u00e1cil! As\u00ed:<\/p>\n<ol>\n<li>Busca el bot\u00f3n \u00abRegistrarse\u00bb de Manekispin Casino, que aparece en la p\u00e1gina de inicio.<\/li>\n<li>Rellene el formulario de registro con su informaci\u00f3n personal correcta, direcci\u00f3n de correo electr\u00f3nico y nombre completo. (M\u00e1s adelante, podr\u00e1 a\u00f1adir m\u00e1s datos personales).<\/li>\n<li>Utiliza una contrase\u00f1a segura en tu cuenta.<\/li>\n<li>Aceptaci\u00f3n de los t\u00e9rminos y condiciones y de la pol\u00edtica de privacidad (marcar).<\/li>\n<li>Suscr\u00edbete a las noticias o selecciona socios (marca la casilla).<\/li>\n<li>Completa tu registro con el correo electr\u00f3nico de verificaci\u00f3n que se enviar\u00e1 a la direcci\u00f3n que nos has facilitado.<\/li>\n<li>Tras la verificaci\u00f3n, tu cuenta quedar\u00e1 activada y podr\u00e1s iniciar sesi\u00f3n en Manekispin para comenzar a explorar todas las funciones disponibles.<\/li>\n<\/ol>\n<p>Este r\u00e1pido registro te garantizar\u00e1 que puedas empezar a jugar ahora mismo y, al mismo tiempo, cumplir con las normas legales y de seguridad.<\/p>\n<h2>Uso de una cuenta Manekispin Casino<\/h2>\n<p>Es f\u00e1cil iniciar sesi\u00f3n y jugar de forma segura en la cuenta Maneki Spin. Siga estas instrucciones:<\/p>\n<ol>\n<li>Busca el \u00e1rea Inicio de sesi\u00f3n en Manekispin, que se encuentra en la parte superior derecha de la p\u00e1gina de inicio.<\/li>\n<li>Introduzca la direcci\u00f3n de correo electr\u00f3nico registrada y la contrase\u00f1a.<\/li>\n<li>Para acceder a tu cuenta Manekispin, debes hacer clic en el bot\u00f3n Inicio de sesi\u00f3n en Manekispin.<\/li>\n<\/ol>\n<p>Una vez que hayas iniciado sesi\u00f3n en Maneki Spin, podr\u00e1s:<\/p>\n<ul>\n<li>Puedes depositar dinero de forma segura en tu cuenta.<\/li>\n<li>Reciba bonificaciones y participe en promociones continuas.<\/li>\n<li>Controle sus datos personales y su informaci\u00f3n bancaria.<\/li>\n<li>Consulte su historial de juego y sus transacciones.<\/li>\n<li>Puedes tomar medidas de seguridad adicionales, como la autenticaci\u00f3n de dos factores y todo eso.<\/li>\n<\/ul>\n<p>La plataforma ser\u00e1 f\u00e1cil de navegar, con un panel de control intuitivo que permite una gesti\u00f3n fluida de la cuenta, lo que har\u00e1 que la experiencia de juego sea agradable.<\/p>\n<h3>\u00bfOlvidaste tu contrase\u00f1a de Maneki Spin?<\/h3>\n<p>No hay problema, \u00a1nos pasa a todos! Si pierdes tus datos de inicio de sesi\u00f3n y\/o contrase\u00f1a de Manekispin, lo primero que debes hacer es mantener la calma, nosotros nos encargamos. Solo tienes que introducir tu direcci\u00f3n de correo electr\u00f3nico registrada y, en unos minutos, te enviaremos un enlace de restablecimiento que deber\u00e1s abrir (no te preocupes, todos nuestros enlaces son seguros). Para garantizar que vuelvas a iniciar sesi\u00f3n en tu cuenta de forma segura, sigue las instrucciones del correo electr\u00f3nico y utiliza una nueva contrase\u00f1a.<\/p>\n<h3>Manekispin Casino verificaci\u00f3n de cuenta y seguridad<\/h3>\n<p>Manekispin Casino cuenta con un sistema de seguridad muy bien dise\u00f1ado. Lo conocemos a la perfecci\u00f3n y aplicamos las mejores medidas de protecci\u00f3n para que tus datos e informaci\u00f3n est\u00e9n seguros. La identificaci\u00f3n implica la presentaci\u00f3n de documentos oficiales para verificar tu identidad, edad y direcci\u00f3n. Los m\u00e1s habituales son un documento de identidad oficial, una factura de servicios p\u00fablicos o un extracto bancario. Este proceso es necesario, ya que permite mantener la seguridad del entorno de juego y cumplir con los requisitos legales.<\/p>\n<h3>Proceso de verificaci\u00f3n<\/h3>\n<p>El proceso de verificaci\u00f3n de Maneki Spin tambi\u00e9n es r\u00e1pido y suele completarse en un plazo de 48 horas tras la presentaci\u00f3n de los documentos. Contamos con un equipo de asistencia dedicado al que puede contactar a trav\u00e9s del chat en vivo o por correo electr\u00f3nico, que tambi\u00e9n puede proporcionarle asistencia durante el proceso, responder a cualquier pregunta y solucionar cualquier problema. Es mejor completar la verificaci\u00f3n con antelaci\u00f3n para evitar retrasos en los retiros y proteger su cuenta. Por favor, compl\u00e9tela lo antes posible.<\/p>\n<table>\n<tbody>\n<tr>\n<td>Funci\u00f3n de seguridad<\/td>\n<td>Descripci\u00f3n<\/td>\n<\/tr>\n<tr>\n<td>Proceso de verificaci\u00f3n<\/td>\n<td>Confirma la identidad y previene el fraude.<\/td>\n<\/tr>\n<tr>\n<td>Autenticaci\u00f3n de dos factores<\/td>\n<td>A\u00f1ade una capa adicional de seguridad durante el inicio de sesi\u00f3n.<\/td>\n<\/tr>\n<tr>\n<td>M\u00e9todos de pago seguros<\/td>\n<td>Opciones bancarias cifradas para dep\u00f3sitos y retiradas<\/td>\n<\/tr>\n<tr>\n<td>Supervisi\u00f3n de actividades<\/td>\n<td>Realiza un seguimiento de la actividad de la cuenta para detectar comportamientos sospechosos.<\/td>\n<\/tr>\n<\/tbody>\n<\/table>\n<h3>Caracter\u00edsticas de seguridad<\/h3>\n<p>Nuestra seguridad inteligente y la asistencia de Manekispin Casino garantizan que todos los usuarios obtengan soluciones a sus problemas lo m\u00e1s r\u00e1pido posible. Brindamos asistencia a jugadores de todo el mundo. Resolvemos no solo dificultades administrativas, sino tambi\u00e9n t\u00e9cnicas que puedan surgir durante la experiencia de juego. Adem\u00e1s, siempre realizamos m\u00faltiples verificaciones y supervisamos la actividad de las transacciones para evitar accesos no autorizados.<\/p>\n<h2>Preguntas frecuentes<\/h2>\n<h3>\u00bfC\u00f3mo completo el proceso de verificaci\u00f3n de la cuenta?<\/h3>\n<p>Para verificar completamente tu identidad en Maneki Spin Casino, debes proporcionar documentos reales. Puedes hacerlo todo a trav\u00e9s de tu panel de control. En caso de que necesitemos informaci\u00f3n adicional, nos pondremos en contacto contigo. Verif\u00edquese lo antes posible para poder procesar sus retiradas sin ning\u00fan tipo de inconveniente. Tambi\u00e9n puede lograr un mayor nivel de seguridad.<\/p>\n<h3>\u00bfC\u00f3mo actualizar la contrase\u00f1a o la direcci\u00f3n de correo electr\u00f3nico?<\/h3>\n<p>Administra tu cuenta utilizando el panel de control. Haz clic en el bot\u00f3n para cambiar tu contrase\u00f1a o direcci\u00f3n de correo electr\u00f3nico si es necesario. Introduce la nueva informaci\u00f3n (actualizada) y haz clic para confirmar. Para mayor seguridad, puedes verificar tu identidad despu\u00e9s de realizar las actualizaciones. Evita hacerlo repetidamente.<\/p>\n<h3>\u00bfQu\u00e9 debo hacer si mi cuenta Maneki Spin est\u00e1 bloqueada?<\/h3>\n<p>Los intentos fallidos repetidos para completar el inicio de sesi\u00f3n en Manekispin o el registro de entrada y salida repetidamente en un d\u00eda pueden llevarnos a sospechar de usted y bloquear temporalmente su cuenta y sus activos. Pero no se preocupe, solo tiene que escribirnos un correo electr\u00f3nico o utilizar el chat en vivo y explicarnos la situaci\u00f3n. Lo comprobaremos todo y le desbloquearemos si todo est\u00e1 en orden. Prepare capturas de pantalla, ya que proporcionarnos la informaci\u00f3n correcta agilizar\u00e1 a\u00fan m\u00e1s la resoluci\u00f3n del caso.<\/p>\n<h3>\u00bfC\u00f3mo puedo cerrar o suspender temporalmente mi cuenta?<\/h3>\n<p>En tu panel de control, selecciona la opci\u00f3n para suspender tu cuenta y especifica cu\u00e1nto tiempo estar\u00e1s ausente. Tambi\u00e9n es posible el cierre definitivo: solo tienes que seguir las instrucciones y te guiar\u00e1n para eliminar tu cuenta de forma permanente. Consulta nuestro servicio de asistencia multiling\u00fce: tambi\u00e9n te ayudamos en estos casos. Nuestro equipo garantiza el cumplimiento de las pol\u00edticas de juego responsable.<\/p>\n<\/div><\/div><\/p>\n","protected":false},"excerpt":{"rendered":"<p>Inicio de sesi\u00f3n y registro en la cuenta Manekispin Manekispin login ofrece un c\u00f3modo acceso a un sistema de juego online con todo incluido para aquellos jugadores espa\u00f1oles que desean seguridad, entretenimiento y variedad en sus juegos. Tras registrarse, el usuario obtiene acceso a una gran variedad de juegos de casino. Todos pueden gestionar sus [&hellip;]<\/p>\n","protected":false},"author":9,"featured_media":0,"parent":0,"menu_order":0,"comment_status":"closed","ping_status":"closed","template":"template-builder.php","meta":{"_acf_changed":false,"inline_featured_image":false,"footnotes":""},"class_list":["post-1460","page","type-page","status-publish","hentry"],"acf":[],"yoast_head":"<!-- This site is optimized with the Yoast SEO plugin v24.4 - https:\/\/yoast.com\/wordpress\/plugins\/seo\/ -->\n<title>Manekispin Inicio de sesi\u00f3n y registro<\/title>\n<meta name=\"description\" content=\"Crea, gestiona y verifica tu cuenta de Manekispin Casino sin esfuerzo. Disfruta de un registro r\u00e1pido, una recuperaci\u00f3n de cuenta sencilla y un cierre seguro con Manekispin Login, que mantiene tu cuenta protegida las 24 horas del d\u00eda.\" \/>\n<meta name=\"robots\" content=\"index, follow, max-snippet:-1, max-image-preview:large, max-video-preview:-1\" \/>\n<link rel=\"canonical\" href=\"https:\/\/themanekispin.com\/es\/inicio-de-sesion-y-registro\/\" \/>\n<meta property=\"og:locale\" content=\"es_ES\" \/>\n<meta property=\"og:type\" content=\"article\" \/>\n<meta property=\"og:title\" content=\"Manekispin Inicio de sesi\u00f3n y registro\" \/>\n<meta property=\"og:description\" content=\"Crea, gestiona y verifica tu cuenta de Manekispin Casino sin esfuerzo. Disfruta de un registro r\u00e1pido, una recuperaci\u00f3n de cuenta sencilla y un cierre seguro con Manekispin Login, que mantiene tu cuenta protegida las 24 horas del d\u00eda.\" \/>\n<meta property=\"og:url\" content=\"https:\/\/themanekispin.com\/es\/inicio-de-sesion-y-registro\/\" \/>\n<meta property=\"og:site_name\" content=\"manekispin\" \/>\n<meta property=\"article:modified_time\" content=\"2026-01-15T09:20:53+00:00\" \/>\n<meta name=\"twitter:card\" content=\"summary_large_image\" \/>\n<meta name=\"twitter:label1\" content=\"Est. reading time\" \/>\n\t<meta name=\"twitter:data1\" content=\"1 minuto\" \/>\n<script type=\"application\/ld+json\" class=\"yoast-schema-graph\">{\"@context\":\"https:\/\/schema.org\",\"@graph\":[{\"@type\":\"WebPage\",\"@id\":\"https:\/\/themanekispin.com\/es\/inicio-de-sesion-y-registro\/\",\"url\":\"https:\/\/themanekispin.com\/es\/inicio-de-sesion-y-registro\/\",\"name\":\"Manekispin Inicio de sesi\u00f3n y registro\",\"isPartOf\":{\"@id\":\"https:\/\/themanekispin.com\/es\/#website\"},\"datePublished\":\"2026-01-14T14:27:30+00:00\",\"dateModified\":\"2026-01-15T09:20:53+00:00\",\"description\":\"Crea, gestiona y verifica tu cuenta de Manekispin Casino sin esfuerzo. Disfruta de un registro r\u00e1pido, una recuperaci\u00f3n de cuenta sencilla y un cierre seguro con Manekispin Login, que mantiene tu cuenta protegida las 24 horas del d\u00eda.\",\"breadcrumb\":{\"@id\":\"https:\/\/themanekispin.com\/es\/inicio-de-sesion-y-registro\/#breadcrumb\"},\"inLanguage\":\"es\",\"potentialAction\":[{\"@type\":\"ReadAction\",\"target\":[\"https:\/\/themanekispin.com\/es\/inicio-de-sesion-y-registro\/\"]}]},{\"@type\":\"BreadcrumbList\",\"@id\":\"https:\/\/themanekispin.com\/es\/inicio-de-sesion-y-registro\/#breadcrumb\",\"itemListElement\":[{\"@type\":\"ListItem\",\"position\":1,\"name\":\"Manekispin\",\"item\":\"https:\/\/themanekispin.com\/es\/\"},{\"@type\":\"ListItem\",\"position\":2,\"name\":\"Inicio de sesi\u00f3n y Registro\"}]},{\"@type\":\"WebSite\",\"@id\":\"https:\/\/themanekispin.com\/es\/#website\",\"url\":\"https:\/\/themanekispin.com\/es\/\",\"name\":\"Manekispin\",\"description\":\"\",\"publisher\":{\"@id\":\"https:\/\/themanekispin.com\/es\/#organization\"},\"potentialAction\":[{\"@type\":\"SearchAction\",\"target\":{\"@type\":\"EntryPoint\",\"urlTemplate\":\"https:\/\/themanekispin.com\/es\/?s={search_term_string}\"},\"query-input\":{\"@type\":\"PropertyValueSpecification\",\"valueRequired\":true,\"valueName\":\"search_term_string\"}}],\"inLanguage\":\"es\"},{\"@type\":\"Organization\",\"@id\":\"https:\/\/themanekispin.com\/es\/#organization\",\"name\":\"Manekispin\",\"url\":\"https:\/\/themanekispin.com\/es\/\",\"logo\":{\"@type\":\"ImageObject\",\"inLanguage\":\"es\",\"@id\":\"https:\/\/themanekispin.com\/es\/#\/schema\/logo\/image\/\",\"url\":\"https:\/\/themanekispin.com\/wp-content\/uploads\/2026\/01\/logo.svg\",\"contentUrl\":\"https:\/\/themanekispin.com\/wp-content\/uploads\/2026\/01\/logo.svg\",\"width\":79,\"height\":24,\"caption\":\"Manekispin\"},\"image\":{\"@id\":\"https:\/\/themanekispin.com\/es\/#\/schema\/logo\/image\/\"}}]}<\/script>\n<!-- \/ Yoast SEO plugin. -->","yoast_head_json":{"title":"Manekispin Inicio de sesi\u00f3n y registro","description":"Crea, gestiona y verifica tu cuenta de Manekispin Casino sin esfuerzo. Disfruta de un registro r\u00e1pido, una recuperaci\u00f3n de cuenta sencilla y un cierre seguro con Manekispin Login, que mantiene tu cuenta protegida las 24 horas del d\u00eda.","robots":{"index":"index","follow":"follow","max-snippet":"max-snippet:-1","max-image-preview":"max-image-preview:large","max-video-preview":"max-video-preview:-1"},"canonical":"https:\/\/themanekispin.com\/es\/inicio-de-sesion-y-registro\/","og_locale":"es_ES","og_type":"article","og_title":"Manekispin Inicio de sesi\u00f3n y registro","og_description":"Crea, gestiona y verifica tu cuenta de Manekispin Casino sin esfuerzo. Disfruta de un registro r\u00e1pido, una recuperaci\u00f3n de cuenta sencilla y un cierre seguro con Manekispin Login, que mantiene tu cuenta protegida las 24 horas del d\u00eda.","og_url":"https:\/\/themanekispin.com\/es\/inicio-de-sesion-y-registro\/","og_site_name":"manekispin","article_modified_time":"2026-01-15T09:20:53+00:00","twitter_card":"summary_large_image","twitter_misc":{"Est. reading time":"1 minuto"},"schema":{"@context":"https:\/\/schema.org","@graph":[{"@type":"WebPage","@id":"https:\/\/themanekispin.com\/es\/inicio-de-sesion-y-registro\/","url":"https:\/\/themanekispin.com\/es\/inicio-de-sesion-y-registro\/","name":"Manekispin Inicio de sesi\u00f3n y registro","isPartOf":{"@id":"https:\/\/themanekispin.com\/es\/#website"},"datePublished":"2026-01-14T14:27:30+00:00","dateModified":"2026-01-15T09:20:53+00:00","description":"Crea, gestiona y verifica tu cuenta de Manekispin Casino sin esfuerzo. Disfruta de un registro r\u00e1pido, una recuperaci\u00f3n de cuenta sencilla y un cierre seguro con Manekispin Login, que mantiene tu cuenta protegida las 24 horas del d\u00eda.","breadcrumb":{"@id":"https:\/\/themanekispin.com\/es\/inicio-de-sesion-y-registro\/#breadcrumb"},"inLanguage":"es","potentialAction":[{"@type":"ReadAction","target":["https:\/\/themanekispin.com\/es\/inicio-de-sesion-y-registro\/"]}]},{"@type":"BreadcrumbList","@id":"https:\/\/themanekispin.com\/es\/inicio-de-sesion-y-registro\/#breadcrumb","itemListElement":[{"@type":"ListItem","position":1,"name":"Manekispin","item":"https:\/\/themanekispin.com\/es\/"},{"@type":"ListItem","position":2,"name":"Inicio de sesi\u00f3n y Registro"}]},{"@type":"WebSite","@id":"https:\/\/themanekispin.com\/es\/#website","url":"https:\/\/themanekispin.com\/es\/","name":"Manekispin","description":"","publisher":{"@id":"https:\/\/themanekispin.com\/es\/#organization"},"potentialAction":[{"@type":"SearchAction","target":{"@type":"EntryPoint","urlTemplate":"https:\/\/themanekispin.com\/es\/?s={search_term_string}"},"query-input":{"@type":"PropertyValueSpecification","valueRequired":true,"valueName":"search_term_string"}}],"inLanguage":"es"},{"@type":"Organization","@id":"https:\/\/themanekispin.com\/es\/#organization","name":"Manekispin","url":"https:\/\/themanekispin.com\/es\/","logo":{"@type":"ImageObject","inLanguage":"es","@id":"https:\/\/themanekispin.com\/es\/#\/schema\/logo\/image\/","url":"https:\/\/themanekispin.com\/wp-content\/uploads\/2026\/01\/logo.svg","contentUrl":"https:\/\/themanekispin.com\/wp-content\/uploads\/2026\/01\/logo.svg","width":79,"height":24,"caption":"Manekispin"},"image":{"@id":"https:\/\/themanekispin.com\/es\/#\/schema\/logo\/image\/"}}]}},"_links":{"self":[{"href":"https:\/\/themanekispin.com\/es\/wp-json\/wp\/v2\/pages\/1460"}],"collection":[{"href":"https:\/\/themanekispin.com\/es\/wp-json\/wp\/v2\/pages"}],"about":[{"href":"https:\/\/themanekispin.com\/es\/wp-json\/wp\/v2\/types\/page"}],"author":[{"embeddable":true,"href":"https:\/\/themanekispin.com\/es\/wp-json\/wp\/v2\/users\/9"}],"replies":[{"embeddable":true,"href":"https:\/\/themanekispin.com\/es\/wp-json\/wp\/v2\/comments?post=1460"}],"version-history":[{"count":2,"href":"https:\/\/themanekispin.com\/es\/wp-json\/wp\/v2\/pages\/1460\/revisions"}],"predecessor-version":[{"id":1786,"href":"https:\/\/themanekispin.com\/es\/wp-json\/wp\/v2\/pages\/1460\/revisions\/1786"}],"wp:attachment":[{"href":"https:\/\/themanekispin.com\/es\/wp-json\/wp\/v2\/media?parent=1460"}],"curies":[{"name":"wp","href":"https:\/\/api.w.org\/{rel}","templated":true}]}}