{"id":1422,"date":"2026-01-14T14:23:36","date_gmt":"2026-01-14T14:23:36","guid":{"rendered":"https:\/\/themanekispin.com\/app-2\/"},"modified":"2026-01-15T09:17:38","modified_gmt":"2026-01-15T09:17:38","slug":"aplicacion","status":"publish","type":"page","link":"https:\/\/themanekispin.com\/es\/aplicacion\/","title":{"rendered":"Aplicaci\u00f3n"},"content":{"rendered":"<h1>Maneki Spin plataforma m\u00f3vil<\/h1>\n<p>El innovador Manekispin Casino es una plataforma de juego entretenida y c\u00f3moda con Manekispin app desarrollada que ofrece a los jugadores espa\u00f1oles acceso de por vida a una amplia gama de juegos de mesa y crupieres en vivo. La aplicaci\u00f3n es inteligente y se centra en la comodidad, la seguridad y el alto rendimiento del juego. La hemos creado junto con un equipo profesional multiling\u00fce para tu m\u00f3vil o ordenador. Manekispin garantiza a los jugadores la mejor experiencia gracias a su funcionalidad de alta calidad y su interfaz f\u00e1cil de usar.<\/p>\n<div class=\"banner-wrap\" aria-label=\"Banner\"><img src=\"https:\/\/themanekispin.com\/wp-content\/uploads\/2026\/01\/Manekispin-banner-carousel-800\u0445400-6.webp\" class=\"w-100 d-none d-lg-block img-pc main-banner-img\" alt=\"Manekispin banner desktop\" fetchpriority=\"high\" decoding=\"async\"><img src=\"https:\/\/themanekispin.com\/wp-content\/uploads\/2026\/01\/Manekispin-mobile-banner.webp\" class=\"w-100 d-none d-md-block d-lg-none main-banner-img\" alt=\"Manekispin mobile banner\" fetchpriority=\"high\" decoding=\"async\"><img src=\"https:\/\/themanekispin.com\/wp-content\/uploads\/2026\/01\/Manekispin-mobile-banner.webp\" class=\"w-100 d-md-none\" alt=\"Manekispin mobile banner\" fetchpriority=\"high\" decoding=\"async\"><div class=\"banner-description\">\n<div class=\"banner-title\">Bonos de bienvenida<\/div>\n<p class=\"banner-header-title\">1500 \u20ac<\/p>\n<div class=\"banner-header-AdditionalText\">+ 250 Tiradas gratis<\/div>\n<button data-item=\"homepage_banner_link\" class=\"goto m-button m-gradient-border m-button--primary m-button--large banner-button btn-orange\">\n            <div class=\"m-button-content\">\n                <span>Reg\u00edstrate ahora<\/span>\n                <span><\/span>\n            <\/div>\n        <\/button>\n<\/div>\n<div class=\"WelcomePack\">\n<p><img loading=\"lazy\" decoding=\"async\" class=\"alignnone size-full wp-image-1329\" src=\"https:\/\/themanekispin.com\/wp-content\/uploads\/2026\/01\/welcome-crown.svg\" alt=\"crown\" width=\"25\" height=\"26\" \/><\/p>\n<div class=\"WelcomePack-Info\">Reembolso semanal de hasta el 25 %<\/div>\n<p><img loading=\"lazy\" decoding=\"async\" class=\"alignnone size-full wp-image-1329\" src=\"https:\/\/themanekispin.com\/wp-content\/uploads\/2026\/01\/welcome-crown.svg\" alt=\"crown\" width=\"25\" height=\"26\" \/><\/p>\n<\/div>\n<\/div>\n<h2>Usar Manekispin Casino en el m\u00f3vil<\/h2>\n<p>La aplicaci\u00f3n Manekispin mejora tu experiencia de juego m\u00f3vil y cuenta con un gran n\u00famero de funciones que la hacen mejor que la versi\u00f3n para PC en cuanto a acceso y comodidad. La aplicaci\u00f3n est\u00e1 totalmente optimizada para funcionar con diferentes dispositivos, lo que se traduce en una navegaci\u00f3n f\u00e1cil y una velocidad de carga r\u00e1pida, algo fundamental para disfrutar de una sesi\u00f3n de juego sin interrupciones. Hemos cuidado todos los detalles para crear una interfaz f\u00e1cil de usar. Facilita la elecci\u00f3n de juegos, la realizaci\u00f3n de dep\u00f3sitos e incluso la gesti\u00f3n de tu cuenta desde la palma de tu mano.<\/p>\n<p>La aplicaci\u00f3n tambi\u00e9n es vers\u00e1til y todos nuestros jugadores de Manekispin Casino pueden utilizar navegadores m\u00f3viles y aplicaciones espec\u00edficas sin perder su progreso ni la informaci\u00f3n del juego. Esta flexibilidad garantiza una experiencia de juego regular y agradable, ya sea en una tableta o en un smartphone. El soporte de chat en vivo y los procesos de verificaci\u00f3n seguros son otras caracter\u00edsticas incluidas para mejorar a\u00fan m\u00e1s la experiencia del usuario, ya que ofrecemos asistencia inmediata y proporcionamos seguridad durante el juego.<\/p>\n<p><div class=\"scrollable-content-wrap my-5\"><div class=\"scrollable-content-inner\"><h2>Manekispin aplicaci\u00f3n m\u00f3vil para Android<\/h2>\n<p>La aplicaci\u00f3n Manekispin que hemos creado para Android es una PWA (siglas en ingl\u00e9s de \u00abaplicaci\u00f3n web progresiva\u00bb). Es sencilla, pero potente en cuanto a funcionalidad. Esta aplicaci\u00f3n Manekispin est\u00e1 basada completamente en el navegador y, por lo tanto, no requiere descargas ni archivos de instalaci\u00f3n tradicionales, lo que mejora su seguridad y comodidad. Para utilizar la aplicaci\u00f3n Manekispin Casino, solo hay que visitar nuestra p\u00e1gina Maneki Spin Casino y desplazarse hacia abajo hasta el bot\u00f3n \u00abAplicaci\u00f3n del casino\u00bb. Es f\u00e1cil de encontrar. Este enlace genera un acceso directo a la pantalla de inicio, desde donde se puede acceder f\u00e1cilmente a ella.<\/p>\n<h3>PWA<\/h3>\n<p>Entonces, \u00bfqu\u00e9 es exactamente una PWA? El APK de Manekispin no es necesario. Nuestra nueva aplicaci\u00f3n web progresiva garantiza un entorno de juego seguro, receptivo y ligero. Adem\u00e1s, es autom\u00e1tica. Los jugadores de Manekispin Casino pueden disfrutar de las funciones m\u00e1s actualizadas y las mejoras de seguridad sin necesidad de actualizarlas personalmente. Esto reduce el espacio de almacenamiento y permite jugar sin conexi\u00f3n en casos excepcionales, lo que ofrece flexibilidad y entretenimiento sin interrupciones. Es mucho m\u00e1s r\u00e1pido abrir y disfrutar de una PWA m\u00e1s integrada.<\/p>\n<p><img loading=\"lazy\" decoding=\"async\" src=\"https:\/\/themanekispin.com\/wp-content\/uploads\/2026\/01\/Manekispin-Android-App.webp\" alt=\"Manekispin Android App\" width=\"1248\" height=\"536\" \/><\/p>\n<\/div><\/div><div style=\"clear: both\"><\/div><div class=\"d-flex justify-content-center\"><button data-item=\"decouvrez_link\" data-group=\"website_links\" class=\"goto fw-bold rounded-pill btn btn-orange\" aria-label=\"Descarga la aplicaci\u00f3n Manekispin\" >Descarga la aplicaci\u00f3n Manekispin<\/button><\/div><div class=\"scrollable-content-wrap my-5\"><div class=\"scrollable-content-inner\"><h2>Manekispin aplicaci\u00f3n m\u00f3vil para iOS<\/h2>\n<p>Manekispin Casino est\u00e1 disponible para los usuarios de iOS en navegadores de terceros como Safari. Nuestra integraci\u00f3n es compatible con dispositivos m\u00f3viles y se adapta autom\u00e1ticamente a pantallas m\u00e1s peque\u00f1as, lo que garantiza una experiencia de juego de alta calidad. La aplicaci\u00f3n Manekispin se puede instalar f\u00e1cilmente en dispositivos iOS:<\/p>\n<ol>\n<li>Debes desplazarte hasta la parte inferior de la p\u00e1gina principal de Manekispin Casino.<\/li>\n<li>Coloca el icono de la aplicaci\u00f3n en la parte inferior de la pantalla de inicio.<\/li>\n<li>Vaya al bot\u00f3n de instalaci\u00f3n y espere hasta que termine la carga.<\/li>\n<li>\u00a1Disfruta de la aplicaci\u00f3n!<\/li>\n<\/ol>\n<p>Dado que la aplicaci\u00f3n no estar\u00e1 disponible en la App Store, solo se puede acceder a ella a trav\u00e9s del sitio web de Manekispin Casino. Pero sigue siendo segura. La aplicaci\u00f3n Manekispin es compatible con todo. La versi\u00f3n de escritorio ofrece selecci\u00f3n de juegos, gesti\u00f3n de cuentas y asistencia por chat en vivo, lo que proporciona una experiencia fiable y segura en todos los dispositivos.<\/p>\n<p><img loading=\"lazy\" decoding=\"async\" src=\"https:\/\/themanekispin.com\/wp-content\/uploads\/2026\/01\/Manekispin-iOS-App.webp\" alt=\"Manekispin iOS App\" width=\"1248\" height=\"536\" \/><\/p>\n<\/div><\/div><div style=\"clear: both\"><\/div><div class=\"d-flex justify-content-center\"><button data-item=\"decouvrez_link\" data-group=\"website_links\" class=\"goto fw-bold rounded-pill btn btn-orange\" aria-label=\"Descargar Manekispin\" >Descargar Manekispin<\/button><\/div><div class=\"scrollable-content-wrap my-5\"><div class=\"scrollable-content-inner\"><h2>Aplicaciones para Windows y macOS<\/h2>\n<p>\u00a1Manekispin Casino tambi\u00e9n ofrece una interfaz de escritorio con Windows y macOS! Nuestros usuarios est\u00e1n encantados de poder jugar a sus t\u00edtulos de casino favoritos en pantallas m\u00e1s grandes. Se puede acceder a ella utilizando cualquier navegador, incluyendo Chrome, Edge, Safari o Firefox, en sus \u00faltimas versiones. Cuenta con accesos directos que permiten a los jugadores acceder f\u00e1cilmente al sitio y tambi\u00e9n reducen el tiempo que se tarda en iniciar sesi\u00f3n. \u00bfC\u00f3mo crear un acceso directo?<\/p>\n<table>\n<tbody>\n<tr>\n<td>Plataforma<\/td>\n<td>C\u00f3mo crear un acceso directo<\/td>\n<td>Notas<\/td>\n<\/tr>\n<tr>\n<td>Ventanas<\/td>\n<td>Abre un navegador, visita el sitio web de Manekispin, selecciona las opciones del men\u00fa y elige \u00abA\u00f1adir al escritorio\u00bb.<\/td>\n<td>No se necesita ning\u00fan software adicional; simplifica el acceso.<\/td>\n<\/tr>\n<tr>\n<td>macOS<\/td>\n<td>Utiliza Safari o Chrome, navega hasta el sitio y, a continuaci\u00f3n, selecciona \u00abArchivo\u00bb &gt; \u00abA\u00f1adir al Dock\u00bb.<\/td>\n<td>No requiere una configuraci\u00f3n compleja; mantiene todas las funciones del escritorio.<\/td>\n<\/tr>\n<\/tbody>\n<\/table>\n<p>Todas las funciones, como el proceso de verificaci\u00f3n y los controles de seguridad, son necesarias para realizar retiradas. As\u00ed es como garantizamos la seguridad y el cumplimiento normativo en todos los dispositivos de la plataforma de escritorio.<\/p>\n<p><img loading=\"lazy\" decoding=\"async\" src=\"https:\/\/themanekispin.com\/wp-content\/uploads\/2026\/01\/Manekispin-Desktop.webp\" alt=\"Manekispin Desktop\" width=\"1248\" height=\"536\" \/><\/p>\n<\/div><\/div><div style=\"clear: both\"><\/div><div class=\"d-flex justify-content-center\"><button data-item=\"decouvrez_link\" data-group=\"website_links\" class=\"goto fw-bold rounded-pill btn btn-orange\" aria-label=\"Descarga la aplicaci\u00f3n Manekispin\" >Descarga la aplicaci\u00f3n Manekispin<\/button><\/div><div class=\"scrollable-content-wrap my-5\"><div class=\"scrollable-content-inner\"><h2>Preguntas frecuentes<\/h2>\n<h3>\u00bfEs necesario crear una cuenta para utilizar la aplicaci\u00f3n Maneki Spin?<\/h3>\n<p>\u00a1La respuesta es s\u00ed! Para disfrutar de una experiencia de juego completa con fant\u00e1sticas tragaperras online y juegos de mesa, es importante gestionar los dep\u00f3sitos y verificar una cuenta registrada. Registrarse en el sitio web no es complicado. Nuestros jugadores pueden crear sus perfiles en poco tiempo y empezar a jugar.<\/p>\n<h3>\u00bfLa aplicaci\u00f3n Maneki Spin Casino ofrece atenci\u00f3n al cliente?<\/h3>\n<p>\u00a1Por supuesto que contamos con un equipo profesional para ayudarte! El sitio web tiene un centro de chat en vivo integrado a trav\u00e9s del cual se puede contactar con el equipo de asistencia en tiempo real. Adem\u00e1s, ofrecemos asistencia las 24 horas del d\u00eda, los 7 d\u00edas de la semana, para garantizar que los jugadores del casino m\u00f3vil reciban asistencia inmediata con problemas t\u00e9cnicos, preguntas sobre c\u00f3mo jugar o consultas relacionadas con la gesti\u00f3n de la cuenta.<\/p>\n<h3>\u00bfC\u00f3mo puedo actualizar la aplicaci\u00f3n Manekispin Casino?<\/h3>\n<p>En el caso de la versi\u00f3n PWA, hay actualizaciones autom\u00e1ticas a trav\u00e9s del navegador. No es necesaria ninguna intervenci\u00f3n manual. Si algo falla, recomendamos reinstalarlo. En cuanto al resto, los accesos directos del escritorio ya est\u00e1n conectados a la versi\u00f3n actual a trav\u00e9s de Internet, por lo que no es necesario actualizar las aplicaciones manualmente.<\/p>\n<\/div><\/div><\/p>\n","protected":false},"excerpt":{"rendered":"<p>Maneki Spin plataforma m\u00f3vil El innovador Manekispin Casino es una plataforma de juego entretenida y c\u00f3moda con Manekispin app desarrollada que ofrece a los jugadores espa\u00f1oles acceso de por vida a una amplia gama de juegos de mesa y crupieres en vivo. La aplicaci\u00f3n es inteligente y se centra en la comodidad, la seguridad y [&hellip;]<\/p>\n","protected":false},"author":9,"featured_media":0,"parent":0,"menu_order":0,"comment_status":"closed","ping_status":"closed","template":"template-builder.php","meta":{"_acf_changed":false,"inline_featured_image":false,"footnotes":""},"class_list":["post-1422","page","type-page","status-publish","hentry"],"acf":[],"yoast_head":"<!-- This site is optimized with the Yoast SEO plugin v24.4 - https:\/\/yoast.com\/wordpress\/plugins\/seo\/ -->\n<title>Manekispin App | Plataformas iOS y Android<\/title>\n<meta name=\"description\" content=\"La aplicaci\u00f3n Manekispin ofrece una experiencia de juego fluida en casinos para Android, iOS, Windows y macOS, con cuentas sincronizadas, actualizaciones peri\u00f3dicas y asistencia al cliente integrada para una experiencia sin complicaciones.\" \/>\n<meta name=\"robots\" content=\"index, follow, max-snippet:-1, max-image-preview:large, max-video-preview:-1\" \/>\n<link rel=\"canonical\" href=\"https:\/\/themanekispin.com\/es\/aplicacion\/\" \/>\n<meta property=\"og:locale\" content=\"es_ES\" \/>\n<meta property=\"og:type\" content=\"article\" \/>\n<meta property=\"og:title\" content=\"Manekispin App | Plataformas iOS y Android\" \/>\n<meta property=\"og:description\" content=\"La aplicaci\u00f3n Manekispin ofrece una experiencia de juego fluida en casinos para Android, iOS, Windows y macOS, con cuentas sincronizadas, actualizaciones peri\u00f3dicas y asistencia al cliente integrada para una experiencia sin complicaciones.\" \/>\n<meta property=\"og:url\" content=\"https:\/\/themanekispin.com\/es\/aplicacion\/\" \/>\n<meta property=\"og:site_name\" content=\"manekispin\" \/>\n<meta property=\"article:modified_time\" content=\"2026-01-15T09:17:38+00:00\" \/>\n<meta name=\"twitter:card\" content=\"summary_large_image\" \/>\n<meta name=\"twitter:label1\" content=\"Est. reading time\" \/>\n\t<meta name=\"twitter:data1\" content=\"2 minutos\" \/>\n<script type=\"application\/ld+json\" class=\"yoast-schema-graph\">{\"@context\":\"https:\/\/schema.org\",\"@graph\":[{\"@type\":\"WebPage\",\"@id\":\"https:\/\/themanekispin.com\/es\/aplicacion\/\",\"url\":\"https:\/\/themanekispin.com\/es\/aplicacion\/\",\"name\":\"Manekispin App | Plataformas iOS y Android\",\"isPartOf\":{\"@id\":\"https:\/\/themanekispin.com\/es\/#website\"},\"datePublished\":\"2026-01-14T14:23:36+00:00\",\"dateModified\":\"2026-01-15T09:17:38+00:00\",\"description\":\"La aplicaci\u00f3n Manekispin ofrece una experiencia de juego fluida en casinos para Android, iOS, Windows y macOS, con cuentas sincronizadas, actualizaciones peri\u00f3dicas y asistencia al cliente integrada para una experiencia sin complicaciones.\",\"breadcrumb\":{\"@id\":\"https:\/\/themanekispin.com\/es\/aplicacion\/#breadcrumb\"},\"inLanguage\":\"es\",\"potentialAction\":[{\"@type\":\"ReadAction\",\"target\":[\"https:\/\/themanekispin.com\/es\/aplicacion\/\"]}]},{\"@type\":\"BreadcrumbList\",\"@id\":\"https:\/\/themanekispin.com\/es\/aplicacion\/#breadcrumb\",\"itemListElement\":[{\"@type\":\"ListItem\",\"position\":1,\"name\":\"Manekispin\",\"item\":\"https:\/\/themanekispin.com\/es\/\"},{\"@type\":\"ListItem\",\"position\":2,\"name\":\"Aplicaci\u00f3n\"}]},{\"@type\":\"WebSite\",\"@id\":\"https:\/\/themanekispin.com\/es\/#website\",\"url\":\"https:\/\/themanekispin.com\/es\/\",\"name\":\"Manekispin\",\"description\":\"\",\"publisher\":{\"@id\":\"https:\/\/themanekispin.com\/es\/#organization\"},\"potentialAction\":[{\"@type\":\"SearchAction\",\"target\":{\"@type\":\"EntryPoint\",\"urlTemplate\":\"https:\/\/themanekispin.com\/es\/?s={search_term_string}\"},\"query-input\":{\"@type\":\"PropertyValueSpecification\",\"valueRequired\":true,\"valueName\":\"search_term_string\"}}],\"inLanguage\":\"es\"},{\"@type\":\"Organization\",\"@id\":\"https:\/\/themanekispin.com\/es\/#organization\",\"name\":\"Manekispin\",\"url\":\"https:\/\/themanekispin.com\/es\/\",\"logo\":{\"@type\":\"ImageObject\",\"inLanguage\":\"es\",\"@id\":\"https:\/\/themanekispin.com\/es\/#\/schema\/logo\/image\/\",\"url\":\"https:\/\/themanekispin.com\/wp-content\/uploads\/2026\/01\/logo.svg\",\"contentUrl\":\"https:\/\/themanekispin.com\/wp-content\/uploads\/2026\/01\/logo.svg\",\"width\":79,\"height\":24,\"caption\":\"Manekispin\"},\"image\":{\"@id\":\"https:\/\/themanekispin.com\/es\/#\/schema\/logo\/image\/\"}}]}<\/script>\n<!-- \/ Yoast SEO plugin. -->","yoast_head_json":{"title":"Manekispin App | Plataformas iOS y Android","description":"La aplicaci\u00f3n Manekispin ofrece una experiencia de juego fluida en casinos para Android, iOS, Windows y macOS, con cuentas sincronizadas, actualizaciones peri\u00f3dicas y asistencia al cliente integrada para una experiencia sin complicaciones.","robots":{"index":"index","follow":"follow","max-snippet":"max-snippet:-1","max-image-preview":"max-image-preview:large","max-video-preview":"max-video-preview:-1"},"canonical":"https:\/\/themanekispin.com\/es\/aplicacion\/","og_locale":"es_ES","og_type":"article","og_title":"Manekispin App | Plataformas iOS y Android","og_description":"La aplicaci\u00f3n Manekispin ofrece una experiencia de juego fluida en casinos para Android, iOS, Windows y macOS, con cuentas sincronizadas, actualizaciones peri\u00f3dicas y asistencia al cliente integrada para una experiencia sin complicaciones.","og_url":"https:\/\/themanekispin.com\/es\/aplicacion\/","og_site_name":"manekispin","article_modified_time":"2026-01-15T09:17:38+00:00","twitter_card":"summary_large_image","twitter_misc":{"Est. reading time":"2 minutos"},"schema":{"@context":"https:\/\/schema.org","@graph":[{"@type":"WebPage","@id":"https:\/\/themanekispin.com\/es\/aplicacion\/","url":"https:\/\/themanekispin.com\/es\/aplicacion\/","name":"Manekispin App | Plataformas iOS y Android","isPartOf":{"@id":"https:\/\/themanekispin.com\/es\/#website"},"datePublished":"2026-01-14T14:23:36+00:00","dateModified":"2026-01-15T09:17:38+00:00","description":"La aplicaci\u00f3n Manekispin ofrece una experiencia de juego fluida en casinos para Android, iOS, Windows y macOS, con cuentas sincronizadas, actualizaciones peri\u00f3dicas y asistencia al cliente integrada para una experiencia sin complicaciones.","breadcrumb":{"@id":"https:\/\/themanekispin.com\/es\/aplicacion\/#breadcrumb"},"inLanguage":"es","potentialAction":[{"@type":"ReadAction","target":["https:\/\/themanekispin.com\/es\/aplicacion\/"]}]},{"@type":"BreadcrumbList","@id":"https:\/\/themanekispin.com\/es\/aplicacion\/#breadcrumb","itemListElement":[{"@type":"ListItem","position":1,"name":"Manekispin","item":"https:\/\/themanekispin.com\/es\/"},{"@type":"ListItem","position":2,"name":"Aplicaci\u00f3n"}]},{"@type":"WebSite","@id":"https:\/\/themanekispin.com\/es\/#website","url":"https:\/\/themanekispin.com\/es\/","name":"Manekispin","description":"","publisher":{"@id":"https:\/\/themanekispin.com\/es\/#organization"},"potentialAction":[{"@type":"SearchAction","target":{"@type":"EntryPoint","urlTemplate":"https:\/\/themanekispin.com\/es\/?s={search_term_string}"},"query-input":{"@type":"PropertyValueSpecification","valueRequired":true,"valueName":"search_term_string"}}],"inLanguage":"es"},{"@type":"Organization","@id":"https:\/\/themanekispin.com\/es\/#organization","name":"Manekispin","url":"https:\/\/themanekispin.com\/es\/","logo":{"@type":"ImageObject","inLanguage":"es","@id":"https:\/\/themanekispin.com\/es\/#\/schema\/logo\/image\/","url":"https:\/\/themanekispin.com\/wp-content\/uploads\/2026\/01\/logo.svg","contentUrl":"https:\/\/themanekispin.com\/wp-content\/uploads\/2026\/01\/logo.svg","width":79,"height":24,"caption":"Manekispin"},"image":{"@id":"https:\/\/themanekispin.com\/es\/#\/schema\/logo\/image\/"}}]}},"_links":{"self":[{"href":"https:\/\/themanekispin.com\/es\/wp-json\/wp\/v2\/pages\/1422"}],"collection":[{"href":"https:\/\/themanekispin.com\/es\/wp-json\/wp\/v2\/pages"}],"about":[{"href":"https:\/\/themanekispin.com\/es\/wp-json\/wp\/v2\/types\/page"}],"author":[{"embeddable":true,"href":"https:\/\/themanekispin.com\/es\/wp-json\/wp\/v2\/users\/9"}],"replies":[{"embeddable":true,"href":"https:\/\/themanekispin.com\/es\/wp-json\/wp\/v2\/comments?post=1422"}],"version-history":[{"count":2,"href":"https:\/\/themanekispin.com\/es\/wp-json\/wp\/v2\/pages\/1422\/revisions"}],"predecessor-version":[{"id":1784,"href":"https:\/\/themanekispin.com\/es\/wp-json\/wp\/v2\/pages\/1422\/revisions\/1784"}],"wp:attachment":[{"href":"https:\/\/themanekispin.com\/es\/wp-json\/wp\/v2\/media?parent=1422"}],"curies":[{"name":"wp","href":"https:\/\/api.w.org\/{rel}","templated":true}]}}