{"id":1456,"date":"2026-01-14T14:27:30","date_gmt":"2026-01-14T14:27:30","guid":{"rendered":"https:\/\/themanekispin.com\/login-and-registration\/"},"modified":"2026-01-15T07:39:21","modified_gmt":"2026-01-15T07:39:21","slug":"anmeldung-und-registrierung","status":"publish","type":"page","link":"https:\/\/themanekispin.com\/de\/anmeldung-und-registrierung\/","title":{"rendered":"Anmeldung und Registrierung"},"content":{"rendered":"<h1>Manekispin Kontoanmeldung und Registrierung<\/h1>\n<p>Manekispin Login bietet bequemen Zugang zu einem umfassenden Online-Gl\u00fccksspielsystem f\u00fcr alle, die Sicherheit und Unterhaltung suchen und Abwechslung in ihren Spielen w\u00fcnschen. Nach der Registrierung erh\u00e4lt der Nutzer Zugang zu einer gro\u00dfen Auswahl an Casinospielen. Jeder kann sein Konto bequem verwalten und an exklusiven Boni teilnehmen. Unsere Website ist modern gestaltet, sodass jede Spielsitzung komfortabel und bequem ist.<\/p>\n<p><div class=\"banner-wrap\" aria-label=\"Banner\"><img src=\"https:\/\/themanekispin.com\/wp-content\/uploads\/2026\/01\/Manekispin-banner-carousel-800\u0445400-6.webp\" class=\"w-100 d-none d-lg-block img-pc main-banner-img\" alt=\"Manekispin banner desktop\" fetchpriority=\"high\" decoding=\"async\"><img src=\"https:\/\/themanekispin.com\/wp-content\/uploads\/2026\/01\/Manekispin-mobile-banner.webp\" class=\"w-100 d-none d-md-block d-lg-none main-banner-img\" alt=\"Manekispin mobile banner\" fetchpriority=\"high\" decoding=\"async\"><img src=\"https:\/\/themanekispin.com\/wp-content\/uploads\/2026\/01\/Manekispin-mobile-banner.webp\" class=\"w-100 d-md-none\" alt=\"Manekispin mobile banner\" fetchpriority=\"high\" decoding=\"async\"><div class=\"banner-description\">\n<div class=\"banner-title\">Willkommensboni<\/div>\n<p class=\"banner-header-title\">1500 \u20ac<\/p>\n<div class=\"banner-header-AdditionalText\">+ 250 Freispiele<\/div>\n<button data-item=\"homepage_banner_link\" class=\"goto m-button m-gradient-border m-button--primary m-button--large banner-button btn-orange\">\n            <div class=\"m-button-content\">\n                <span>Jetzt anmelden<\/span>\n                <span><\/span>\n            <\/div>\n        <\/button>\n<\/div>\n<div class=\"WelcomePack\">\n<p><img loading=\"lazy\" decoding=\"async\" class=\"alignnone size-full wp-image-1329\" src=\"https:\/\/themanekispin.com\/wp-content\/uploads\/2026\/01\/welcome-crown.svg\" alt=\"crown\" width=\"25\" height=\"26\" \/><\/p>\n<div class=\"WelcomePack-Info\">W\u00f6chentlicher Cashback von bis zu 25 %<\/div>\n<p><img loading=\"lazy\" decoding=\"async\" class=\"alignnone size-full wp-image-1329\" src=\"https:\/\/themanekispin.com\/wp-content\/uploads\/2026\/01\/welcome-crown.svg\" alt=\"crown\" width=\"25\" height=\"26\" \/><\/p>\n<\/div>\n<\/div><div class=\"scrollable-content-wrap my-5\"><div class=\"scrollable-content-inner\"><h2>Neuanmeldung bei Maneki Spin Casino<\/h2>\n<p>Schon mit Ihrer ersten Manekispin Anmeldung er\u00f6ffnet sich Ihnen eine Welt voller unbegrenzter M\u00f6glichkeiten! Durch die Registrierung bei Manekispin Casino verpassen Nutzer keine Gelegenheit, das volle Potenzial unserer Plattform zu erkunden und auf eine umfangreiche Spielebibliothek, sichere Zahlungsoptionen und exklusive Boni zuzugreifen. Um alles zu genie\u00dfen, was wir Ihnen zu bieten haben, m\u00fcssen Sie zun\u00e4chst ein Konto erstellen, das Ihnen alle damit verbundenen Vorteile bietet, wie z. B. die pers\u00f6nliche Verwaltung Ihres Kontos, die Teilnahme an Turnieren und das Sammeln von Treuepr\u00e4mien.<\/p>\n<h2>Erstellen Sie Ihr Konto<\/h2>\n<p>Die Anmeldung bei Manekispin Casino ist ganz einfach: Sie m\u00fcssen sich lediglich zum ersten Mal bei Manekispin Einloggen. Wie? Ganz einfach! Und zwar so:<\/p>\n<ol>\n<li>Suchen Sie den Button \u201eAnmelden\u201c de Manekispin Casino, der auf der Startseite zu sehen ist.<\/li>\n<li>F\u00fcllen Sie das Registrierungsformular mit Ihren korrekten pers\u00f6nlichen Daten, Ihrer E-Mail-Adresse und Ihrem vollst\u00e4ndigen Namen aus. (Sp\u00e4ter k\u00f6nnen Sie weitere pers\u00f6nliche Angaben hinzuf\u00fcgen.)<\/li>\n<li>Verwenden Sie ein sicheres Passwort f\u00fcr Ihr Konto.<\/li>\n<li>Zustimmung zu den Allgemeinen Gesch\u00e4ftsbedingungen und Datenschutzbestimmungen (ankreuzen).<\/li>\n<li>Nachrichten oder ausgew\u00e4hlte Partner abonnieren (K\u00e4stchen ankreuzen).<\/li>\n<li>Schlie\u00dfen Sie Ihre Registrierung mit der Best\u00e4tigungs-E-Mail ab, die an die von Ihnen angegebene Adresse gesendet wird.<\/li>\n<li>Nach der \u00dcberpr\u00fcfung wird Ihr Konto aktiviert und Sie k\u00f6nnen sich bei Manekispin anmelden, um alle verf\u00fcgbaren Funktionen zu erkunden.<\/li>\n<\/ol>\n<p>Diese schnelle Registrierung stellt sicher, dass Sie sofort mit dem Spielen beginnen k\u00f6nnen und gleichzeitig die gesetzlichen und sicherheitstechnischen Standards einhalten.<\/p>\n<h2>Verwendung eines Manekispin Casino Kontos<\/h2>\n<p>Das Maneki Spin Konto ist einfach zu nutzen und sicher zu spielen. Befolgen Sie diese Anweisungen:<\/p>\n<ol>\n<li>Suchen Sie den Bereich Manekispin Anmeldung, der sich oben rechts auf der Startseite befindet.<\/li>\n<li>Geben Sie die registrierte E-Mail-Adresse und das Passwort ein.<\/li>\n<li>Um sich in Ihr Manekispin Konto einzuloggen, m\u00fcssen Sie auf die Schaltfl\u00e4che Manekispin Login klicken.<\/li>\n<\/ol>\n<p>Sobald Sie sich bei Maneki Spin angemeldet haben, k\u00f6nnen Sie:<\/p>\n<ul>\n<li>Sie k\u00f6nnen sicher Geld auf Ihr Konto einzahlen.<\/li>\n<li>Erhalten Sie Boni und beteiligen Sie sich an fortlaufenden Werbeaktionen.<\/li>\n<li>Kontrollieren Sie Ihre pers\u00f6nlichen Daten und Bankinformationen.<\/li>\n<li>Zeigen Sie Ihren Spielverlauf und Ihre Transaktionen an.<\/li>\n<li>Sie k\u00f6nnen zus\u00e4tzliche Sicherheitsma\u00dfnahmen ergreifen, wie beispielsweise eine Zwei-Faktor-Authentifizierung und so weiter.<\/li>\n<\/ul>\n<p>Die Plattform wird einfach zu bedienen sein und \u00fcber ein benutzerfreundliches Dashboard verf\u00fcgen, das eine nahtlose Kontoverwaltung erm\u00f6glicht und so f\u00fcr ein angenehmes Spielerlebnis sorgt.<\/p>\n<h3>Haben Sie Ihr Maneki Spin Passwort vergessen?<\/h3>\n<p>Kein Problem \u2013 das passiert uns allen! Sollten Sie Ihre Manekispin-Anmeldedaten und\/oder Ihr Passwort vergessen haben, bleiben Sie zun\u00e4chst ganz ruhig \u2013 wir k\u00fcmmern uns darum. Geben Sie einfach Ihre registrierte E-Mail-Adresse ein und innerhalb weniger Minuten senden wir Ihnen einen Link zum Zur\u00fccksetzen Ihres Passworts, den Sie \u00f6ffnen m\u00fcssen (keine Sorge, alle Links von uns sind sicher). Um sicherzustellen, dass Sie sich wieder sicher in Ihr Konto einloggen k\u00f6nnen, folgen Sie den Anweisungen in der E-Mail und verwenden Sie ein neues Passwort.<\/p>\n<h3>Manekispin Casino Kontoverifizierung und Sicherheit<\/h3>\n<p>Manekispin Casino verf\u00fcgt \u00fcber ein gut durchdachtes Sicherheitskonzept. Wir wissen alles dar\u00fcber und setzen die besten Schutzma\u00dfnahmen ein, damit Ihre Daten und Informationen sicher sind. Die Identifizierung umfasst die Vorlage amtlicher Dokumente zum Nachweis Ihrer Identit\u00e4t, Ihres Alters und Ihrer Adresse. In der Regel handelt es sich dabei um einen amtlichen Ausweis, eine Stromrechnung oder einen Kontoauszug. Dieser Vorgang ist notwendig, um die Sicherheit der Spielumgebung zu gew\u00e4hrleisten und die gesetzlichen Anforderungen zu erf\u00fcllen.<\/p>\n<h3>Verifizierungsprozess<\/h3>\n<p>Der Maneki Spin Verifizierungsprozess ist ebenfalls schnell und in der Regel innerhalb von 48 Stunden nach Einreichung der Dokumente abgeschlossen. Wir haben ein engagiertes Support Team, das Sie entweder per Live Chat oder E-Mail erreichen k\u00f6nnen und das Ihnen w\u00e4hrend des gesamten Prozesses mit Rat und Tat zur Seite steht, Ihre Fragen beantwortet und eventuelle Probleme behebt. Die Verifizierung sollte am besten im Voraus durchgef\u00fchrt werden, um Verz\u00f6gerungen bei Auszahlungen zu vermeiden und Ihr Konto zu sichern. Bitte f\u00fchren Sie sie umgehend durch.<\/p>\n<table>\n<tbody>\n<tr>\n<td>Sicherheitsmerkmal<\/td>\n<td>Beschreibung<\/td>\n<\/tr>\n<tr>\n<td>Verifizierungsprozess<\/td>\n<td>Best\u00e4tigt die Identit\u00e4t und verhindert Betrug<\/td>\n<\/tr>\n<tr>\n<td>Zwei-Faktor-Authentifizierung<\/td>\n<td>F\u00fcgt eine zus\u00e4tzliche Sicherheitsebene w\u00e4hrend der Anmeldung hinzu<\/td>\n<\/tr>\n<tr>\n<td>Sichere Zahlungsmethoden<\/td>\n<td>Verschl\u00fcsselte Banking-Optionen f\u00fcr Ein- und Auszahlungen<\/td>\n<\/tr>\n<tr>\n<td>Aktivit\u00e4ts\u00fcberwachung<\/td>\n<td>Verfolgt Kontoaktivit\u00e4ten auf verd\u00e4chtiges Verhalten<\/td>\n<\/tr>\n<\/tbody>\n<\/table>\n<h3>Sicherheitsmerkmale<\/h3>\n<p>Unsere intelligenten Sicherheitsma\u00dfnahmen und Manekispin Casino sorgen daf\u00fcr, dass alle Nutzer so schnell wie m\u00f6glich eine L\u00f6sung f\u00fcr ihre Probleme erhalten. Wir bieten Spielern auf der ganzen Welt Unterst\u00fctzung. Wir l\u00f6sen nicht nur administrative, sondern auch technische Probleme, die w\u00e4hrend des Spiels auftreten k\u00f6nnen. Au\u00dferdem f\u00fchren wir stets mehrere \u00dcberpr\u00fcfungen durch und \u00fcberwachen die Transaktionsaktivit\u00e4ten, um unbefugten Zugriff zu verhindern.<\/p>\n<h2>H\u00e4ufig gestellte Fragen<\/h2>\n<h3>Wie schlie\u00dfe ich den Kontobest\u00e4tigungsprozess ab?<\/h3>\n<p>Um Ihre Identit\u00e4t bei Maneki Spin Casino vollst\u00e4ndig zu verifizieren, m\u00fcssen Sie echte Dokumente vorlegen. All dies k\u00f6nnen Sie \u00fcber Ihr Dashboard erledigen. Falls zus\u00e4tzliche Informationen erforderlich sind, werden wir uns mit Ihnen in Verbindung setzen. Lassen Sie sich so schnell wie m\u00f6glich verifizieren, damit Sie Ihre Auszahlungen ohne Probleme abwickeln k\u00f6nnen. Au\u00dferdem erreichen Sie so ein h\u00f6heres Ma\u00df an Sicherheit.<\/p>\n<h3>Wie aktualisiere ich das Passwort oder die E-Mail-Adresse?<\/h3>\n<p>Verwalten Sie Ihr Konto \u00fcber das Dashboard. Klicken Sie auf die Schaltfl\u00e4che, um bei Bedarf Ihr Passwort oder Ihre E-Mail-Adresse zu \u00e4ndern. Geben Sie die neuen (aktualisierten) Informationen ein und klicken Sie zur Best\u00e4tigung. Um die Sicherheit zu erh\u00f6hen, k\u00f6nnen Sie nach den vorgenommenen Aktualisierungen Ihre Identit\u00e4t best\u00e4tigen. Vermeiden Sie es, dies wiederholt zu tun.<\/p>\n<h3>Was soll ich tun, wenn mein Maneki Spin Konto gesperrt ist?<\/h3>\n<p>Wiederholte fehlgeschlagene Versuche, sich bei Manekispin anzumelden, oder wiederholtes Ein- und Ausloggen an einem Tag k\u00f6nnen dazu f\u00fchren, dass wir Sie verd\u00e4chtigen und Ihr Konto und Ihre Verm\u00f6genswerte vor\u00fcbergehend sperren. Aber keine Sorge, Sie k\u00f6nnen uns einfach eine E-Mail schreiben oder den Live Chat nutzen und uns die Situation erkl\u00e4ren. Wir werden alles \u00fcberpr\u00fcfen und Ihre Sperre aufheben, wenn alles in Ordnung ist. Bereiten Sie Screenshots vor, denn wenn Sie uns die richtigen Informationen geben, kann der Fall noch schneller gel\u00f6st werden.<\/p>\n<h3>Wie kann ich mein Konto schlie\u00dfen oder vor\u00fcbergehend sperren?<\/h3>\n<p>W\u00e4hlen Sie in Ihrem Dashboard die Option zum Sperren Ihres Kontos und geben Sie an, wie lange Sie abwesend sein werden. Eine dauerhafte Schlie\u00dfung ist ebenfalls m\u00f6glich \u2013 Sie m\u00fcssen nur den Anweisungen folgen, die Sie zur dauerhaften L\u00f6schung f\u00fchren. Wenden Sie sich an unseren mehrsprachigen Support \u2013 wir helfen Ihnen auch in solchen F\u00e4llen weiter. Unser Team garantiert die Einhaltung verantwortungsbewusster Spielrichtlinien.<\/p>\n<\/div><\/div><\/p>\n","protected":false},"excerpt":{"rendered":"<p>Manekispin Kontoanmeldung und Registrierung Manekispin Login bietet bequemen Zugang zu einem umfassenden Online-Gl\u00fccksspielsystem f\u00fcr alle, die Sicherheit und Unterhaltung suchen und Abwechslung in ihren Spielen w\u00fcnschen. Nach der Registrierung erh\u00e4lt der Nutzer Zugang zu einer gro\u00dfen Auswahl an Casinospielen. Jeder kann sein Konto bequem verwalten und an exklusiven Boni teilnehmen. Unsere Website ist modern gestaltet, [&hellip;]<\/p>\n","protected":false},"author":9,"featured_media":0,"parent":0,"menu_order":0,"comment_status":"closed","ping_status":"closed","template":"template-builder.php","meta":{"_acf_changed":false,"inline_featured_image":false,"footnotes":""},"class_list":["post-1456","page","type-page","status-publish","hentry"],"acf":[],"yoast_head":"<!-- This site is optimized with the Yoast SEO plugin v24.4 - https:\/\/yoast.com\/wordpress\/plugins\/seo\/ -->\n<title>Manekispin Login und Registrierung<\/title>\n<meta name=\"description\" content=\"Erstellen, verwalten und verifizieren Sie m\u00fchelos Ihr Manekispin Casino-Konto. Genie\u00dfen Sie eine schnelle Registrierung, einfache Kontowiederherstellung und sichere Schlie\u00dfung mit Manekispin Login, wodurch Ihr Konto rund um die Uhr gesch\u00fctzt ist.\" \/>\n<meta name=\"robots\" content=\"index, follow, max-snippet:-1, max-image-preview:large, max-video-preview:-1\" \/>\n<link rel=\"canonical\" href=\"https:\/\/themanekispin.com\/de\/anmeldung-und-registrierung\/\" \/>\n<meta property=\"og:locale\" content=\"de_DE\" \/>\n<meta property=\"og:type\" content=\"article\" \/>\n<meta property=\"og:title\" content=\"Manekispin Login und Registrierung\" \/>\n<meta property=\"og:description\" content=\"Erstellen, verwalten und verifizieren Sie m\u00fchelos Ihr Manekispin Casino-Konto. Genie\u00dfen Sie eine schnelle Registrierung, einfache Kontowiederherstellung und sichere Schlie\u00dfung mit Manekispin Login, wodurch Ihr Konto rund um die Uhr gesch\u00fctzt ist.\" \/>\n<meta property=\"og:url\" content=\"https:\/\/themanekispin.com\/de\/anmeldung-und-registrierung\/\" \/>\n<meta property=\"og:site_name\" content=\"manekispin\" \/>\n<meta property=\"article:modified_time\" content=\"2026-01-15T07:39:21+00:00\" \/>\n<meta name=\"twitter:card\" content=\"summary_large_image\" \/>\n<meta name=\"twitter:label1\" content=\"Gesch\u00e4tzte Lesezeit\" \/>\n\t<meta name=\"twitter:data1\" content=\"1\u00a0Minute\" \/>\n<script type=\"application\/ld+json\" class=\"yoast-schema-graph\">{\"@context\":\"https:\/\/schema.org\",\"@graph\":[{\"@type\":\"WebPage\",\"@id\":\"https:\/\/themanekispin.com\/de\/anmeldung-und-registrierung\/\",\"url\":\"https:\/\/themanekispin.com\/de\/anmeldung-und-registrierung\/\",\"name\":\"Manekispin Login und Registrierung\",\"isPartOf\":{\"@id\":\"https:\/\/themanekispin.com\/de\/#website\"},\"datePublished\":\"2026-01-14T14:27:30+00:00\",\"dateModified\":\"2026-01-15T07:39:21+00:00\",\"description\":\"Erstellen, verwalten und verifizieren Sie m\u00fchelos Ihr Manekispin Casino-Konto. Genie\u00dfen Sie eine schnelle Registrierung, einfache Kontowiederherstellung und sichere Schlie\u00dfung mit Manekispin Login, wodurch Ihr Konto rund um die Uhr gesch\u00fctzt ist.\",\"breadcrumb\":{\"@id\":\"https:\/\/themanekispin.com\/de\/anmeldung-und-registrierung\/#breadcrumb\"},\"inLanguage\":\"de\",\"potentialAction\":[{\"@type\":\"ReadAction\",\"target\":[\"https:\/\/themanekispin.com\/de\/anmeldung-und-registrierung\/\"]}]},{\"@type\":\"BreadcrumbList\",\"@id\":\"https:\/\/themanekispin.com\/de\/anmeldung-und-registrierung\/#breadcrumb\",\"itemListElement\":[{\"@type\":\"ListItem\",\"position\":1,\"name\":\"Manekispin\",\"item\":\"https:\/\/themanekispin.com\/de\/\"},{\"@type\":\"ListItem\",\"position\":2,\"name\":\"Anmeldung und Registrierung\"}]},{\"@type\":\"WebSite\",\"@id\":\"https:\/\/themanekispin.com\/de\/#website\",\"url\":\"https:\/\/themanekispin.com\/de\/\",\"name\":\"Manekispin\",\"description\":\"\",\"publisher\":{\"@id\":\"https:\/\/themanekispin.com\/de\/#organization\"},\"potentialAction\":[{\"@type\":\"SearchAction\",\"target\":{\"@type\":\"EntryPoint\",\"urlTemplate\":\"https:\/\/themanekispin.com\/de\/?s={search_term_string}\"},\"query-input\":{\"@type\":\"PropertyValueSpecification\",\"valueRequired\":true,\"valueName\":\"search_term_string\"}}],\"inLanguage\":\"de\"},{\"@type\":\"Organization\",\"@id\":\"https:\/\/themanekispin.com\/de\/#organization\",\"name\":\"Manekispin\",\"url\":\"https:\/\/themanekispin.com\/de\/\",\"logo\":{\"@type\":\"ImageObject\",\"inLanguage\":\"de\",\"@id\":\"https:\/\/themanekispin.com\/de\/#\/schema\/logo\/image\/\",\"url\":\"https:\/\/themanekispin.com\/wp-content\/uploads\/2026\/01\/logo.svg\",\"contentUrl\":\"https:\/\/themanekispin.com\/wp-content\/uploads\/2026\/01\/logo.svg\",\"width\":79,\"height\":24,\"caption\":\"Manekispin\"},\"image\":{\"@id\":\"https:\/\/themanekispin.com\/de\/#\/schema\/logo\/image\/\"}}]}<\/script>\n<!-- \/ Yoast SEO plugin. -->","yoast_head_json":{"title":"Manekispin Login und Registrierung","description":"Erstellen, verwalten und verifizieren Sie m\u00fchelos Ihr Manekispin Casino-Konto. Genie\u00dfen Sie eine schnelle Registrierung, einfache Kontowiederherstellung und sichere Schlie\u00dfung mit Manekispin Login, wodurch Ihr Konto rund um die Uhr gesch\u00fctzt ist.","robots":{"index":"index","follow":"follow","max-snippet":"max-snippet:-1","max-image-preview":"max-image-preview:large","max-video-preview":"max-video-preview:-1"},"canonical":"https:\/\/themanekispin.com\/de\/anmeldung-und-registrierung\/","og_locale":"de_DE","og_type":"article","og_title":"Manekispin Login und Registrierung","og_description":"Erstellen, verwalten und verifizieren Sie m\u00fchelos Ihr Manekispin Casino-Konto. Genie\u00dfen Sie eine schnelle Registrierung, einfache Kontowiederherstellung und sichere Schlie\u00dfung mit Manekispin Login, wodurch Ihr Konto rund um die Uhr gesch\u00fctzt ist.","og_url":"https:\/\/themanekispin.com\/de\/anmeldung-und-registrierung\/","og_site_name":"manekispin","article_modified_time":"2026-01-15T07:39:21+00:00","twitter_card":"summary_large_image","twitter_misc":{"Gesch\u00e4tzte Lesezeit":"1\u00a0Minute"},"schema":{"@context":"https:\/\/schema.org","@graph":[{"@type":"WebPage","@id":"https:\/\/themanekispin.com\/de\/anmeldung-und-registrierung\/","url":"https:\/\/themanekispin.com\/de\/anmeldung-und-registrierung\/","name":"Manekispin Login und Registrierung","isPartOf":{"@id":"https:\/\/themanekispin.com\/de\/#website"},"datePublished":"2026-01-14T14:27:30+00:00","dateModified":"2026-01-15T07:39:21+00:00","description":"Erstellen, verwalten und verifizieren Sie m\u00fchelos Ihr Manekispin Casino-Konto. Genie\u00dfen Sie eine schnelle Registrierung, einfache Kontowiederherstellung und sichere Schlie\u00dfung mit Manekispin Login, wodurch Ihr Konto rund um die Uhr gesch\u00fctzt ist.","breadcrumb":{"@id":"https:\/\/themanekispin.com\/de\/anmeldung-und-registrierung\/#breadcrumb"},"inLanguage":"de","potentialAction":[{"@type":"ReadAction","target":["https:\/\/themanekispin.com\/de\/anmeldung-und-registrierung\/"]}]},{"@type":"BreadcrumbList","@id":"https:\/\/themanekispin.com\/de\/anmeldung-und-registrierung\/#breadcrumb","itemListElement":[{"@type":"ListItem","position":1,"name":"Manekispin","item":"https:\/\/themanekispin.com\/de\/"},{"@type":"ListItem","position":2,"name":"Anmeldung und Registrierung"}]},{"@type":"WebSite","@id":"https:\/\/themanekispin.com\/de\/#website","url":"https:\/\/themanekispin.com\/de\/","name":"Manekispin","description":"","publisher":{"@id":"https:\/\/themanekispin.com\/de\/#organization"},"potentialAction":[{"@type":"SearchAction","target":{"@type":"EntryPoint","urlTemplate":"https:\/\/themanekispin.com\/de\/?s={search_term_string}"},"query-input":{"@type":"PropertyValueSpecification","valueRequired":true,"valueName":"search_term_string"}}],"inLanguage":"de"},{"@type":"Organization","@id":"https:\/\/themanekispin.com\/de\/#organization","name":"Manekispin","url":"https:\/\/themanekispin.com\/de\/","logo":{"@type":"ImageObject","inLanguage":"de","@id":"https:\/\/themanekispin.com\/de\/#\/schema\/logo\/image\/","url":"https:\/\/themanekispin.com\/wp-content\/uploads\/2026\/01\/logo.svg","contentUrl":"https:\/\/themanekispin.com\/wp-content\/uploads\/2026\/01\/logo.svg","width":79,"height":24,"caption":"Manekispin"},"image":{"@id":"https:\/\/themanekispin.com\/de\/#\/schema\/logo\/image\/"}}]}},"_links":{"self":[{"href":"https:\/\/themanekispin.com\/de\/wp-json\/wp\/v2\/pages\/1456"}],"collection":[{"href":"https:\/\/themanekispin.com\/de\/wp-json\/wp\/v2\/pages"}],"about":[{"href":"https:\/\/themanekispin.com\/de\/wp-json\/wp\/v2\/types\/page"}],"author":[{"embeddable":true,"href":"https:\/\/themanekispin.com\/de\/wp-json\/wp\/v2\/users\/9"}],"replies":[{"embeddable":true,"href":"https:\/\/themanekispin.com\/de\/wp-json\/wp\/v2\/comments?post=1456"}],"version-history":[{"count":1,"href":"https:\/\/themanekispin.com\/de\/wp-json\/wp\/v2\/pages\/1456\/revisions"}],"predecessor-version":[{"id":1603,"href":"https:\/\/themanekispin.com\/de\/wp-json\/wp\/v2\/pages\/1456\/revisions\/1603"}],"wp:attachment":[{"href":"https:\/\/themanekispin.com\/de\/wp-json\/wp\/v2\/media?parent=1456"}],"curies":[{"name":"wp","href":"https:\/\/api.w.org\/{rel}","templated":true}]}}