{"id":1415,"date":"2026-01-14T14:23:36","date_gmt":"2026-01-14T14:23:36","guid":{"rendered":"https:\/\/themanekispin.com\/app-2\/"},"modified":"2026-01-15T07:38:14","modified_gmt":"2026-01-15T07:38:14","slug":"app","status":"publish","type":"page","link":"https:\/\/themanekispin.com\/de\/app\/","title":{"rendered":"App"},"content":{"rendered":"<h1>Maneki Spin Mobile Plattform<\/h1>\n<p>Das innovative Manekispin Casino ist eine unterhaltsame und praktische Gaming-Plattform mit einer ausgereiften Manekispin App, die Spielern lebenslangen Zugang zu einer gro\u00dfen Auswahl an Online Slots, Tischspielen und Live-Dealern bietet. Die Anwendung ist intelligent und konzentriert sich auf Komfort, Sicherheit und leistungsstarkes Gaming. Wir haben sie gemeinsam mit einem professionellen mehrsprachigen Team f\u00fcr Ihr Mobilger\u00e4t oder Ihren Desktop entwickelt. Manekispin garantiert Spielern das beste Erlebnis durch hochwertige Funktionen und eine benutzerfreundliche Oberfl\u00e4che.<\/p>\n<div class=\"banner-wrap\" aria-label=\"Banner\"><img src=\"https:\/\/themanekispin.com\/wp-content\/uploads\/2026\/01\/Manekispin-banner-carousel-800\u0445400-6.webp\" class=\"w-100 d-none d-lg-block img-pc main-banner-img\" alt=\"Manekispin banner desktop\" fetchpriority=\"high\" decoding=\"async\"><img src=\"https:\/\/themanekispin.com\/wp-content\/uploads\/2026\/01\/Manekispin-mobile-banner.webp\" class=\"w-100 d-none d-md-block d-lg-none main-banner-img\" alt=\"Manekispin mobile banner\" fetchpriority=\"high\" decoding=\"async\"><img src=\"https:\/\/themanekispin.com\/wp-content\/uploads\/2026\/01\/Manekispin-mobile-banner.webp\" class=\"w-100 d-md-none\" alt=\"Manekispin mobile banner\" fetchpriority=\"high\" decoding=\"async\"><div class=\"banner-description\">\n<div class=\"banner-title\">Willkommensboni<\/div>\n<p class=\"banner-header-title\">1500 \u20ac<\/p>\n<div class=\"banner-header-AdditionalText\">+ 250 Freispiele<\/div>\n<button data-item=\"homepage_banner_link\" class=\"goto m-button m-gradient-border m-button--primary m-button--large banner-button btn-orange\">\n            <div class=\"m-button-content\">\n                <span>Jetzt anmelden<\/span>\n                <span><\/span>\n            <\/div>\n        <\/button>\n<\/div>\n<div class=\"WelcomePack\">\n<p><img loading=\"lazy\" decoding=\"async\" class=\"alignnone size-full wp-image-1329\" src=\"https:\/\/themanekispin.com\/wp-content\/uploads\/2026\/01\/welcome-crown.svg\" alt=\"crown\" width=\"25\" height=\"26\" \/><\/p>\n<div class=\"WelcomePack-Info\">W\u00f6chentlicher Cashback von bis zu 25 %<\/div>\n<p><img loading=\"lazy\" decoding=\"async\" class=\"alignnone size-full wp-image-1329\" src=\"https:\/\/themanekispin.com\/wp-content\/uploads\/2026\/01\/welcome-crown.svg\" alt=\"crown\" width=\"25\" height=\"26\" \/><\/p>\n<\/div>\n<\/div>\n<h2>Verwendung von Manekispin Casino auf Mobilger\u00e4ten<\/h2>\n<p>Die Manekispin App verbessert Ihr mobiles Spielerlebnis und verf\u00fcgt \u00fcber eine Vielzahl von Funktionen, die sie in Bezug auf Zugriff und Komfort besser machen als die PC-Version. Die App ist vollst\u00e4ndig f\u00fcr die Verwendung mit verschiedenen Ger\u00e4ten optimiert, was zu einer einfachen Navigation und schnellen Ladezeiten f\u00fchrt \u2013 und das ist der Schl\u00fcssel zu einer unterbrechungsfreien Spielsitzung. Wir haben alle Details ber\u00fccksichtigt, um eine benutzerfreundliche Oberfl\u00e4che zu schaffen. So k\u00f6nnen Sie ganz einfach Spiele ausw\u00e4hlen, Einzahlungen vornehmen und sogar Ihr Konto von Ihrer Handfl\u00e4che aus verwalten.<\/p>\n<p>Die App ist au\u00dferdem vielseitig einsetzbar, und alle unsere Manekispin Casino-Spieler k\u00f6nnen mobile Browser und spezielle Anwendungen nutzen, ohne ihren Spielfortschritt und ihre Spielinformationen zu verlieren. Diese Flexibilit\u00e4t sorgt f\u00fcr ein regelm\u00e4\u00dfiges und unterhaltsames Spielerlebnis, sei es auf einem Tablet oder Smartphone. Live-Chat-Support und sichere Verifizierungsprozesse sind weitere Funktionen, die zur weiteren Verbesserung der Benutzererfahrung beitragen, da wir sofortige Hilfe anbieten und Sicherheit beim Spielen gew\u00e4hrleisten.<\/p>\n<p><div class=\"scrollable-content-wrap my-5\"><div class=\"scrollable-content-inner\"><h2>Manekispin Android Mobile App<\/h2>\n<p>Die Manekispin App, die wir f\u00fcr Android entwickelt haben, ist eine PWA (Progressive Web Application). Sie ist einfach, aber leistungsstark in ihrer Funktionalit\u00e4t. Diese Manekispin App ist vollst\u00e4ndig browserbasiert und erfordert daher keine herk\u00f6mmlichen Downloads und Installationsdateien, was ihre Sicherheit und Benutzerfreundlichkeit erh\u00f6ht. Um die Manekispin Casino App zu nutzen, muss man lediglich unsere Maneki Spin Casino Seite besuchen und nach unten zum Button \u201eCasino App\u201d scrollen. Er ist leicht zu finden. Dieser Link generiert eine Verkn\u00fcpfung zum Startbildschirm, \u00fcber die man leicht darauf zugreifen kann.<\/p>\n<h3>PWA<\/h3>\n<p>Was genau ist eine PWA? Die Manekispin APK ist nicht erforderlich. Unsere neue progressive Webanwendung sorgt f\u00fcr eine sichere, reaktionsschnelle und ressourcenschonende Spielumgebung. Au\u00dferdem l\u00e4uft sie automatisch. Manekispin Casino Spieler k\u00f6nnen die neuesten Funktionen und Sicherheitsverbesserungen nutzen, ohne diese selbst aktualisieren zu m\u00fcssen. Das reduziert den Speicherplatzbedarf und erm\u00f6glicht in seltenen F\u00e4llen auch Offline-Spiele, was flexibel ist und Unterhaltung ohne Unterbrechungen bietet. Das \u00d6ffnen und Erleben einer besser integrierten PWA geht viel schneller.<\/p>\n<p><img loading=\"lazy\" decoding=\"async\" src=\"https:\/\/themanekispin.com\/wp-content\/uploads\/2026\/01\/Manekispin-Android-App.webp\" alt=\"Manekispin Android App\" width=\"1248\" height=\"536\" \/><\/p>\n<\/div><\/div><div style=\"clear: both\"><\/div><div class=\"d-flex justify-content-center\"><button data-item=\"decouvrez_link\" data-group=\"website_links\" class=\"goto fw-bold rounded-pill btn btn-orange\" aria-label=\"Laden Sie die Manekispin-App herunter\" >Laden Sie die Manekispin-App herunter<\/button><\/div><div class=\"scrollable-content-wrap my-5\"><div class=\"scrollable-content-inner\"><h2>Manekispin iOS Mobile App<\/h2>\n<p>Manekispin Casino ist f\u00fcr iOS-Nutzer in Browsern von Drittanbietern wie Safari verf\u00fcgbar. Unsere Integration ist mobilfreundlich und passt sich automatisch an kleinere Bildschirme an, sodass ein hochwertiges Spielerlebnis gew\u00e4hrleistet ist. Die Manekispin App l\u00e4sst sich ganz einfach auf iOS-Ger\u00e4ten installieren:<\/p>\n<ol>\n<li>Sie m\u00fcssen zum Ende der Manekispin Casino Hauptseite scrollen.<\/li>\n<li>Platzieren Sie das App-Symbol unten auf dem Startbildschirm.<\/li>\n<li>Klicken Sie auf die Schaltfl\u00e4che \u201eInstallieren\u201c und warten Sie, bis der Ladevorgang abgeschlossen ist.<\/li>\n<li>Viel Spa\u00df mit der App!<\/li>\n<\/ol>\n<p>Da die App nicht im App Store verf\u00fcgbar sein wird, kann nur \u00fcber die Manekispin Casino Website darauf zugegriffen werden. Aber sie ist dennoch sicher. Die Manekispin App unterst\u00fctzt alles. Die Desktop-Version bietet eine Auswahl an Spielen, Kontoverwaltung und Live-Chat-Support und sorgt so f\u00fcr ein zuverl\u00e4ssiges und sicheres Erlebnis auf allen Ger\u00e4ten.<\/p>\n<p><img loading=\"lazy\" decoding=\"async\" src=\"https:\/\/themanekispin.com\/wp-content\/uploads\/2026\/01\/Manekispin-iOS-App.webp\" alt=\"Manekispin iOS App\" width=\"1248\" height=\"536\" \/><\/p>\n<\/div><\/div><div style=\"clear: both\"><\/div><div class=\"d-flex justify-content-center\"><button data-item=\"decouvrez_link\" data-group=\"website_links\" class=\"goto fw-bold rounded-pill btn btn-orange\" aria-label=\"Manekispin herunterladen\" >Manekispin herunterladen<\/button><\/div><div class=\"scrollable-content-wrap my-5\"><div class=\"scrollable-content-inner\"><h2>Windows- und macOS-Anwendungen<\/h2>\n<p>Manekispin Casino bietet auch eine Desktop-Oberfl\u00e4che f\u00fcr Windows und macOS! Unsere Nutzer freuen sich, ihre Lieblings-Casinospiele auf gr\u00f6\u00dferen Bildschirmen spielen zu k\u00f6nnen. Der Zugriff ist mit jedem beliebigen Browser m\u00f6glich, darunter Chrome, Edge, Safari oder Firefox in den neuesten Versionen. Es gibt Verkn\u00fcpfungen, \u00fcber die Spieler einfach auf die Website zugreifen k\u00f6nnen und die au\u00dferdem die Zeit f\u00fcr den Anmeldevorgang verk\u00fcrzen. Wie erstellt man eine Verkn\u00fcpfung?<\/p>\n<table>\n<tbody>\n<tr>\n<td>Plattform<\/td>\n<td>So erstellen Sie eine Verkn\u00fcpfung<\/td>\n<td>Anmerkungen<\/td>\n<\/tr>\n<tr>\n<td>Fenster<\/td>\n<td>\u00d6ffnen Sie einen Browser, besuchen Sie die Manekispin-Website, w\u00e4hlen Sie die Men\u00fcoptionen und w\u00e4hlen Sie \u201eZum Desktop hinzuf\u00fcgen\u201c.<\/td>\n<td>Es ist keine zus\u00e4tzliche Software erforderlich; dies vereinfacht den Zugriff.<\/td>\n<\/tr>\n<tr>\n<td>macOS<\/td>\n<td>Verwenden Sie Safari oder Chrome, navigieren Sie zur Website und w\u00e4hlen Sie dann \u201eDatei\u201c &gt; \u201eZum Dock hinzuf\u00fcgen\u201c.<\/td>\n<td>Keine komplexe Einrichtung erforderlich; alle Desktop-Funktionen bleiben erhalten.<\/td>\n<\/tr>\n<\/tbody>\n<\/table>\n<p>Alle Funktionen, wie beispielsweise der Verifizierungsprozess und Sicherheits\u00fcberpr\u00fcfungen, sind f\u00fcr Auszahlungen erforderlich. Auf diese Weise gew\u00e4hrleisten wir Sicherheit und Compliance auf allen Ger\u00e4ten der Desktop-Plattform.<\/p>\n<p><img loading=\"lazy\" decoding=\"async\" src=\"https:\/\/themanekispin.com\/wp-content\/uploads\/2026\/01\/Manekispin-Desktop.webp\" alt=\"Manekispin Desktop\" width=\"1248\" height=\"536\" \/><\/p>\n<\/div><\/div><div style=\"clear: both\"><\/div><div class=\"d-flex justify-content-center\"><button data-item=\"decouvrez_link\" data-group=\"website_links\" class=\"goto fw-bold rounded-pill btn btn-orange\" aria-label=\"Laden Sie die Manekispin-App herunter\" >Laden Sie die Manekispin-App herunter<\/button><\/div><div class=\"scrollable-content-wrap my-5\"><div class=\"scrollable-content-inner\"><h2>H\u00e4ufig gestellte Fragen<\/h2>\n<h3>Ist die Erstellung eines Kontos erforderlich, um die Maneki Spin App zu nutzen?<\/h3>\n<p>Die Antwort lautet: Ja! Um das volle Spielerlebnis mit tollen Online Slots und Tischspielen genie\u00dfen zu k\u00f6nnen, ist es wichtig, Einzahlungen zu t\u00e4tigen und ein registriertes Konto zu verifizieren. Die Registrierung auf der Website ist nicht kompliziert. Unsere Spieler k\u00f6nnen innerhalb kurzer Zeit ihr Profil erstellen und mit dem Spielen beginnen.<\/p>\n<p>&nbsp;<\/p>\n<h3>Bietet die Maneki Spin Casino App Kundensupport?<\/h3>\n<p>Wir haben auf jeden Fall ein professionelles Team, das Ihnen gerne weiterhilft! Die Website verf\u00fcgt \u00fcber ein integriertes Live-Chat-Center, \u00fcber das Sie das Support Team in Echtzeit kontaktieren k\u00f6nnen. Dar\u00fcber hinaus bieten wir einen 24\/7-Support, um sicherzustellen, dass Mobile Casino Spieler bei technischen Problemen, Fragen zum Spielablauf oder Anfragen zur Kontoverwaltung umgehend Hilfe erhalten.<\/p>\n<h3>Wie kann ich die App \u201eManekispin Casino\u201c aktualisieren?<\/h3>\n<p>Bei der PWA-Version gibt es automatische Updates \u00fcber den Browser. Es ist kein manueller Eingriff erforderlich. Wenn etwas abst\u00fcrzt, empfehlen wir eine Neuinstallation. Ansonsten sind die Desktop-Verkn\u00fcpfungen bereits \u00fcber das Internet mit der aktuellen Version verbunden, sodass die Apps nicht manuell aktualisiert werden m\u00fcssen.<\/p>\n<\/div><\/div><\/p>\n","protected":false},"excerpt":{"rendered":"<p>Maneki Spin Mobile Plattform Das innovative Manekispin Casino ist eine unterhaltsame und praktische Gaming-Plattform mit einer ausgereiften Manekispin App, die Spielern lebenslangen Zugang zu einer gro\u00dfen Auswahl an Online Slots, Tischspielen und Live-Dealern bietet. Die Anwendung ist intelligent und konzentriert sich auf Komfort, Sicherheit und leistungsstarkes Gaming. Wir haben sie gemeinsam mit einem professionellen mehrsprachigen [&hellip;]<\/p>\n","protected":false},"author":9,"featured_media":0,"parent":0,"menu_order":0,"comment_status":"closed","ping_status":"closed","template":"template-builder.php","meta":{"_acf_changed":false,"inline_featured_image":false,"footnotes":""},"class_list":["post-1415","page","type-page","status-publish","hentry"],"acf":[],"yoast_head":"<!-- This site is optimized with the Yoast SEO plugin v24.4 - https:\/\/yoast.com\/wordpress\/plugins\/seo\/ -->\n<title>Manekispin App | iOS- und Android-Plattformen<\/title>\n<meta name=\"description\" content=\"Die Manekispin-App bietet reibungsloses Casino-Gaming auf Android, iOS, Windows und macOS mit synchronisierten Konten, regelm\u00e4\u00dfigen Updates und integriertem Kundensupport f\u00fcr ein stressfreies Erlebnis.\" \/>\n<meta name=\"robots\" content=\"index, follow, max-snippet:-1, max-image-preview:large, max-video-preview:-1\" \/>\n<link rel=\"canonical\" href=\"https:\/\/themanekispin.com\/de\/app\/\" \/>\n<meta property=\"og:locale\" content=\"de_DE\" \/>\n<meta property=\"og:type\" content=\"article\" \/>\n<meta property=\"og:title\" content=\"Manekispin App | iOS- und Android-Plattformen\" \/>\n<meta property=\"og:description\" content=\"Die Manekispin-App bietet reibungsloses Casino-Gaming auf Android, iOS, Windows und macOS mit synchronisierten Konten, regelm\u00e4\u00dfigen Updates und integriertem Kundensupport f\u00fcr ein stressfreies Erlebnis.\" \/>\n<meta property=\"og:url\" content=\"https:\/\/themanekispin.com\/de\/app\/\" \/>\n<meta property=\"og:site_name\" content=\"manekispin\" \/>\n<meta property=\"article:modified_time\" content=\"2026-01-15T07:38:14+00:00\" \/>\n<meta name=\"twitter:card\" content=\"summary_large_image\" \/>\n<meta name=\"twitter:label1\" content=\"Gesch\u00e4tzte Lesezeit\" \/>\n\t<meta name=\"twitter:data1\" content=\"2\u00a0Minuten\" \/>\n<script type=\"application\/ld+json\" class=\"yoast-schema-graph\">{\"@context\":\"https:\/\/schema.org\",\"@graph\":[{\"@type\":\"WebPage\",\"@id\":\"https:\/\/themanekispin.com\/de\/app\/\",\"url\":\"https:\/\/themanekispin.com\/de\/app\/\",\"name\":\"Manekispin App | iOS- und Android-Plattformen\",\"isPartOf\":{\"@id\":\"https:\/\/themanekispin.com\/de\/#website\"},\"datePublished\":\"2026-01-14T14:23:36+00:00\",\"dateModified\":\"2026-01-15T07:38:14+00:00\",\"description\":\"Die Manekispin-App bietet reibungsloses Casino-Gaming auf Android, iOS, Windows und macOS mit synchronisierten Konten, regelm\u00e4\u00dfigen Updates und integriertem Kundensupport f\u00fcr ein stressfreies Erlebnis.\",\"breadcrumb\":{\"@id\":\"https:\/\/themanekispin.com\/de\/app\/#breadcrumb\"},\"inLanguage\":\"de\",\"potentialAction\":[{\"@type\":\"ReadAction\",\"target\":[\"https:\/\/themanekispin.com\/de\/app\/\"]}]},{\"@type\":\"BreadcrumbList\",\"@id\":\"https:\/\/themanekispin.com\/de\/app\/#breadcrumb\",\"itemListElement\":[{\"@type\":\"ListItem\",\"position\":1,\"name\":\"Manekispin\",\"item\":\"https:\/\/themanekispin.com\/de\/\"},{\"@type\":\"ListItem\",\"position\":2,\"name\":\"App\"}]},{\"@type\":\"WebSite\",\"@id\":\"https:\/\/themanekispin.com\/de\/#website\",\"url\":\"https:\/\/themanekispin.com\/de\/\",\"name\":\"Manekispin\",\"description\":\"\",\"publisher\":{\"@id\":\"https:\/\/themanekispin.com\/de\/#organization\"},\"potentialAction\":[{\"@type\":\"SearchAction\",\"target\":{\"@type\":\"EntryPoint\",\"urlTemplate\":\"https:\/\/themanekispin.com\/de\/?s={search_term_string}\"},\"query-input\":{\"@type\":\"PropertyValueSpecification\",\"valueRequired\":true,\"valueName\":\"search_term_string\"}}],\"inLanguage\":\"de\"},{\"@type\":\"Organization\",\"@id\":\"https:\/\/themanekispin.com\/de\/#organization\",\"name\":\"Manekispin\",\"url\":\"https:\/\/themanekispin.com\/de\/\",\"logo\":{\"@type\":\"ImageObject\",\"inLanguage\":\"de\",\"@id\":\"https:\/\/themanekispin.com\/de\/#\/schema\/logo\/image\/\",\"url\":\"https:\/\/themanekispin.com\/wp-content\/uploads\/2026\/01\/logo.svg\",\"contentUrl\":\"https:\/\/themanekispin.com\/wp-content\/uploads\/2026\/01\/logo.svg\",\"width\":79,\"height\":24,\"caption\":\"Manekispin\"},\"image\":{\"@id\":\"https:\/\/themanekispin.com\/de\/#\/schema\/logo\/image\/\"}}]}<\/script>\n<!-- \/ Yoast SEO plugin. -->","yoast_head_json":{"title":"Manekispin App | iOS- und Android-Plattformen","description":"Die Manekispin-App bietet reibungsloses Casino-Gaming auf Android, iOS, Windows und macOS mit synchronisierten Konten, regelm\u00e4\u00dfigen Updates und integriertem Kundensupport f\u00fcr ein stressfreies Erlebnis.","robots":{"index":"index","follow":"follow","max-snippet":"max-snippet:-1","max-image-preview":"max-image-preview:large","max-video-preview":"max-video-preview:-1"},"canonical":"https:\/\/themanekispin.com\/de\/app\/","og_locale":"de_DE","og_type":"article","og_title":"Manekispin App | iOS- und Android-Plattformen","og_description":"Die Manekispin-App bietet reibungsloses Casino-Gaming auf Android, iOS, Windows und macOS mit synchronisierten Konten, regelm\u00e4\u00dfigen Updates und integriertem Kundensupport f\u00fcr ein stressfreies Erlebnis.","og_url":"https:\/\/themanekispin.com\/de\/app\/","og_site_name":"manekispin","article_modified_time":"2026-01-15T07:38:14+00:00","twitter_card":"summary_large_image","twitter_misc":{"Gesch\u00e4tzte Lesezeit":"2\u00a0Minuten"},"schema":{"@context":"https:\/\/schema.org","@graph":[{"@type":"WebPage","@id":"https:\/\/themanekispin.com\/de\/app\/","url":"https:\/\/themanekispin.com\/de\/app\/","name":"Manekispin App | iOS- und Android-Plattformen","isPartOf":{"@id":"https:\/\/themanekispin.com\/de\/#website"},"datePublished":"2026-01-14T14:23:36+00:00","dateModified":"2026-01-15T07:38:14+00:00","description":"Die Manekispin-App bietet reibungsloses Casino-Gaming auf Android, iOS, Windows und macOS mit synchronisierten Konten, regelm\u00e4\u00dfigen Updates und integriertem Kundensupport f\u00fcr ein stressfreies Erlebnis.","breadcrumb":{"@id":"https:\/\/themanekispin.com\/de\/app\/#breadcrumb"},"inLanguage":"de","potentialAction":[{"@type":"ReadAction","target":["https:\/\/themanekispin.com\/de\/app\/"]}]},{"@type":"BreadcrumbList","@id":"https:\/\/themanekispin.com\/de\/app\/#breadcrumb","itemListElement":[{"@type":"ListItem","position":1,"name":"Manekispin","item":"https:\/\/themanekispin.com\/de\/"},{"@type":"ListItem","position":2,"name":"App"}]},{"@type":"WebSite","@id":"https:\/\/themanekispin.com\/de\/#website","url":"https:\/\/themanekispin.com\/de\/","name":"Manekispin","description":"","publisher":{"@id":"https:\/\/themanekispin.com\/de\/#organization"},"potentialAction":[{"@type":"SearchAction","target":{"@type":"EntryPoint","urlTemplate":"https:\/\/themanekispin.com\/de\/?s={search_term_string}"},"query-input":{"@type":"PropertyValueSpecification","valueRequired":true,"valueName":"search_term_string"}}],"inLanguage":"de"},{"@type":"Organization","@id":"https:\/\/themanekispin.com\/de\/#organization","name":"Manekispin","url":"https:\/\/themanekispin.com\/de\/","logo":{"@type":"ImageObject","inLanguage":"de","@id":"https:\/\/themanekispin.com\/de\/#\/schema\/logo\/image\/","url":"https:\/\/themanekispin.com\/wp-content\/uploads\/2026\/01\/logo.svg","contentUrl":"https:\/\/themanekispin.com\/wp-content\/uploads\/2026\/01\/logo.svg","width":79,"height":24,"caption":"Manekispin"},"image":{"@id":"https:\/\/themanekispin.com\/de\/#\/schema\/logo\/image\/"}}]}},"_links":{"self":[{"href":"https:\/\/themanekispin.com\/de\/wp-json\/wp\/v2\/pages\/1415"}],"collection":[{"href":"https:\/\/themanekispin.com\/de\/wp-json\/wp\/v2\/pages"}],"about":[{"href":"https:\/\/themanekispin.com\/de\/wp-json\/wp\/v2\/types\/page"}],"author":[{"embeddable":true,"href":"https:\/\/themanekispin.com\/de\/wp-json\/wp\/v2\/users\/9"}],"replies":[{"embeddable":true,"href":"https:\/\/themanekispin.com\/de\/wp-json\/wp\/v2\/comments?post=1415"}],"version-history":[{"count":2,"href":"https:\/\/themanekispin.com\/de\/wp-json\/wp\/v2\/pages\/1415\/revisions"}],"predecessor-version":[{"id":1602,"href":"https:\/\/themanekispin.com\/de\/wp-json\/wp\/v2\/pages\/1415\/revisions\/1602"}],"wp:attachment":[{"href":"https:\/\/themanekispin.com\/de\/wp-json\/wp\/v2\/media?parent=1415"}],"curies":[{"name":"wp","href":"https:\/\/api.w.org\/{rel}","templated":true}]}}